{"id":343399,"date":"2023-06-27T21:07:08","date_gmt":"2023-06-27T20:07:08","guid":{"rendered":"https:\/\/www.moskito.cz\/produkt\/spyderco-para-3-paramilitaire-3-c223gpcmobk-couteau-pliant\/"},"modified":"2025-05-07T11:16:33","modified_gmt":"2025-05-07T10:16:33","slug":"spyderco-para-3-paramilitaire-3-c223gpcmobk-couteau-pliant","status":"publish","type":"product","link":"https:\/\/www.moskito.cz\/fr\/produkt\/spyderco-para-3-paramilitaire-3-c223gpcmobk-couteau-pliant\/","title":{"rendered":"Spyderco Para 3 (Paramilitaire 3) C223GPCMOBK Couteau pliant"},"content":{"rendered":"<p><strong>Spyderco<\/strong> Para 3 (Paramilitaire 3) C223GPCMOBK Couteau pliant<\/p>\n<p>L&rsquo;un des produits les plus attendus de l&rsquo;histoire de Spyderco, le Para 3 est la derni\u00e8re g\u00e9n\u00e9ration de leur tr\u00e8s populaire famille de couteaux pliants paramilitaires. Son histoire remonte \u00e0 la premi\u00e8re g\u00e9n\u00e9ration du mod\u00e8le Paramilitaire, introduit en 2004, et plus loin encore \u00e0 l&rsquo;inspiration de ce couteau : le mod\u00e8le militaire embl\u00e9matique.<\/p>\n<p>L&rsquo;intention initiale de la conception du Paramilitaire \u00e9tait de fournir la m\u00eame fiabilit\u00e9 \u00e9prouv\u00e9e et les m\u00eames performances de coupe que l&rsquo;arm\u00e9e, mais dans un bo\u00eetier plus compact et facilement portable. La conception pr\u00e9sentait \u00e9galement le verrou \u00e0 compression brevet\u00e9 de Spyderco \u2013 un m\u00e9canisme de verrouillage \u00e0 haute r\u00e9sistance situ\u00e9 \u00e0 l&rsquo;arri\u00e8re de la poign\u00e9e qui offrait un certain nombre d&rsquo;avantages significatifs par rapport au verrou de ligne militaire.<\/p>\n<p>Conform\u00e9ment \u00e0 l&rsquo;engagement profond de Spyderco en faveur de l&rsquo;am\u00e9lioration continue de la qualit\u00e9 (CQI), le paramilitaire a \u00e9t\u00e9 repens\u00e9 en 2010 pour fournir le paramilitaire 2. Cette conception de deuxi\u00e8me g\u00e9n\u00e9ration comprenait un cran de verrouillage am\u00e9lior\u00e9, une ergonomie am\u00e9lior\u00e9e, une poign\u00e9e encastr\u00e9e et des vis pivotantes, ainsi qu&rsquo;un clip \u00e0 quatre positions pour prendre en charge toutes les configurations de transport possibles. Ces am\u00e9liorations ont rapidement fait du \u00ab Para 2 \u00bb l&rsquo;un des mod\u00e8les les plus populaires et recherch\u00e9s de Spyderco et, pour de nombreux utilisateurs finaux, le couteau pliant \u00ab parfait \u00bb. Bien que nettement plus petit que le mod\u00e8le militaire qui l\u2019a inspir\u00e9, pour certains clients, il \u00e9tait encore plus grand que ce qu\u2019ils pouvaient transporter confortablement ou l\u00e9galement. Sur la base de ces commentaires, Spyderco est retourn\u00e9 \u00e0 la planche \u00e0 dessin pour distiller toutes les fonctionnalit\u00e9s, avantages et performances du Paramilitary 2 dans un ensemble \u00ab sous-compact \u00bb construit autour d&rsquo;une lame de trois pouces. Le r\u00e9sultat est le paragraphe 3.<\/p>\n<p>Bien que clairement bas\u00e9 sur le Paramilitary 2, le Para 3 n&rsquo;a pas \u00e9t\u00e9 nomm\u00e9 \u00ab Paramilitary 3 \u00bb car sa plus petite taille le qualifie comme un mod\u00e8le de couteau diff\u00e9rent. De m\u00eame, le \u00ab&nbsp;3&nbsp;\u00bb dans son nom refl\u00e8te en fait la longueur de sa lame de trois pouces, plut\u00f4t que de l&rsquo;identifier comme une conception paramilitaire de troisi\u00e8me g\u00e9n\u00e9ration. Bien que son pedigree soit indubitable, le Para 3 (et son mod\u00e8le et son num\u00e9ro SKU) a sa propre \u00ab identit\u00e9 \u00bb distincte en tant que produit Spyderco.<\/p>\n<p>En cons\u00e9quence, le Para 3 conserve fid\u00e8lement toutes les caract\u00e9ristiques d\u00e9terminantes du Paramilitary 2 le plus vendu, mais dans un bo\u00eetier plus petit et encore plus agile. Sa lame de trois pouces est fabriqu\u00e9e avec pr\u00e9cision en acier inoxydable CPM-S45VN de premi\u00e8re qualit\u00e9 et pr\u00e9sente un sol enti\u00e8rement plat pour une g\u00e9om\u00e9trie de lame sup\u00e9rieure et des performances de coupe \u00e0 faible friction. Son ouverture ronde surdimensionn\u00e9e annonce fi\u00e8rement le pedigree du couteau et est facilement accessible des deux c\u00f4t\u00e9s, permettant une ouverture rapide, d&rsquo;une seule main et ambidextre.<\/p>\n<p>La poign\u00e9e l\u00e9g\u00e8re et ouverte \u00e0 l&rsquo;arri\u00e8re est construite sur un cadre compos\u00e9 d&rsquo;incrustations solides en acier inoxydable serties dans des \u00e9cailles G10 textur\u00e9es. Ce style de conception raffin\u00e9 maximise la r\u00e9sistance structurelle et l&rsquo;ergonomie, tout en gardant la poign\u00e9e fine et conviviale. C&rsquo;est \u00e9galement la base du m\u00e9canisme brevet\u00e9 Compression Lock du couteau, qui offre une force de verrouillage exceptionnelle, tout en permettant une fermeture facile d&rsquo;une seule main sans avoir \u00e0 mettre les doigts sur le chemin de la lame. Un \u00e9l\u00e9gant fermoir en forme de sablier \u00e0 quatre positions et un trou pour lani\u00e8re de taille g\u00e9n\u00e9reuse compl\u00e8tent le design, offrant un choix d&rsquo;options rabattables ou rabattables sur le c\u00f4t\u00e9 gauche ou droit pour une fixation facile de la lani\u00e8re ou du pendentif.<\/p>\n<p>Le Para 3 est un couteau pliant remarquablement raffin\u00e9 avec une histoire distingu\u00e9e. C&rsquo;est \u00e9galement un brillant exemple de notre qu\u00eate incessante de l&rsquo;excellence et de notre profond engagement \u00e0 r\u00e9pondre aux besoins de nos clients.<\/p>\n<p>Caract\u00e9ristiques<br \/>\nLongueur de la lame : 7,5 cm<br \/>\nLongueur ferm\u00e9 : 10,67 cm<br \/>\nLongueur totale : 18,17 cm<br \/>\nMat\u00e9riau de la lame : acier inoxydable CPM-S45VN<br \/>\nStyle de lame&nbsp;:&nbsp;pointe de clip<br \/>\nMeulage de la lame&nbsp;: Enti\u00e8rement plat<br \/>\nFinition de la lame&nbsp;: DLC noir<br \/>\nBord de la lame&nbsp;:&nbsp;Lisse<br \/>\nMat\u00e9riau du manche : G10<br \/>\nCouleur de la poign\u00e9e&nbsp;: camouflage num\u00e9rique<br \/>\nM\u00e9canisme de verrouillage&nbsp;: compression<br \/>\nClip de poche&nbsp;: replier vers le haut\/vers le bas, porter \u00e0 gauche\/\u00e0 droite<br \/>\nNum\u00e9ro de mod\u00e8le&nbsp;: C223GPCMOBK<br \/>\nNom du mod\u00e8le : Para 3<br \/>\nPoids : 3,4 onces.<br \/>\nFabriqu\u00e9 aux \u00c9tats-Unis<\/p>\n","protected":false},"excerpt":{"rendered":"<p><strong>L&rsquo;un des produits les plus attendus de l&rsquo;histoire de Spyderco, le Para 3 est la derni\u00e8re g\u00e9n\u00e9ration de leur tr\u00e8s populaire famille de couteaux pliants paramilitaires.<\/strong><\/p>\n","protected":false},"featured_media":343400,"comment_status":"open","ping_status":"closed","template":"","meta":[],"pwb-brand":[3778],"product_brand":[],"product_cat":[3700,3696],"product_tag":[3754],"class_list":{"0":"post-343399","1":"product","2":"type-product","3":"status-publish","4":"has-post-thumbnail","6":"pwb-brand-spyderco-fr","7":"product_cat-couteaux-de-fermeture","8":"product_cat-des-couteaux","9":"product_tag-b2b-fr","11":"first","12":"instock","13":"taxable","14":"shipping-taxable","15":"purchasable","16":"product-type-simple"},"brands":[{"id":3778,"name":"Spyderco","slug":"spyderco-fr"}],"_links":{"self":[{"href":"https:\/\/www.moskito.cz\/fr\/wp-json\/wp\/v2\/product\/343399","targetHints":{"allow":["GET"]}}],"collection":[{"href":"https:\/\/www.moskito.cz\/fr\/wp-json\/wp\/v2\/product"}],"about":[{"href":"https:\/\/www.moskito.cz\/fr\/wp-json\/wp\/v2\/types\/product"}],"replies":[{"embeddable":true,"href":"https:\/\/www.moskito.cz\/fr\/wp-json\/wp\/v2\/comments?post=343399"}],"wp:featuredmedia":[{"embeddable":true,"href":"https:\/\/www.moskito.cz\/fr\/wp-json\/wp\/v2\/media\/343400"}],"wp:attachment":[{"href":"https:\/\/www.moskito.cz\/fr\/wp-json\/wp\/v2\/media?parent=343399"}],"wp:term":[{"taxonomy":"pwb-brand","embeddable":true,"href":"https:\/\/www.moskito.cz\/fr\/wp-json\/wp\/v2\/pwb-brand?post=343399"},{"taxonomy":"product_brand","embeddable":true,"href":"https:\/\/www.moskito.cz\/fr\/wp-json\/wp\/v2\/product_brand?post=343399"},{"taxonomy":"product_cat","embeddable":true,"href":"https:\/\/www.moskito.cz\/fr\/wp-json\/wp\/v2\/product_cat?post=343399"},{"taxonomy":"product_tag","embeddable":true,"href":"https:\/\/www.moskito.cz\/fr\/wp-json\/wp\/v2\/product_tag?post=343399"}],"curies":[{"name":"wp","href":"https:\/\/api.w.org\/{rel}","templated":true}]}}