{"id":343418,"date":"2022-10-23T11:13:53","date_gmt":"2024-06-04T12:05:46","guid":{"rendered":"https:\/\/www.moskito.cz\/produkt\/couteaux-heretiques-personnalises-roc-otf-auto-baker-forge-tiger-gomai-damas-hawkbill-blade-couteau-de-tir\/"},"modified":"2025-05-07T11:16:34","modified_gmt":"2025-05-07T10:16:34","slug":"couteaux-heretiques-personnalises-roc-otf-auto-baker-forge-tiger-gomai-damas-hawkbill-blade-couteau-de-tir","status":"publish","type":"product","link":"https:\/\/www.moskito.cz\/fr\/produkt\/couteaux-heretiques-personnalises-roc-otf-auto-baker-forge-tiger-gomai-damas-hawkbill-blade-couteau-de-tir\/","title":{"rendered":"Couteaux h\u00e9r\u00e9tiques personnalis\u00e9s Roc OTF AUTO Baker Forge Tiger GoMai Damas Hawkbill Blade Couteau de tir"},"content":{"rendered":"<p><strong>Couteaux h\u00e9r\u00e9tiques<\/strong> Custom Roc OTF AUTO Baker Forge Tiger GoMai Damascus Hawkbill Blade Couteau de tir.<\/p>\n<p>Le Roc de <strong>Heretic Knives<\/strong> s\u2019inscrit parfaitement dans la gamme Heretic. Le Roc a la taille parfaite pour la plupart d\u2019entre nous, \u00e0 \u00e9galit\u00e9 avec le c\u00e9l\u00e8bre Microtech Ultratech. Ce couteau est fabriqu\u00e9 et assembl\u00e9 \u00e0 100 % aux \u00c9tats-Unis et b\u00e9n\u00e9ficie d&rsquo;une garantie \u00e0 vie, vous pouvez donc \u00eatre s\u00fbr que cet OTF durera. Il pr\u00e9sente l&rsquo;ajustement et la traction soyeux et lisses d&rsquo;une seule main qui sont standard dans la gamme Heretic OTF. Ce mod\u00e8le pr\u00e9sente une lame l\u00e9g\u00e8rement plus longue que trois pouces, un trou pour lani\u00e8re int\u00e9gr\u00e9, un clip de transport profond et une esth\u00e9tique vraiment haut de gamme. Son profil mince et sa l\u00e9g\u00e8ret\u00e9 le rendent facile \u00e0 transporter et pr\u00eat \u00e0 tout moment. L&rsquo;action est addictive, l&rsquo;ergonomie est au rendez-vous et la qualit\u00e9 de fabrication est de premier ordre. Vous ne serez pas d\u00e9\u00e7u.<\/p>\n<p>Il s&rsquo;agit d&rsquo;un mod\u00e8le personnalis\u00e9 que nous avons acquis au salon USN GXIII 2022 et de l&rsquo;un des faucons OTF de la plus haute qualit\u00e9 et des plus beaux que nous ayons jamais poss\u00e9d\u00e9s. Si cela est une indication de ce qui va venir de Heretic Knives, alors nous sommes vraiment enthousiasm\u00e9s par l\u2019avenir.<\/p>\n<p>Caract\u00e9ristiques<br \/>\nLongueur de la lame : 8 cm<br \/>\nTranchant : 7,5 cm<br \/>\nLongueur ferm\u00e9 : 11,75 cm<br \/>\nLongueur totale : 19,37 cm<br \/>\nMat\u00e9riau de la lame : Baker Forge Tiger GoMai Damas<br \/>\n\u00c9paisseur de la lame : 0,35 cm<br \/>\nStyle de lame&nbsp;: Hawkbill<br \/>\nMeulage de la lame&nbsp;:&nbsp;Plat<br \/>\nFinition de la surface de la lame&nbsp;: gravure \u00e0 l&rsquo;acide de cuivre<br \/>\nMat\u00e9riau du manche : aluminium noir avec inserts en laiton et cuivre en peau de serpent FatCarbon<br \/>\n\u00c9paisseur du manche : 1,125 cm<br \/>\nM\u00e9canisme de verrouillage : coulissant<br \/>\nClip de poche&nbsp;: Titanium Deep Carry (pliable, transport \u00e0 droite)<br \/>\nPoids : 4,16 onces.<br \/>\nCr\u00e9ateur : Tony Marfione Jr.<br \/>\nFabriqu\u00e9 aux \u00c9tats-Unis<\/p>\n<p><iframe title=\"Microtech Combat Troodon Torture Test\" width=\"800\" height=\"450\" src=\"https:\/\/www.youtube.com\/embed\/xE9TeOFYEjg?feature=oembed\" frameborder=\"0\" allow=\"accelerometer; autoplay; clipboard-write; encrypted-media; gyroscope; picture-in-picture; web-share\" referrerpolicy=\"strict-origin-when-cross-origin\" allowfullscreen><\/iframe><\/p>\n<p>&nbsp;<\/p>\n","protected":false},"excerpt":{"rendered":"<p>Il s&rsquo;agit <strong>d&rsquo;un mod\u00e8le personnalis\u00e9<\/strong> que nous avons acquis lors du USN GXIII Show 2022.<\/p>\n","protected":false},"featured_media":343420,"comment_status":"open","ping_status":"closed","template":"","meta":[],"pwb-brand":[3758],"product_brand":[],"product_cat":[3699,3696],"product_tag":[3754],"class_list":{"0":"post-343418","1":"product","2":"type-product","3":"status-publish","4":"has-post-thumbnail","6":"pwb-brand-couteaux-heretiques","7":"product_cat-couteaux-de-tir","8":"product_cat-des-couteaux","9":"product_tag-b2b-fr","11":"first","12":"outofstock","13":"taxable","14":"shipping-taxable","15":"purchasable","16":"product-type-simple"},"brands":[{"id":3758,"name":"Couteaux h\u00e9r\u00e9tiques","slug":"couteaux-heretiques"}],"_links":{"self":[{"href":"https:\/\/www.moskito.cz\/fr\/wp-json\/wp\/v2\/product\/343418","targetHints":{"allow":["GET"]}}],"collection":[{"href":"https:\/\/www.moskito.cz\/fr\/wp-json\/wp\/v2\/product"}],"about":[{"href":"https:\/\/www.moskito.cz\/fr\/wp-json\/wp\/v2\/types\/product"}],"replies":[{"embeddable":true,"href":"https:\/\/www.moskito.cz\/fr\/wp-json\/wp\/v2\/comments?post=343418"}],"wp:featuredmedia":[{"embeddable":true,"href":"https:\/\/www.moskito.cz\/fr\/wp-json\/wp\/v2\/media\/343420"}],"wp:attachment":[{"href":"https:\/\/www.moskito.cz\/fr\/wp-json\/wp\/v2\/media?parent=343418"}],"wp:term":[{"taxonomy":"pwb-brand","embeddable":true,"href":"https:\/\/www.moskito.cz\/fr\/wp-json\/wp\/v2\/pwb-brand?post=343418"},{"taxonomy":"product_brand","embeddable":true,"href":"https:\/\/www.moskito.cz\/fr\/wp-json\/wp\/v2\/product_brand?post=343418"},{"taxonomy":"product_cat","embeddable":true,"href":"https:\/\/www.moskito.cz\/fr\/wp-json\/wp\/v2\/product_cat?post=343418"},{"taxonomy":"product_tag","embeddable":true,"href":"https:\/\/www.moskito.cz\/fr\/wp-json\/wp\/v2\/product_tag?post=343418"}],"curies":[{"name":"wp","href":"https:\/\/api.w.org\/{rel}","templated":true}]}}