{"id":343437,"date":"2020-02-29T21:09:37","date_gmt":"2024-06-04T14:25:33","guid":{"rendered":"https:\/\/www.moskito.cz\/produkt\/couteau-de-tir-microtech-utx-85-233-1-t\/"},"modified":"2025-07-11T07:50:58","modified_gmt":"2025-07-11T06:50:58","slug":"couteau-de-tir-microtech-utx-85-233-1-t","status":"publish","type":"product","link":"https:\/\/www.moskito.cz\/fr\/produkt\/couteau-de-tir-microtech-utx-85-233-1-t\/","title":{"rendered":"Couteau de tir Microtech UTX-85 233-1 T"},"content":{"rendered":"<p>Couteau de tir <strong>Microtech<\/strong> UTX-85 233-1 T.<\/p>\n<p>Ce fantastique couteau OTF \u00e0 double action a la taille parfaite et, comme son nom l&rsquo;indique, est un mod\u00e8le phare \u00e0 85 % Microtech &#8211; Ultratech. L&rsquo;UTX-85 nouvellement redessin\u00e9 comprend une nouvelle poign\u00e9e profil\u00e9e, un mat\u00e9riel triangulaire mis \u00e0 jour, un pouce coulissant redessin\u00e9 et le brise-verre est dot\u00e9 d&rsquo;un roulement \u00e0 billes enfonc\u00e9. Chaque couteau Microtech OTF poss\u00e8de des m\u00e9canismes internes extr\u00eamement sophistiqu\u00e9s qui am\u00e9liorent la fonctionnalit\u00e9 op\u00e9rationnelle globale et la fiabilit\u00e9, et sa capacit\u00e9 \u00e0 fonctionner d&rsquo;une seule main le rend plus pratique. Fabriqu\u00e9 aux \u00c9tats-Unis. Ce mod\u00e8le est dot\u00e9 d&rsquo;une poign\u00e9e anodis\u00e9e noire avec une quincaillerie enti\u00e8rement noire et une fonction brise-verre int\u00e9gr\u00e9e ainsi qu&rsquo;une lame noire de style tanto associ\u00e9e \u00e0 une finition satin\u00e9e.<\/p>\n<p>Fabriqu\u00e9 aux \u00c9tats-Unis.<\/p>\n<p><span class=\"tlid-translation translation\"><span class=\"\" title=\"\">Longueur totale : 18,75 cm<\/span><br \/>\n<span class=\"\" title=\"\">Longueur de la lame : 7,81 cm<\/span><br \/>\n<span class=\"\" title=\"\">Tranchant : 7,17 cm<\/span><\/span><\/p>\n<p><span class=\"tlid-translation translation\"><span class=\"\" title=\"\">\u00c9paisseur de la lame : 0,32 cm<\/span><br \/>\n<span class=\"\" title=\"\">Mat\u00e9riau de la lame : Bohler M390<\/span><br \/>\n<span title=\"\">Style de lame : Tanto<\/span><br \/>\n<span title=\"\">Insertions&nbsp;: plates<\/span><br \/>\n<span title=\"\">Type de bordure&nbsp;:&nbsp;Unie<\/span><br \/>\n<span title=\"\">Longueur du manche : 10,92 cm<\/span><br \/>\n<span class=\"\" title=\"\">\u00c9paisseur du manche : 1,17 cm<\/span><br \/>\n<span title=\"\">Mat\u00e9riau du manche : aluminium<\/span><br \/>\n<span title=\"\">Poids : 3,06 onces.<\/span><br \/>\n<span title=\"\">Utilisateur&nbsp;:&nbsp;Main droite<\/span><br \/>\n<span title=\"\">Clip de poche&nbsp;: rabattable<\/span><br \/>\n<span title=\"\">Type de couteau&nbsp;: OTF automatique \u00e0 double action<\/span><br \/>\n<span title=\"\">Ouvreur&nbsp;:&nbsp;glissi\u00e8re du pouce<\/span><br \/>\n<span title=\"\">Marque : Microtech<\/span><br \/>\n<span title=\"\">Mod\u00e8le&nbsp;: UTX-85<\/span><br \/>\n<span title=\"\">Num\u00e9ro de mod\u00e8le:<\/span> 233-1T<br \/>\n<span title=\"\">Pays d&rsquo;origine : \u00c9tats-Unis<\/span><br \/>\n<span title=\"\">Meilleure utilisation&nbsp;: Tactique<\/span><\/span><\/p>\n<p><iframe title=\"Microtech Combat Troodon Torture Test\" width=\"800\" height=\"450\" src=\"https:\/\/www.youtube.com\/embed\/xE9TeOFYEjg?feature=oembed\" frameborder=\"0\" allow=\"accelerometer; autoplay; clipboard-write; encrypted-media; gyroscope; picture-in-picture; web-share\" referrerpolicy=\"strict-origin-when-cross-origin\" allowfullscreen><\/iframe><\/p>\n<p>&nbsp;<\/p>\n<div class=\"std\">\n<p>&nbsp;<\/p>\n<\/div>\n","protected":false},"excerpt":{"rendered":"<p>En 2020 <strong>, Microtech\u00ae Knives<\/strong> est devenue une marque leader de couteaux qui \u00e9volue constamment et avance avec les derni\u00e8res technologies. Toutes les pi\u00e8ces sont fabriqu\u00e9es aux \u00c9tats-Unis.<br \/>\n<strong>Tous les couteaux Microtech sont garantis \u00e0 vie.<\/strong><\/p>\n","protected":false},"featured_media":227275,"comment_status":"open","ping_status":"closed","template":"","meta":[],"pwb-brand":[3751],"product_brand":[],"product_cat":[3699,3696],"product_tag":[3754],"class_list":{"0":"post-343437","1":"product","2":"type-product","3":"status-publish","4":"has-post-thumbnail","6":"pwb-brand-microtechnologie","7":"product_cat-couteaux-de-tir","8":"product_cat-des-couteaux","9":"product_tag-b2b-fr","11":"first","12":"outofstock","13":"taxable","14":"shipping-taxable","15":"purchasable","16":"product-type-simple"},"brands":[{"id":3751,"name":"Microtechnologie","slug":"microtechnologie"}],"_links":{"self":[{"href":"https:\/\/www.moskito.cz\/fr\/wp-json\/wp\/v2\/product\/343437","targetHints":{"allow":["GET"]}}],"collection":[{"href":"https:\/\/www.moskito.cz\/fr\/wp-json\/wp\/v2\/product"}],"about":[{"href":"https:\/\/www.moskito.cz\/fr\/wp-json\/wp\/v2\/types\/product"}],"replies":[{"embeddable":true,"href":"https:\/\/www.moskito.cz\/fr\/wp-json\/wp\/v2\/comments?post=343437"}],"wp:featuredmedia":[{"embeddable":true,"href":"https:\/\/www.moskito.cz\/fr\/wp-json\/wp\/v2\/media\/227275"}],"wp:attachment":[{"href":"https:\/\/www.moskito.cz\/fr\/wp-json\/wp\/v2\/media?parent=343437"}],"wp:term":[{"taxonomy":"pwb-brand","embeddable":true,"href":"https:\/\/www.moskito.cz\/fr\/wp-json\/wp\/v2\/pwb-brand?post=343437"},{"taxonomy":"product_brand","embeddable":true,"href":"https:\/\/www.moskito.cz\/fr\/wp-json\/wp\/v2\/product_brand?post=343437"},{"taxonomy":"product_cat","embeddable":true,"href":"https:\/\/www.moskito.cz\/fr\/wp-json\/wp\/v2\/product_cat?post=343437"},{"taxonomy":"product_tag","embeddable":true,"href":"https:\/\/www.moskito.cz\/fr\/wp-json\/wp\/v2\/product_tag?post=343437"}],"curies":[{"name":"wp","href":"https:\/\/api.w.org\/{rel}","templated":true}]}}