{"id":343541,"date":"2022-10-31T22:12:18","date_gmt":"2024-06-11T14:43:23","guid":{"rendered":"https:\/\/www.moskito.cz\/produkt\/couteau-de-fermeture-cold-steel-hold-out-6-lame-full-dentele-bord-blk-s35vn\/"},"modified":"2025-05-07T11:16:37","modified_gmt":"2025-05-07T10:16:37","slug":"couteau-de-fermeture-cold-steel-hold-out-6-lame-full-dentele-bord-blk-s35vn","status":"publish","type":"product","link":"https:\/\/www.moskito.cz\/fr\/produkt\/couteau-de-fermeture-cold-steel-hold-out-6-lame-full-dentele-bord-blk-s35vn\/","title":{"rendered":"Couteau de fermeture Cold Steel HOLD OUT 6&Prime; LAME FULL DENTEL\u00c9 BORD BLK S35VN"},"content":{"rendered":"<p>Couteau de fermeture <strong>Cold Steel<\/strong> HOLD OUT 6&Prime; LAME PLEINE BORD DENT\u00c9 BLK S35VN.<\/p>\n<p>COLD STEEL a relanc\u00e9 le couteau pliant Hold Out, d\u00e9j\u00e0 produit et tr\u00e8s populaire, dans des mod\u00e8les \u00e0 quatre lames. Par rapport \u00e0 la version originale, il a cependant utilis\u00e9 de l&rsquo;acier inoxydable S35VN en poudre beaucoup plus noble pour les couteaux. Cet acier am\u00e9ricain exceptionnel est non seulement tr\u00e8s rigide et durable, mais il peut \u00eatre utilis\u00e9 pour obtenir un excellent tranchant des couteaux et la lame a une longue dur\u00e9e de vie. L&rsquo;acier en poudre \u00e0 grains tr\u00e8s fins et \u00e0 microstructure uniforme offre des propri\u00e9t\u00e9s tr\u00e8s stables. Il est durable m\u00eame avec une facette de lame tr\u00e8s fine, fiable et hautement r\u00e9sistant \u00e0 la corrosion. C&rsquo;est un bon choix pour les couteaux et outils personnalis\u00e9s de haute qualit\u00e9. Le proc\u00e9d\u00e9 CPM (pseudo-m\u00e9tallurgie des poudres) garantit une structure en acier tr\u00e8s homog\u00e8ne et de haute qualit\u00e9, une stabilit\u00e9 dimensionnelle, une bonne meulabilit\u00e9 et une bonne r\u00e9sistance par rapport aux aciers produits par les m\u00e9thodes conventionnelles classiques. Malgr\u00e9 la faible teneur en chrome, cet acier montre de tr\u00e8s bons r\u00e9sultats dans le domaine de la r\u00e9sistance \u00e0 la corrosion. Le manche des couteaux Hold Out est en fibre de verre G-10. La surface du manche a une texture rugueuse et n&rsquo;est pas glissante m\u00eame avec les mains moites ou mouill\u00e9es. Cette gamme de couteaux est \u00e9galement \u00e9quip\u00e9e du brevet unique Cold Steel\u00ae Tri-Ad Lock\u2122. Le verrou emp\u00eache le couteau de se fermer automatiquement ou involontairement, m\u00eame apr\u00e8s une usure naturelle au fil du temps.<\/p>\n<p>PARAM\u00c8TRES DU PRODUIT<br \/>\nTaille hors tout : 335 mm<br \/>\nLongueur de la lame : 152 mm<br \/>\nAcier&nbsp;: acier S35VN<br \/>\nCouleur: noir\/argent<br \/>\nMat\u00e9riau du manche&nbsp;:&nbsp;Poign\u00e9e longue G-10<br \/>\nLongueur du manche : 183 mm<br \/>\nPoids : 198,5 g<br \/>\n\u00c9paisseur de la lame : 3,8 mm<br \/>\nType de serrure&nbsp;: Serrure Tri-Ad<\/p>\n","protected":false},"excerpt":{"rendered":"<p>Toute la gamme de couteaux pliants Hold Out est bas\u00e9e sur le design \u00e9cossais du couteau fixe Skean Dhu.<\/p>\n","protected":false},"featured_media":343542,"comment_status":"open","ping_status":"closed","template":"","meta":[],"pwb-brand":[3789],"product_brand":[],"product_cat":[3700,3696],"product_tag":[3754],"class_list":{"0":"post-343541","1":"product","2":"type-product","3":"status-publish","4":"has-post-thumbnail","6":"pwb-brand-acier-froid","7":"product_cat-couteaux-de-fermeture","8":"product_cat-des-couteaux","9":"product_tag-b2b-fr","11":"first","12":"instock","13":"taxable","14":"shipping-taxable","15":"purchasable","16":"product-type-simple"},"brands":[{"id":3789,"name":"Acier froid","slug":"acier-froid"}],"_links":{"self":[{"href":"https:\/\/www.moskito.cz\/fr\/wp-json\/wp\/v2\/product\/343541","targetHints":{"allow":["GET"]}}],"collection":[{"href":"https:\/\/www.moskito.cz\/fr\/wp-json\/wp\/v2\/product"}],"about":[{"href":"https:\/\/www.moskito.cz\/fr\/wp-json\/wp\/v2\/types\/product"}],"replies":[{"embeddable":true,"href":"https:\/\/www.moskito.cz\/fr\/wp-json\/wp\/v2\/comments?post=343541"}],"wp:featuredmedia":[{"embeddable":true,"href":"https:\/\/www.moskito.cz\/fr\/wp-json\/wp\/v2\/media\/343542"}],"wp:attachment":[{"href":"https:\/\/www.moskito.cz\/fr\/wp-json\/wp\/v2\/media?parent=343541"}],"wp:term":[{"taxonomy":"pwb-brand","embeddable":true,"href":"https:\/\/www.moskito.cz\/fr\/wp-json\/wp\/v2\/pwb-brand?post=343541"},{"taxonomy":"product_brand","embeddable":true,"href":"https:\/\/www.moskito.cz\/fr\/wp-json\/wp\/v2\/product_brand?post=343541"},{"taxonomy":"product_cat","embeddable":true,"href":"https:\/\/www.moskito.cz\/fr\/wp-json\/wp\/v2\/product_cat?post=343541"},{"taxonomy":"product_tag","embeddable":true,"href":"https:\/\/www.moskito.cz\/fr\/wp-json\/wp\/v2\/product_tag?post=343541"}],"curies":[{"name":"wp","href":"https:\/\/api.w.org\/{rel}","templated":true}]}}