{"id":343585,"date":"2022-11-01T17:59:02","date_gmt":"2022-11-01T16:59:02","guid":{"rendered":"https:\/\/www.moskito.cz\/?post_type=product&#038;p=343585"},"modified":"2025-05-07T11:16:40","modified_gmt":"2025-05-07T10:16:40","slug":"couteau-fixe-cold-steel-pendleton-mini-hunter","status":"publish","type":"product","link":"https:\/\/www.moskito.cz\/fr\/produkt\/couteau-fixe-cold-steel-pendleton-mini-hunter\/","title":{"rendered":"Couteau fixe Cold Steel Pendleton Mini Hunter"},"content":{"rendered":"<p>Couteau fixe <strong>Cold Steel<\/strong> Pendleton Mini Hunter.<\/p>\n<p>Le Pendleton Mini Hunter est un petit couteau de chasse dot\u00e9 d&rsquo;une lame lisse. COLD STEEL produit des Pendleton Hunters sur la base des couteaux du c\u00e9l\u00e8bre coutelier am\u00e9ricain Lloyd Pendleton, qui travaille en \u00e9troite collaboration avec l&rsquo;entreprise et participe au d\u00e9veloppement de couteaux de chasse produits en s\u00e9rie. La lame DropPoint est en acier japonais AUS 10A. Cet acier inoxydable martensitique poss\u00e8de de tr\u00e8s bonnes propri\u00e9t\u00e9s de r\u00e9sistance et est principalement utilis\u00e9 comme mat\u00e9riau pour les outils coupants. Par rapport \u00e0 l&rsquo;AUS 8A, il maintient mieux la lame et est plus r\u00e9sistant \u00e0 l&rsquo;abrasion. L&rsquo;acier a ensuite \u00e9t\u00e9 trait\u00e9 thermiquement pour obtenir un \u00e9quilibre parfait entre r\u00e9tention des bords et r\u00e9aff\u00fbtage facile. Le manche parfaitement form\u00e9 du couteau en mat\u00e9riau Kraton (Long Kray-Ex\u2122) offre une surface antid\u00e9rapante. Il tient parfaitement en main et permet un travail tr\u00e8s d\u00e9licat au couteau dans des environnements humides et boueux. L&#8217;emballage est un \u00e9tui Secure-Ex pour vous prot\u00e9ger, vous et la lame. Le Mini Hunter est un outil indispensable qui peut parfaitement compl\u00e9ter n&rsquo;importe quel kit de chasse ou kit de survie, tout en \u00e9tant suffisamment discret pour que vous puissiez le transporter sans vous soucier d&rsquo;attirer beaucoup d&rsquo;attention. L&rsquo;importateur offre une extension de garantie de 5 ans pour ce couteau.<\/p>\n<p>PARAM\u00c8TRES DU PRODUIT<br \/>\nLongueur du manche : 92 mm<br \/>\nMat\u00e9riau du manche : Kray-Ex\u2122 long<br \/>\nMat\u00e9riau de la gaine&nbsp;: Gaine Secure-Ex\u00ae<br \/>\nPoids : 57g<br \/>\nCouleur: noir\/argent<br \/>\nLongueur de la lame : 76 mm<br \/>\nTaille hors tout : 168 mm<br \/>\nAcier&nbsp;: AUS 10A<br \/>\n\u00c9paisseur de la lame : 3 mm<\/p>\n<p>&nbsp;<\/p>\n","protected":false},"excerpt":{"rendered":"<p>Le Pendleton Mini Hunter est un couteau robuste avec un bord lisse.<\/p>\n","protected":false},"featured_media":343586,"comment_status":"open","ping_status":"closed","template":"","meta":[],"pwb-brand":[3789],"product_brand":[],"product_cat":[3697,3696],"product_tag":[],"class_list":{"0":"post-343585","1":"product","2":"type-product","3":"status-publish","4":"has-post-thumbnail","6":"pwb-brand-acier-froid","7":"product_cat-couteaux-solides","8":"product_cat-des-couteaux","10":"first","11":"instock","12":"taxable","13":"shipping-taxable","14":"purchasable","15":"product-type-simple"},"brands":[{"id":3789,"name":"Acier froid","slug":"acier-froid"}],"_links":{"self":[{"href":"https:\/\/www.moskito.cz\/fr\/wp-json\/wp\/v2\/product\/343585","targetHints":{"allow":["GET"]}}],"collection":[{"href":"https:\/\/www.moskito.cz\/fr\/wp-json\/wp\/v2\/product"}],"about":[{"href":"https:\/\/www.moskito.cz\/fr\/wp-json\/wp\/v2\/types\/product"}],"replies":[{"embeddable":true,"href":"https:\/\/www.moskito.cz\/fr\/wp-json\/wp\/v2\/comments?post=343585"}],"wp:featuredmedia":[{"embeddable":true,"href":"https:\/\/www.moskito.cz\/fr\/wp-json\/wp\/v2\/media\/343586"}],"wp:attachment":[{"href":"https:\/\/www.moskito.cz\/fr\/wp-json\/wp\/v2\/media?parent=343585"}],"wp:term":[{"taxonomy":"pwb-brand","embeddable":true,"href":"https:\/\/www.moskito.cz\/fr\/wp-json\/wp\/v2\/pwb-brand?post=343585"},{"taxonomy":"product_brand","embeddable":true,"href":"https:\/\/www.moskito.cz\/fr\/wp-json\/wp\/v2\/product_brand?post=343585"},{"taxonomy":"product_cat","embeddable":true,"href":"https:\/\/www.moskito.cz\/fr\/wp-json\/wp\/v2\/product_cat?post=343585"},{"taxonomy":"product_tag","embeddable":true,"href":"https:\/\/www.moskito.cz\/fr\/wp-json\/wp\/v2\/product_tag?post=343585"}],"curies":[{"name":"wp","href":"https:\/\/api.w.org\/{rel}","templated":true}]}}