{"id":343609,"date":"2022-11-06T21:44:41","date_gmt":"2022-11-06T20:44:41","guid":{"rendered":"https:\/\/www.moskito.cz\/produkt\/couteau-solide-cold-steel-drop-forged-hunter\/"},"modified":"2024-06-12T10:11:35","modified_gmt":"2024-06-12T09:11:35","slug":"couteau-solide-cold-steel-drop-forged-hunter","status":"publish","type":"product","link":"https:\/\/www.moskito.cz\/fr\/produkt\/couteau-solide-cold-steel-drop-forged-hunter\/","title":{"rendered":"Couteau Solide Cold Steel DROP FORGED HUNTER"},"content":{"rendered":"<p>Couteau solide <strong>Cold Steel<\/strong> DROP FORGED HUNTER.<\/p>\n<p>Notre Drop Forged Hunter est un couteau et un outil pratiques d&rsquo;ext\u00e9rieur et de chasse. Dot\u00e9 d&rsquo;une lame super large et l\u00e9g\u00e8rement incurv\u00e9e, tranchante et solide, il est con\u00e7u pour faire un excellent travail dans les conditions les plus exigeantes. Avec son rev\u00eatement en poudre \u00e9l\u00e9gant et r\u00e9sistant aux intemp\u00e9ries et son \u00e9tui Secure-Ex moderne, le Drop Forged Hunter apporte toutes les meilleures caract\u00e9ristiques d&rsquo;un couteau de chasse \u00e9prouv\u00e9, mais dans un emballage compl\u00e8tement moderne !<\/p>\n<p>PARAM\u00c8TRES DU PRODUIT<br \/>\nTaille hors tout : 219 mm<br \/>\nLongueur de la lame : 101 mm<br \/>\nAcier&nbsp;: 52100 \u00e0 haute teneur en carbone<br \/>\n\u00c9paisseur de la lame : 5 mm<br \/>\nMat\u00e9riau de la gaine&nbsp;: Gaine Secure-Ex\u2122<br \/>\nPoids : 243,8 g<br \/>\nLongueur du manche : 117 mm<br \/>\nCouleur grise<\/p>\n","protected":false},"excerpt":{"rendered":"<p>Couteau solide Cold Steel DROP FORGED HUNTER. Notre Drop Forged Hunter est un couteau et un outil pratiques d&rsquo;ext\u00e9rieur et de chasse. Dot\u00e9 d&rsquo;une lame super large et l\u00e9g\u00e8rement incurv\u00e9e, tranchante et solide, il est con\u00e7u pour faire un excellent travail dans les conditions les plus exigeantes. Avec son rev\u00eatement en poudre \u00e9l\u00e9gant et r\u00e9sistant [&hellip;]<\/p>\n","protected":false},"featured_media":343611,"comment_status":"open","ping_status":"closed","template":"","meta":[],"pwb-brand":[3789],"product_brand":[],"product_cat":[3697,3696],"product_tag":[],"class_list":{"0":"post-343609","1":"product","2":"type-product","3":"status-publish","4":"has-post-thumbnail","6":"pwb-brand-acier-froid","7":"product_cat-couteaux-solides","8":"product_cat-des-couteaux","10":"first","11":"instock","12":"taxable","13":"shipping-taxable","14":"purchasable","15":"product-type-simple"},"brands":[{"id":3789,"name":"Acier froid","slug":"acier-froid"}],"_links":{"self":[{"href":"https:\/\/www.moskito.cz\/fr\/wp-json\/wp\/v2\/product\/343609","targetHints":{"allow":["GET"]}}],"collection":[{"href":"https:\/\/www.moskito.cz\/fr\/wp-json\/wp\/v2\/product"}],"about":[{"href":"https:\/\/www.moskito.cz\/fr\/wp-json\/wp\/v2\/types\/product"}],"replies":[{"embeddable":true,"href":"https:\/\/www.moskito.cz\/fr\/wp-json\/wp\/v2\/comments?post=343609"}],"wp:featuredmedia":[{"embeddable":true,"href":"https:\/\/www.moskito.cz\/fr\/wp-json\/wp\/v2\/media\/343611"}],"wp:attachment":[{"href":"https:\/\/www.moskito.cz\/fr\/wp-json\/wp\/v2\/media?parent=343609"}],"wp:term":[{"taxonomy":"pwb-brand","embeddable":true,"href":"https:\/\/www.moskito.cz\/fr\/wp-json\/wp\/v2\/pwb-brand?post=343609"},{"taxonomy":"product_brand","embeddable":true,"href":"https:\/\/www.moskito.cz\/fr\/wp-json\/wp\/v2\/product_brand?post=343609"},{"taxonomy":"product_cat","embeddable":true,"href":"https:\/\/www.moskito.cz\/fr\/wp-json\/wp\/v2\/product_cat?post=343609"},{"taxonomy":"product_tag","embeddable":true,"href":"https:\/\/www.moskito.cz\/fr\/wp-json\/wp\/v2\/product_tag?post=343609"}],"curies":[{"name":"wp","href":"https:\/\/api.w.org\/{rel}","templated":true}]}}