{"id":343622,"date":"2022-04-21T21:15:37","date_gmt":"2022-04-21T20:15:37","guid":{"rendered":"https:\/\/www.moskito.cz\/produkt\/couteau-solide-cold-steel-counter-tac-i\/"},"modified":"2024-06-12T10:17:34","modified_gmt":"2024-06-12T09:17:34","slug":"couteau-solide-cold-steel-counter-tac-i","status":"publish","type":"product","link":"https:\/\/www.moskito.cz\/fr\/produkt\/couteau-solide-cold-steel-counter-tac-i\/","title":{"rendered":"Couteau Solide Cold Steel COUNTER TAC I"},"content":{"rendered":"<p>Couteau Solide <strong>Cold Steel<\/strong> COUNTER TAC I<\/p>\n<p>Nos couteaux \u00e0 chaussures Counter Tac ont \u00e9t\u00e9 con\u00e7us avec une philosophie simple en t\u00eate. Fonctionnalit\u00e9. C&rsquo;est simple&nbsp;: ils travaillent et excellent dans ce qu&rsquo;ils font&nbsp;! Leurs lames tranchantes AUS 8A \u00e0 pointe compl\u00e8te sont trait\u00e9es thermiquement sous vide et durcies \u00e0 des temp\u00e9ratures inf\u00e9rieures \u00e0 z\u00e9ro pour plus de r\u00e9sistance et de durabilit\u00e9. La conception ergonomique du manche Kray-Ex\u2122 est confortable et adaptable \u00e0 n&rsquo;importe quelle prise, et la surface profond\u00e9ment textur\u00e9e et la double protection garantissent que le couteau ne glissera pas de votre main en aucune circonstance. Enfin, chaque Counter Tac est livr\u00e9 avec un \u00e9tui Secure-Ex de pointe, dot\u00e9 d&rsquo;un clip chaussure\/ceinture amovible et de trous d&rsquo;arrimage, afin que vous puissiez le transporter pratiquement n&rsquo;importe o\u00f9.<\/p>\n<p>PARAM\u00c8TRES DU PRODUIT<br \/>\nTaille hors tout : 241,3 mm<br \/>\nCouleur : Noir\/Argent<br \/>\nLongueur de la lame : 127 mm<br \/>\nMat\u00e9riau du manche&nbsp;: Kray-Ex\u2122 long<br \/>\nPoids : 130,4 g<br \/>\n\u00c9paisseur de la lame : 5 mm<br \/>\nLongueur du manche : 114 mm<br \/>\nAcier&nbsp;: acier inoxydable japonais AUS 8A avec finition d\u00e9lav\u00e9e \u00e0 la pierre<br \/>\nMat\u00e9riau de la gaine&nbsp;: Gaine Secure-Ex\u2122<\/p>\n<p>Nos couteaux de bottes Counter Tac ont \u00e9t\u00e9 con\u00e7us avec une philosophie simple en t\u00eate. Fonctionnalit\u00e9. Tout simplement&nbsp;: ils travaillent et ils excellent dans ce qu\u2019ils font&nbsp;! Leurs lames tranchantes AUS 8A pleine soie sont trait\u00e9es thermiquement sous vide et tremp\u00e9es sous z\u00e9ro pour plus de r\u00e9sistance et de durabilit\u00e9. La conception ergonomique du manche Kray-Ex\u2122 est confortable et adaptable \u00e0 n&rsquo;importe quelle prise, et la surface profond\u00e9ment textur\u00e9e et la double protection garantiront que le couteau ne risque pas de glisser de votre main en aucune circonstance. Enfin, chaque Counter Tac est livr\u00e9 avec une gaine Secure-Ex de pointe, compl\u00e9t\u00e9e par un clip de ceinture\/botte amovible et des fentes d&rsquo;arrimage pour que vous puissiez le transporter \u00e0 peu pr\u00e8s n&rsquo;importe o\u00f9.<br \/>\nPoids : 4,6 oz \u00c9paisseur de la lame : 5 mm Longueur de la lame : 5&Prime; Acier de la lame : Japonais AUS8A avec finition Stonewash Longueur\/Mat\u00e9riau du manche : 4-1\/2&Prime; Kray-Ex\u2122 Longueur totale : 9-1\/2&Prime; Caract\u00e9ristiques suppl\u00e9mentaires : S\u00e9curis\u00e9 -Type de couteau \u00e0 gaine Ex\u2122 : Famille d&rsquo;acier fixe : AUS Forme de lame : Pointe de lance<\/p>\n","protected":false},"excerpt":{"rendered":"<div class=\"vc-commoditydetail_annotation\">\n<div class=\"annotation wysiwyg\">Les couteaux fixes Counter TAC de la soci\u00e9t\u00e9 COLD STEEL sont destin\u00e9s principalement \u00e0 un transport dissimul\u00e9 dans une chaussure. Leur lame est \u00e0 double aff\u00fbtage et chaque Counter TAC est livr\u00e9 avec une gaine Secure-Ex\u00ae.<\/div>\n<\/div>\n<div class=\"vc-commoditydetail_info\">\n<div class=\"items loaded\" data-module=\"vm\/CommodityDetail_Info\"><\/div>\n<\/div>\n","protected":false},"featured_media":343623,"comment_status":"open","ping_status":"closed","template":"","meta":[],"pwb-brand":[3789],"product_brand":[],"product_cat":[3697,3696],"product_tag":[],"class_list":{"0":"post-343622","1":"product","2":"type-product","3":"status-publish","4":"has-post-thumbnail","6":"pwb-brand-acier-froid","7":"product_cat-couteaux-solides","8":"product_cat-des-couteaux","10":"first","11":"instock","12":"taxable","13":"shipping-taxable","14":"purchasable","15":"product-type-simple"},"brands":[{"id":3789,"name":"Acier froid","slug":"acier-froid"}],"_links":{"self":[{"href":"https:\/\/www.moskito.cz\/fr\/wp-json\/wp\/v2\/product\/343622","targetHints":{"allow":["GET"]}}],"collection":[{"href":"https:\/\/www.moskito.cz\/fr\/wp-json\/wp\/v2\/product"}],"about":[{"href":"https:\/\/www.moskito.cz\/fr\/wp-json\/wp\/v2\/types\/product"}],"replies":[{"embeddable":true,"href":"https:\/\/www.moskito.cz\/fr\/wp-json\/wp\/v2\/comments?post=343622"}],"wp:featuredmedia":[{"embeddable":true,"href":"https:\/\/www.moskito.cz\/fr\/wp-json\/wp\/v2\/media\/343623"}],"wp:attachment":[{"href":"https:\/\/www.moskito.cz\/fr\/wp-json\/wp\/v2\/media?parent=343622"}],"wp:term":[{"taxonomy":"pwb-brand","embeddable":true,"href":"https:\/\/www.moskito.cz\/fr\/wp-json\/wp\/v2\/pwb-brand?post=343622"},{"taxonomy":"product_brand","embeddable":true,"href":"https:\/\/www.moskito.cz\/fr\/wp-json\/wp\/v2\/product_brand?post=343622"},{"taxonomy":"product_cat","embeddable":true,"href":"https:\/\/www.moskito.cz\/fr\/wp-json\/wp\/v2\/product_cat?post=343622"},{"taxonomy":"product_tag","embeddable":true,"href":"https:\/\/www.moskito.cz\/fr\/wp-json\/wp\/v2\/product_tag?post=343622"}],"curies":[{"name":"wp","href":"https:\/\/api.w.org\/{rel}","templated":true}]}}