{"id":343652,"date":"2022-04-20T20:21:40","date_gmt":"2024-06-12T09:23:53","guid":{"rendered":"https:\/\/www.moskito.cz\/produkt\/couteau-solide-cold-steel-couteau-de-botte-forge\/"},"modified":"2025-05-07T11:16:42","modified_gmt":"2025-05-07T10:16:42","slug":"couteau-solide-cold-steel-couteau-de-botte-forge","status":"publish","type":"product","link":"https:\/\/www.moskito.cz\/fr\/produkt\/couteau-solide-cold-steel-couteau-de-botte-forge\/","title":{"rendered":"Couteau solide Cold Steel COUTEAU DE BOTTE FORG\u00c9"},"content":{"rendered":"<p>Couteau solide <strong>Cold Steel<\/strong> COUTEAU DE BOTTE FORG\u00c9<\/p>\n<p>Le couteau de botte forg\u00e9 Drop est un couteau con\u00e7u pour un transport dissimul\u00e9. Avec une lame per\u00e7ante \u00e0 double tranchant de 5&Prime; et une pointe ac\u00e9r\u00e9e, c&rsquo;est un outil d&rsquo;auto-d\u00e9fense de derni\u00e8re minute substantiel et incroyablement efficace, mais gr\u00e2ce \u00e0 son profil fin et sa construction monobloc, il se transporte remarquablement \u00e0 plat sans \u00ab\u00a0impression\u00a0\u00bb. \u00e0 l&rsquo;int\u00e9rieur. Le couteau botanique forg\u00e9 est solide, tranchant et, gr\u00e2ce \u00e0 sa poign\u00e9e robuste, il poss\u00e8de une puissance de coupe \u00e9norme. Chaque couteau botanique est livr\u00e9 avec une gaine Secure-Ex et un Ulti-Clip\u2122 * int\u00e9gr\u00e9 pour une tenue excellente et s\u00fbre dans une chaussure ou attach\u00e9 \u00e0 votre taille * Fabriqu\u00e9 en Am\u00e9rique \u00e0 partir d&rsquo;acier \u00e0 ressort 1075, l&rsquo;Ulti-Clip\u2122 offre un ajustement extr\u00eamement s\u00fbr et un potentiel de couverture accru.<\/p>\n<p>Description:<br \/>\nMat\u00e9riau de la lame : 52100<br \/>\nMat\u00e9riau du bo\u00eetier&nbsp;: Secure-Ex<br \/>\nLongueur de la lame : 12,7 cm<br \/>\nLongueur totale : 22,9 cm<br \/>\nLongueur du manche : 10,2 cm<br \/>\n\u00c9paisseur de la lame : 4,5 mm<br \/>\nPoids : 181 g<\/p>\n<p>&nbsp;<\/p>\n","protected":false},"excerpt":{"rendered":"<p><strong>Le couteau de botte forg\u00e9 de COLD STEEL est un couteau robuste con\u00e7u pour un transport dissimul\u00e9 avec une lame lisse \u00e0 double tranchant.<\/strong><\/p>\n","protected":false},"featured_media":343653,"comment_status":"open","ping_status":"closed","template":"","meta":[],"pwb-brand":[3789],"product_brand":[],"product_cat":[3697,3696],"product_tag":[],"class_list":{"0":"post-343652","1":"product","2":"type-product","3":"status-publish","4":"has-post-thumbnail","6":"pwb-brand-acier-froid","7":"product_cat-couteaux-solides","8":"product_cat-des-couteaux","10":"first","11":"outofstock","12":"taxable","13":"shipping-taxable","14":"purchasable","15":"product-type-simple"},"brands":[{"id":3789,"name":"Acier froid","slug":"acier-froid"}],"_links":{"self":[{"href":"https:\/\/www.moskito.cz\/fr\/wp-json\/wp\/v2\/product\/343652","targetHints":{"allow":["GET"]}}],"collection":[{"href":"https:\/\/www.moskito.cz\/fr\/wp-json\/wp\/v2\/product"}],"about":[{"href":"https:\/\/www.moskito.cz\/fr\/wp-json\/wp\/v2\/types\/product"}],"replies":[{"embeddable":true,"href":"https:\/\/www.moskito.cz\/fr\/wp-json\/wp\/v2\/comments?post=343652"}],"wp:featuredmedia":[{"embeddable":true,"href":"https:\/\/www.moskito.cz\/fr\/wp-json\/wp\/v2\/media\/343653"}],"wp:attachment":[{"href":"https:\/\/www.moskito.cz\/fr\/wp-json\/wp\/v2\/media?parent=343652"}],"wp:term":[{"taxonomy":"pwb-brand","embeddable":true,"href":"https:\/\/www.moskito.cz\/fr\/wp-json\/wp\/v2\/pwb-brand?post=343652"},{"taxonomy":"product_brand","embeddable":true,"href":"https:\/\/www.moskito.cz\/fr\/wp-json\/wp\/v2\/product_brand?post=343652"},{"taxonomy":"product_cat","embeddable":true,"href":"https:\/\/www.moskito.cz\/fr\/wp-json\/wp\/v2\/product_cat?post=343652"},{"taxonomy":"product_tag","embeddable":true,"href":"https:\/\/www.moskito.cz\/fr\/wp-json\/wp\/v2\/product_tag?post=343652"}],"curies":[{"name":"wp","href":"https:\/\/api.w.org\/{rel}","templated":true}]}}