{"id":343663,"date":"2021-07-22T07:39:18","date_gmt":"2021-07-22T06:39:18","guid":{"rendered":"https:\/\/www.moskito.cz\/produkt\/pousser-dague-cold-steel-safe-maker-i\/"},"modified":"2025-11-09T00:10:31","modified_gmt":"2025-11-08T23:10:31","slug":"pousser-dague-cold-steel-safe-maker-i","status":"publish","type":"product","link":"https:\/\/www.moskito.cz\/fr\/produkt\/pousser-dague-cold-steel-safe-maker-i\/","title":{"rendered":"Pousser Dague Cold Steel SAFE MAKER I"},"content":{"rendered":"<p>Pousser Dague <strong>Cold Steel<\/strong> SAFE MAKER I.<\/p>\n<p>Cold Steel fabrique des couteaux \u00e0 pousser depuis plus d&rsquo;un quart de si\u00e8cle. Au fil des ann\u00e9es, nous avons constamment affin\u00e9 nos conceptions, \u00e9liminant certaines fonctionnalit\u00e9s et en am\u00e9liorant d\u2019autres. Nous nous effor\u00e7ons constamment de produire le meilleur couteau \u00e0 pousser au monde. Notre gamme Safe Maker repr\u00e9sente le point culminant de notre apprentissage, de notre exp\u00e9rience, de nos tests et de notre d\u00e9veloppement. Les lames, les arbres et les clips en forme de T sont usin\u00e9s \u00e0 partir d&rsquo;une seule pi\u00e8ce solide d&rsquo;acier inoxydable japonais AUS8A avec une finition en pierre, puis trait\u00e9s thermiquement sous vide et durcis \u00e0 des temp\u00e9ratures inf\u00e9rieures \u00e0 z\u00e9ro pour une r\u00e9sistance et des performances accrues. La poign\u00e9e moul\u00e9e Kray-Ex encapsule le joug et une partie de la tige pour plus de confort et de s\u00e9curit\u00e9. Disponible en deux tailles&nbsp;; Chaque Safe Maker comprend une ceinture\/\u00e9tui Secure-Ex robuste et facile \u00e0 couvrir.<\/p>\n<p>Longueur totale : 163 mm<br \/>\n\u00c9paisseur de la lame : 5 mm<br \/>\nLa lame est en acier AUS-8A<br \/>\nLongueur de la lame : 115 mm<br \/>\nPoids : 96g<br \/>\nmanche en mat\u00e9riau Kraton<br \/>\nl&rsquo;\u00e9tui est inclus<\/p>\n<p><strong>Cold Steel<\/strong> est une entreprise engag\u00e9e dans la production des couteaux les plus solides et les plus tranchants au monde. Au cours des trois derni\u00e8res d\u00e9cennies, Cold Steel a \u00e9t\u00e9 \u00e0 l&rsquo;avant-garde de nombreuses innovations qui ont contribu\u00e9 \u00e0 d\u00e9finir l&rsquo;industrie du couteau. Les succ\u00e8s successifs, notamment l&rsquo;introduction des manches \u00e0 carreaux Kraton\u00ae et des styles de lames \u00e0 pointe tanto, sont pass\u00e9s de caract\u00e9ristiques curieuses \u00e0 des marques industrielles de qualit\u00e9 et de sophistication. La nouvelle direction a \u00e9galement \u00e9t\u00e9 rompue avec l&rsquo;introduction de nouvelles lames en acier uniques telles que le San Mai III\u00ae et le m\u00e9canisme de verrouillage et de verrouillage Tri-Ad \u2122 pour les couteaux pliants. Par exemple, le verrou Tri-Ad \u2122 n&rsquo;a jamais \u00e9t\u00e9 \u00e9gal\u00e9 par aucun des concurrents de Cold Steel et il n&rsquo;a pas \u00e9t\u00e9 prouv\u00e9 qu&rsquo;il surpassait tout ce qu&rsquo;ils ont produit jusqu&rsquo;\u00e0 pr\u00e9sent. Bien entendu, Cold Steel sera toujours tourn\u00e9 vers l\u2019avenir et s\u2019efforcera constamment de produire les couteaux les plus solides et les plus tranchants au monde. Cet objectif, tout aussi insaisissable et difficile \u00e0 atteindre, est rest\u00e9 le m\u00eame au cours des quarante derni\u00e8res ann\u00e9es. Acier froid inc. est une entreprise ax\u00e9e sur la production des couteaux, \u00e9p\u00e9es, tomahawks, machettes, couverts et outils les plus solides et les plus tranchants pour le transport quotidien : EDC. Rapidement adopt\u00e9 par l&rsquo;arm\u00e9e, les forces sp\u00e9ciales charg\u00e9es de l&rsquo;application de la loi, les intervenants d&rsquo;urgence, les professionnels de l&rsquo;autod\u00e9fense et les membres de la communaut\u00e9 des arts martiaux, Cold Steel s&rsquo;est rapidement fait un nom pour sa qualit\u00e9, sa solidit\u00e9, sa fiabilit\u00e9 et sa fiabilit\u00e9 dans le transport quotidien (EDC). . Notre gamme diversifi\u00e9e et vari\u00e9e s&rsquo;est rapidement \u00e9largie pour inclure non seulement une vaste s\u00e9lection de couteaux pliants (des petites lames \u00ab EDC \u00bb \u00e0 nos embl\u00e9matiques \u00ab m\u00e9ga-dossiers \u00bb) g\u00e9ants, mais \u00e9galement des lames fixes, des \u00e9p\u00e9es, des sabres, des b\u00e2tons et des hallebardes, ainsi que ainsi que du mat\u00e9riel de chasse, des lances, des fusils, des haches, des machettes, des tomahawks et des outils ! Au fil des d\u00e9cennies, Cold Steel a introduit de nouveaux mat\u00e9riaux et conceptions r\u00e9volutionnaires qui ont contribu\u00e9 \u00e0 fa\u00e7onner le monde des couteaux, armes blanches et outils modernes. De l&rsquo;introduction de poign\u00e9es \u00e0 damier Kraton\u00ae et d&rsquo;une lame Tanto \u00ab am\u00e9ricanis\u00e9e \u00bb, \u00e0 l&rsquo;inclusion de nouveaux aciers de lame innovants comme le San Mai III\u00ae et de m\u00e9canismes de verrouillage r\u00e9volutionnaires (comme notre Tri-Ad \u2122 Lock). Alors que nous regardons vers l&rsquo;avenir, Cold Steel continue d&rsquo;apporter sur le march\u00e9 de nouveaux niveaux de r\u00e9sistance, de s\u00e9curit\u00e9 et de performance, en fournissant des produits \u00e9prouv\u00e9s sur lesquels vous pouvez compter, \u00e0 tout moment et en tout lieu !<\/p>\n<p>Cold Steel fabrique des couteaux \u00e0 pousser depuis plus d&rsquo;un quart de si\u00e8cle. Au fil des ann\u00e9es, nous avons continuellement affin\u00e9 nos conceptions, supprimant certaines fonctionnalit\u00e9s et en am\u00e9liorant d\u2019autres. Nous nous effor\u00e7ons constamment de produire le meilleur couteau \u00e0 pousser au monde. Notre s\u00e9rie Safe Maker repr\u00e9sente le summum de notre apprentissage, de notre exp\u00e9rience, de nos tests et de notre d\u00e9veloppement. Les lames, les arbres et les tiges en forme de \u00ab T \u00bb sont fabriqu\u00e9s \u00e0 partir d&rsquo;une seule pi\u00e8ce solide d&rsquo;acier inoxydable japonais AUS8A avec une finition lav\u00e9e \u00e0 la pierre, puis trait\u00e9s thermiquement sous vide et tremp\u00e9s \u00e0 des temp\u00e9ratures inf\u00e9rieures \u00e0 z\u00e9ro pour plus de r\u00e9sistance et de performance. Une poign\u00e9e Kray-Ex textur\u00e9e encapsule la tige et une partie de la tige pour plus de confort et de s\u00e9curit\u00e9. Disponible en deux tailles&nbsp;; chaque Safe Maker comprend une gaine de d\u00e9marrage\/ceinture Secure-Ex facilement dissimulable et robuste.<br \/>\nPoids : 3,4 oz \u00c9paisseur de la lame : 5 mm Longueur de la lame : 4-1\/2&Prime; Acier de la lame : japonais AUS8A avec finition d\u00e9lav\u00e9e Longueur\/mat\u00e9riau du manche : 2&Prime; Kray-Ex\u00ae Longueur totale : 6-1\/2&Prime; Caract\u00e9ristiques suppl\u00e9mentaires : S\u00e9curis\u00e9 -Type de couteau \u00e0 gaine Ex\u00ae : Longueur de lame fixe Gamme : 3-5 pouces Famille d&rsquo;acier : AUS Forme de lame : Pointe de lance<\/p>\n<p>&nbsp;<\/p>\n","protected":false},"excerpt":{"rendered":"<p>Cold Steel Safe Maker Je pousse un poignard ou un autre couteau de poing avec une lame de 114 mm avec un \u00e9tui pour un transport dissimul\u00e9.<\/p>\n","protected":false},"featured_media":343664,"comment_status":"open","ping_status":"closed","template":"","meta":[],"pwb-brand":[3789],"product_brand":[],"product_cat":[3697,3696],"product_tag":[],"class_list":{"0":"post-343663","1":"product","2":"type-product","3":"status-publish","4":"has-post-thumbnail","6":"pwb-brand-acier-froid","7":"product_cat-couteaux-solides","8":"product_cat-des-couteaux","10":"first","11":"instock","12":"taxable","13":"shipping-taxable","14":"purchasable","15":"product-type-simple"},"brands":[{"id":3789,"name":"Acier froid","slug":"acier-froid"}],"_links":{"self":[{"href":"https:\/\/www.moskito.cz\/fr\/wp-json\/wp\/v2\/product\/343663","targetHints":{"allow":["GET"]}}],"collection":[{"href":"https:\/\/www.moskito.cz\/fr\/wp-json\/wp\/v2\/product"}],"about":[{"href":"https:\/\/www.moskito.cz\/fr\/wp-json\/wp\/v2\/types\/product"}],"replies":[{"embeddable":true,"href":"https:\/\/www.moskito.cz\/fr\/wp-json\/wp\/v2\/comments?post=343663"}],"wp:featuredmedia":[{"embeddable":true,"href":"https:\/\/www.moskito.cz\/fr\/wp-json\/wp\/v2\/media\/343664"}],"wp:attachment":[{"href":"https:\/\/www.moskito.cz\/fr\/wp-json\/wp\/v2\/media?parent=343663"}],"wp:term":[{"taxonomy":"pwb-brand","embeddable":true,"href":"https:\/\/www.moskito.cz\/fr\/wp-json\/wp\/v2\/pwb-brand?post=343663"},{"taxonomy":"product_brand","embeddable":true,"href":"https:\/\/www.moskito.cz\/fr\/wp-json\/wp\/v2\/product_brand?post=343663"},{"taxonomy":"product_cat","embeddable":true,"href":"https:\/\/www.moskito.cz\/fr\/wp-json\/wp\/v2\/product_cat?post=343663"},{"taxonomy":"product_tag","embeddable":true,"href":"https:\/\/www.moskito.cz\/fr\/wp-json\/wp\/v2\/product_tag?post=343663"}],"curies":[{"name":"wp","href":"https:\/\/api.w.org\/{rel}","templated":true}]}}