{"id":343676,"date":"2021-07-22T09:05:16","date_gmt":"2021-07-22T08:05:16","guid":{"rendered":"https:\/\/www.moskito.cz\/produkt\/cold-steel-grand-couteau-pliant-luzon\/"},"modified":"2024-06-12T10:37:37","modified_gmt":"2024-06-12T09:37:37","slug":"cold-steel-grand-couteau-pliant-luzon","status":"publish","type":"product","link":"https:\/\/www.moskito.cz\/fr\/produkt\/cold-steel-grand-couteau-pliant-luzon\/","title":{"rendered":"Cold Steel GRAND couteau pliant LUZON"},"content":{"rendered":"<p>Couteau de fermeture <strong>Cold Steel<\/strong> GRAND LUZON.<\/p>\n<p>Inspir\u00e9s de plusieurs balisongs de la collection de Lynn mais fonctionnant comme un flipper, les Luzons sont une alternative politiquement correcte pour ceux qui ne peuvent l\u00e9galement poss\u00e9der de balisongs. Compos\u00e9es d&rsquo;acier inoxydable 8Cr13MoV et savamment durcies \u00e0 57-58 Rockwell, les lames Luzons ont des pointes tranchantes et solides avec suffisamment de lame pour \u00eatre \u00e9galement utiles pour couper et hacher. Une fois que vous aurez d\u00e9couvert les poign\u00e9es inspir\u00e9es du bambou, vous r\u00eaverez des Philippines, avec des segments concaves offrant une myriade d&rsquo;options de prise confortable. Les poign\u00e9es Luzons sont en Glass Nylon (GFN) et sont imperm\u00e9ables \u00e0 tous les \u00e9l\u00e9ments.<\/p>\n<p>Agr\u00e9ables et \u00e9conomiques, et quel que soit le vent qu&rsquo;ils ouvrent, les Luzons sont un choix redoutable pour ceux qui cherchent \u00e0 faire du mal. Offrant un niveau de s\u00e9curit\u00e9 in\u00e9gal\u00e9, ils sont dot\u00e9s d&rsquo;une s\u00e9curit\u00e9 \u00e0 ressort \u00e0 lames robuste et d&rsquo;un m\u00e9canisme de s\u00e9curit\u00e9 secondaire (brevet\u00e9) extr\u00eamement r\u00e9sistant aux chocs lorsqu&rsquo;il est engag\u00e9. Vos doigts seront en s\u00e9curit\u00e9 m\u00eame dans les pires conditions. Disponible en deux tailles.<\/p>\n<p>Mat\u00e9riau de la lame&nbsp;: 8cr13mov<br \/>\nMat\u00e9riau du manche : GFN<br \/>\nLongueur de la lame : 15,2 cm<br \/>\nLongueur totale : 34 cm<br \/>\nLongueur du manche : 18,8 cm<br \/>\n\u00c9paisseur de la lame : 3,5 mm<br \/>\nPoids : 263g<br \/>\nTraitement de surface de la lame : Satin\u00e9<\/p>\n<p>Cold Steel est une entreprise engag\u00e9e dans la production des couteaux les plus solides et les plus tranchants au monde. Au cours des trois derni\u00e8res d\u00e9cennies, Cold Steel a \u00e9t\u00e9 \u00e0 l&rsquo;avant-garde de nombreuses innovations qui ont contribu\u00e9 \u00e0 d\u00e9finir l&rsquo;industrie du couteau. Les succ\u00e8s successifs, notamment l&rsquo;introduction des manches \u00e0 carreaux Kraton\u00ae et des styles de lames \u00e0 pointe tanto, sont pass\u00e9s de caract\u00e9ristiques curieuses \u00e0 des marques industrielles de qualit\u00e9 et de sophistication. La nouvelle direction a \u00e9galement \u00e9t\u00e9 rompue avec l&rsquo;introduction de nouvelles lames en acier uniques telles que le San Mai III\u00ae et le m\u00e9canisme de verrouillage et de verrouillage Tri-Ad \u2122 pour les couteaux pliants. Par exemple, le verrou Tri-Ad \u2122 n&rsquo;a jamais \u00e9t\u00e9 \u00e9gal\u00e9 par aucun des concurrents de Cold Steel et il n&rsquo;a pas \u00e9t\u00e9 prouv\u00e9 qu&rsquo;il surpassait tout ce qu&rsquo;ils ont produit jusqu&rsquo;\u00e0 pr\u00e9sent. Bien entendu, Cold Steel sera toujours tourn\u00e9 vers l\u2019avenir et s\u2019efforcera constamment de produire les couteaux les plus solides et les plus tranchants au monde. Cet objectif, tout aussi insaisissable et difficile \u00e0 atteindre, est rest\u00e9 le m\u00eame au cours des quarante derni\u00e8res ann\u00e9es. Acier froid inc. est une entreprise ax\u00e9e sur la production des couteaux, \u00e9p\u00e9es, tomahawks, machettes, couverts et outils les plus solides et les plus tranchants pour le transport quotidien : EDC. Rapidement adopt\u00e9 par l&rsquo;arm\u00e9e, les forces sp\u00e9ciales charg\u00e9es de l&rsquo;application de la loi, les intervenants d&rsquo;urgence, les professionnels de l&rsquo;autod\u00e9fense et les membres de la communaut\u00e9 des arts martiaux, Cold Steel s&rsquo;est rapidement fait un nom pour sa qualit\u00e9, sa solidit\u00e9, sa fiabilit\u00e9 et sa fiabilit\u00e9 dans le transport quotidien (EDC). . Notre gamme diversifi\u00e9e et vari\u00e9e s&rsquo;est rapidement \u00e9largie pour inclure non seulement une vaste s\u00e9lection de couteaux pliants (des petites lames \u00ab EDC \u00bb \u00e0 nos embl\u00e9matiques \u00ab m\u00e9ga-dossiers \u00bb) g\u00e9ants, mais \u00e9galement des lames fixes, des \u00e9p\u00e9es, des sabres, des b\u00e2tons et des hallebardes, ainsi que ainsi que du mat\u00e9riel de chasse, des lances, des fusils, des haches, des machettes, des tomahawks et des outils ! Au fil des d\u00e9cennies, Cold Steel a introduit de nouveaux mat\u00e9riaux et conceptions r\u00e9volutionnaires qui ont contribu\u00e9 \u00e0 fa\u00e7onner le monde des couteaux, armes blanches et outils modernes. De l&rsquo;introduction de poign\u00e9es \u00e0 damier Kraton\u00ae et d&rsquo;une lame Tanto \u00ab am\u00e9ricanis\u00e9e \u00bb, \u00e0 l&rsquo;inclusion de nouveaux aciers de lame innovants comme le San Mai III\u00ae et de m\u00e9canismes de verrouillage r\u00e9volutionnaires (comme notre Tri-Ad \u2122 Lock). Alors que nous regardons vers l&rsquo;avenir, Cold Steel continue d&rsquo;apporter sur le march\u00e9 de nouveaux niveaux de r\u00e9sistance, de s\u00e9curit\u00e9 et de performance, en fournissant des produits \u00e9prouv\u00e9s sur lesquels vous pouvez compter, \u00e0 tout moment et en tout lieu !<\/p>\n","protected":false},"excerpt":{"rendered":"<p><strong>Luzon (Large) de COLD STEEL est un couteau pliant plus grand avec une lame lisse. La forme de la lame du couteau est inspir\u00e9e des balisongs philippins.<\/strong><\/p>\n","protected":false},"featured_media":343677,"comment_status":"open","ping_status":"closed","template":"","meta":[],"pwb-brand":[3789],"product_brand":[],"product_cat":[3700,3696],"product_tag":[],"class_list":{"0":"post-343676","1":"product","2":"type-product","3":"status-publish","4":"has-post-thumbnail","6":"pwb-brand-acier-froid","7":"product_cat-couteaux-de-fermeture","8":"product_cat-des-couteaux","10":"first","11":"instock","12":"taxable","13":"shipping-taxable","14":"purchasable","15":"product-type-simple"},"brands":[{"id":3789,"name":"Acier froid","slug":"acier-froid"}],"_links":{"self":[{"href":"https:\/\/www.moskito.cz\/fr\/wp-json\/wp\/v2\/product\/343676","targetHints":{"allow":["GET"]}}],"collection":[{"href":"https:\/\/www.moskito.cz\/fr\/wp-json\/wp\/v2\/product"}],"about":[{"href":"https:\/\/www.moskito.cz\/fr\/wp-json\/wp\/v2\/types\/product"}],"replies":[{"embeddable":true,"href":"https:\/\/www.moskito.cz\/fr\/wp-json\/wp\/v2\/comments?post=343676"}],"wp:featuredmedia":[{"embeddable":true,"href":"https:\/\/www.moskito.cz\/fr\/wp-json\/wp\/v2\/media\/343677"}],"wp:attachment":[{"href":"https:\/\/www.moskito.cz\/fr\/wp-json\/wp\/v2\/media?parent=343676"}],"wp:term":[{"taxonomy":"pwb-brand","embeddable":true,"href":"https:\/\/www.moskito.cz\/fr\/wp-json\/wp\/v2\/pwb-brand?post=343676"},{"taxonomy":"product_brand","embeddable":true,"href":"https:\/\/www.moskito.cz\/fr\/wp-json\/wp\/v2\/product_brand?post=343676"},{"taxonomy":"product_cat","embeddable":true,"href":"https:\/\/www.moskito.cz\/fr\/wp-json\/wp\/v2\/product_cat?post=343676"},{"taxonomy":"product_tag","embeddable":true,"href":"https:\/\/www.moskito.cz\/fr\/wp-json\/wp\/v2\/product_tag?post=343676"}],"curies":[{"name":"wp","href":"https:\/\/api.w.org\/{rel}","templated":true}]}}