{"id":343678,"date":"2022-11-01T17:03:49","date_gmt":"2022-11-01T16:03:49","guid":{"rendered":"https:\/\/www.moskito.cz\/produkt\/couteau-fixe-cold-steel-outdoorsman-lite\/"},"modified":"2025-05-07T11:16:43","modified_gmt":"2025-05-07T10:16:43","slug":"couteau-fixe-cold-steel-outdoorsman-lite","status":"publish","type":"product","link":"https:\/\/www.moskito.cz\/fr\/produkt\/couteau-fixe-cold-steel-outdoorsman-lite\/","title":{"rendered":"Couteau fixe Cold Steel Outdoorsman Lite"},"content":{"rendered":"<p>Couteau fixe <strong>Cold Steel<\/strong> Outdoorsman Lite.<\/p>\n<p>L&rsquo;Outdoorsman Lite est un couteau robuste avec un bord lisse. La lame est en acier inoxydable 4034. Cet acier inoxydable poss\u00e8de des propri\u00e9t\u00e9s comparables \u00e0 l&rsquo;AUS 8A ou 440C. Il est principalement utilis\u00e9 dans l\u2019industrie m\u00e9dicale et pharmaceutique et dans la production d\u2019ustensiles de cuisine. L&rsquo;Outdoorsman Lite est dot\u00e9 d&rsquo;un manche bi-mati\u00e8re. La partie de base du manche est constitu\u00e9e de polypropyl\u00e8ne \u00e0 haute r\u00e9sistance, qui conf\u00e8re au couteau sa forme et ses excellentes propri\u00e9t\u00e9s de r\u00e9sistance, et la surface est recouverte d&rsquo;un polym\u00e8re synth\u00e9tique souple et flexible marqu\u00e9 Kray-Ex, afin que le manche ne glisse pas. Vous pouvez le nettoyer simplement avec de l&rsquo;eau et du savon. Le couteau est livr\u00e9 avec un \u00e9tui Secure-Ex\u00ae.<\/p>\n<p>PARAM\u00c8TRES DU PRODUIT<br \/>\nLongueur de la lame : 152 mm<br \/>\nTaille hors tout : 279 mm<br \/>\nCouleur: noir\/argent<br \/>\n\u00c9paisseur de la lame : 3 mm<br \/>\nLongueur du manche : 127 mm<br \/>\nMat\u00e9riau du manche&nbsp;: polypropyl\u00e8ne r\u00e9sistant aux chocs et Kray-Ex\u2122<br \/>\nAcier&nbsp;:&nbsp;4034SS<br \/>\nPoids : 182g<\/p>\n<p>&nbsp;<\/p>\n","protected":false},"excerpt":{"rendered":"<p>Outdoorsman Lite de Cold Steel est un couteau solide simple mais tr\u00e8s efficace, con\u00e7u pour l&rsquo;ext\u00e9rieur, le camping, la p\u00eache ou d&rsquo;autres activit\u00e9s de plein air.<\/p>\n","protected":false},"featured_media":343679,"comment_status":"open","ping_status":"closed","template":"","meta":[],"pwb-brand":[3789],"product_brand":[],"product_cat":[3697,3696],"product_tag":[],"class_list":{"0":"post-343678","1":"product","2":"type-product","3":"status-publish","4":"has-post-thumbnail","6":"pwb-brand-acier-froid","7":"product_cat-couteaux-solides","8":"product_cat-des-couteaux","10":"first","11":"instock","12":"taxable","13":"shipping-taxable","14":"purchasable","15":"product-type-simple"},"brands":[{"id":3789,"name":"Acier froid","slug":"acier-froid"}],"_links":{"self":[{"href":"https:\/\/www.moskito.cz\/fr\/wp-json\/wp\/v2\/product\/343678","targetHints":{"allow":["GET"]}}],"collection":[{"href":"https:\/\/www.moskito.cz\/fr\/wp-json\/wp\/v2\/product"}],"about":[{"href":"https:\/\/www.moskito.cz\/fr\/wp-json\/wp\/v2\/types\/product"}],"replies":[{"embeddable":true,"href":"https:\/\/www.moskito.cz\/fr\/wp-json\/wp\/v2\/comments?post=343678"}],"wp:featuredmedia":[{"embeddable":true,"href":"https:\/\/www.moskito.cz\/fr\/wp-json\/wp\/v2\/media\/343679"}],"wp:attachment":[{"href":"https:\/\/www.moskito.cz\/fr\/wp-json\/wp\/v2\/media?parent=343678"}],"wp:term":[{"taxonomy":"pwb-brand","embeddable":true,"href":"https:\/\/www.moskito.cz\/fr\/wp-json\/wp\/v2\/pwb-brand?post=343678"},{"taxonomy":"product_brand","embeddable":true,"href":"https:\/\/www.moskito.cz\/fr\/wp-json\/wp\/v2\/product_brand?post=343678"},{"taxonomy":"product_cat","embeddable":true,"href":"https:\/\/www.moskito.cz\/fr\/wp-json\/wp\/v2\/product_cat?post=343678"},{"taxonomy":"product_tag","embeddable":true,"href":"https:\/\/www.moskito.cz\/fr\/wp-json\/wp\/v2\/product_tag?post=343678"}],"curies":[{"name":"wp","href":"https:\/\/api.w.org\/{rel}","templated":true}]}}