{"id":343695,"date":"2022-10-31T20:19:53","date_gmt":"2022-10-31T19:19:53","guid":{"rendered":"https:\/\/www.moskito.cz\/produkt\/couteau-solide-cold-steel-mini-tac-tanto-dentele-49htfs\/"},"modified":"2025-05-07T11:16:45","modified_gmt":"2025-05-07T10:16:45","slug":"couteau-solide-cold-steel-mini-tac-tanto-dentele-49htfs","status":"publish","type":"product","link":"https:\/\/www.moskito.cz\/fr\/produkt\/couteau-solide-cold-steel-mini-tac-tanto-dentele-49htfs\/","title":{"rendered":"Couteau Solide Cold Steel MINI TAC TANTO (DENTEL\u00c9) 49HTFS"},"content":{"rendered":"<p>Couteau Solide Cold Steel MINI TAC TANTO (DENTEL\u00c9) 49HTFS.<\/p>\n<p>Les couteaux Mini Tac Neck de Cold Steel sont si fins et l\u00e9gers qu&rsquo;ils peuvent \u00eatre transport\u00e9s confortablement pratiquement 24 heures sur 24 ! Avec leurs \u00e9tuis Secure Ex durables, sp\u00e9cialement con\u00e7us pour bien maintenir le couteau tout en permettant un tirage rapide, ils peuvent \u00e9galement servir de lame utilitaire ou de camping pratique, de couteau de transport quotidien ou d&rsquo;outil de sauvetage. Chaque Mini Tac est dot\u00e9 de poign\u00e9es Griv-Ex fines et textur\u00e9es de haute qualit\u00e9. Cette caract\u00e9ristique leur permet de s&rsquo;allonger \u00e0 plat et pr\u00e8s du corps tout en offrant une surface d&rsquo;adh\u00e9rence positive. Lorsqu&rsquo;ils sont combin\u00e9s avec la poign\u00e9e int\u00e9gr\u00e9e, ces poids donnent aux doigts un maintien incroyable et permettent une prise remarquablement s\u00fbre qui r\u00e9siste au roulement ou \u00e0 la torsion.<\/p>\n<p>PARAM\u00c8TRES DU PRODUIT<br \/>\nMat\u00e9riau du manche&nbsp;: Griv-Ex\u2122 long de style G-10<br \/>\nLongueur de la lame : 95 mm<br \/>\nPoids : 76,54 g<br \/>\nAcier&nbsp;:&nbsp;acier inoxydable japonais AUS 8A<br \/>\nTaille hors tout : 171 mm<br \/>\nMat\u00e9riau de la gaine&nbsp;: Gaine de cou Secure-Ex\u00ae avec lani\u00e8re en cha\u00eene de perles<br \/>\nCouleur noire<br \/>\nLongueur du manche : 76,2 mm<br \/>\n\u00c9paisseur de la lame : 2,5 mm<\/p>\n","protected":false},"excerpt":{"rendered":"<p>Les couteaux Mini Tac Neck de Cold Steel sont si fins et l\u00e9gers qu&rsquo;ils peuvent \u00eatre transport\u00e9s confortablement pratiquement 24 heures sur 24 !<\/p>\n","protected":false},"featured_media":343696,"comment_status":"open","ping_status":"closed","template":"","meta":[],"pwb-brand":[3789],"product_brand":[],"product_cat":[3697,3696],"product_tag":[],"class_list":{"0":"post-343695","1":"product","2":"type-product","3":"status-publish","4":"has-post-thumbnail","6":"pwb-brand-acier-froid","7":"product_cat-couteaux-solides","8":"product_cat-des-couteaux","10":"first","11":"instock","12":"taxable","13":"shipping-taxable","14":"purchasable","15":"product-type-simple"},"brands":[{"id":3789,"name":"Acier froid","slug":"acier-froid"}],"_links":{"self":[{"href":"https:\/\/www.moskito.cz\/fr\/wp-json\/wp\/v2\/product\/343695","targetHints":{"allow":["GET"]}}],"collection":[{"href":"https:\/\/www.moskito.cz\/fr\/wp-json\/wp\/v2\/product"}],"about":[{"href":"https:\/\/www.moskito.cz\/fr\/wp-json\/wp\/v2\/types\/product"}],"replies":[{"embeddable":true,"href":"https:\/\/www.moskito.cz\/fr\/wp-json\/wp\/v2\/comments?post=343695"}],"wp:featuredmedia":[{"embeddable":true,"href":"https:\/\/www.moskito.cz\/fr\/wp-json\/wp\/v2\/media\/343696"}],"wp:attachment":[{"href":"https:\/\/www.moskito.cz\/fr\/wp-json\/wp\/v2\/media?parent=343695"}],"wp:term":[{"taxonomy":"pwb-brand","embeddable":true,"href":"https:\/\/www.moskito.cz\/fr\/wp-json\/wp\/v2\/pwb-brand?post=343695"},{"taxonomy":"product_brand","embeddable":true,"href":"https:\/\/www.moskito.cz\/fr\/wp-json\/wp\/v2\/product_brand?post=343695"},{"taxonomy":"product_cat","embeddable":true,"href":"https:\/\/www.moskito.cz\/fr\/wp-json\/wp\/v2\/product_cat?post=343695"},{"taxonomy":"product_tag","embeddable":true,"href":"https:\/\/www.moskito.cz\/fr\/wp-json\/wp\/v2\/product_tag?post=343695"}],"curies":[{"name":"wp","href":"https:\/\/api.w.org\/{rel}","templated":true}]}}