{"id":343714,"date":"2022-04-21T19:41:45","date_gmt":"2022-04-21T18:41:45","guid":{"rendered":"https:\/\/www.moskito.cz\/produkt\/couteau-pliant-cold-steel-crawford-modele-1\/"},"modified":"2025-05-07T11:16:46","modified_gmt":"2025-05-07T10:16:46","slug":"couteau-pliant-cold-steel-crawford-modele-1","status":"publish","type":"product","link":"https:\/\/www.moskito.cz\/fr\/produkt\/couteau-pliant-cold-steel-crawford-modele-1\/","title":{"rendered":"Couteau pliant Cold Steel Crawford mod\u00e8le 1"},"content":{"rendered":"<p>Couteau pliant <strong>Cold Steel<\/strong> Crawford mod\u00e8le 1<\/p>\n<p>Le Crawford Model 1 doit son nom \u00e0 son cr\u00e9ateur, le coutelier am\u00e9ricain West Crawford. Wes Crawford a accept\u00e9 et a con\u00e7u un nouveau \u00ab\u00a0Flipper\u00a0\u00bb pour Cold Steel. La forme du couteau ne nie pas la signature de Crawford et est directement bas\u00e9e sur ses mod\u00e8les de couteaux personnalis\u00e9s \u00e0 succ\u00e8s. La lame large au ventre prononc\u00e9 pour une coupe plus confortable et une coupe creuse est en acier japonais marqu\u00e9 4034 Stainless Steel. Cet acier inoxydable poss\u00e8de des propri\u00e9t\u00e9s comparables \u00e0 l&rsquo;AUS 8A ou 440C. Le manche du couteau est en mat\u00e9riau Zy-Ex. Il est \u00e9quip\u00e9 d&rsquo;un double syst\u00e8me de s\u00e9curit\u00e9. La s\u00e9curit\u00e9 principale est le linerlock et la s\u00e9curit\u00e9 coulissante secondaire s\u00e9curise le couteau en position ouverte afin que le linerlock ne puisse pas \u00eatre bris\u00e9.<\/p>\n<p>PARAM\u00c8TRES DU PRODUIT<br \/>\nPoids : 116g<br \/>\nAcier&nbsp;:&nbsp;Japonais 4034SS<br \/>\nTaille hors tout : 213 mm<br \/>\nType de fusible : linerlock + serrure secondaire<br \/>\nMat\u00e9riau du manche&nbsp;: Zy-Ex\u2122 long<br \/>\n\u00c9paisseur de la lame : 3,3 mm<br \/>\nCouleur : Noir\/Argent<br \/>\nLongueur du manche : 122 mm<br \/>\nLongueur de la lame : 89 mm<\/p>\n","protected":false},"excerpt":{"rendered":"<div class=\"vc-commoditydetail_annotation\">\n<div class=\"annotation wysiwyg\">Le Crawford Model 1 est un couteau pliant EDC de taille moyenne dot\u00e9 d&rsquo;une lame lisse, d&rsquo;une ouverture flipper et d&rsquo;un linerlock + s\u00e9curit\u00e9 secondaire.<\/div>\n<\/div>\n<div class=\"vc-commoditydetail_info\">\n<div class=\"items loaded\" data-module=\"vm\/CommodityDetail_Info\"><\/div>\n<\/div>\n","protected":false},"featured_media":343715,"comment_status":"open","ping_status":"closed","template":"","meta":[],"pwb-brand":[3789],"product_brand":[],"product_cat":[3700,3696],"product_tag":[],"class_list":{"0":"post-343714","1":"product","2":"type-product","3":"status-publish","4":"has-post-thumbnail","6":"pwb-brand-acier-froid","7":"product_cat-couteaux-de-fermeture","8":"product_cat-des-couteaux","10":"first","11":"instock","12":"taxable","13":"shipping-taxable","14":"purchasable","15":"product-type-simple"},"brands":[{"id":3789,"name":"Acier froid","slug":"acier-froid"}],"_links":{"self":[{"href":"https:\/\/www.moskito.cz\/fr\/wp-json\/wp\/v2\/product\/343714","targetHints":{"allow":["GET"]}}],"collection":[{"href":"https:\/\/www.moskito.cz\/fr\/wp-json\/wp\/v2\/product"}],"about":[{"href":"https:\/\/www.moskito.cz\/fr\/wp-json\/wp\/v2\/types\/product"}],"replies":[{"embeddable":true,"href":"https:\/\/www.moskito.cz\/fr\/wp-json\/wp\/v2\/comments?post=343714"}],"wp:featuredmedia":[{"embeddable":true,"href":"https:\/\/www.moskito.cz\/fr\/wp-json\/wp\/v2\/media\/343715"}],"wp:attachment":[{"href":"https:\/\/www.moskito.cz\/fr\/wp-json\/wp\/v2\/media?parent=343714"}],"wp:term":[{"taxonomy":"pwb-brand","embeddable":true,"href":"https:\/\/www.moskito.cz\/fr\/wp-json\/wp\/v2\/pwb-brand?post=343714"},{"taxonomy":"product_brand","embeddable":true,"href":"https:\/\/www.moskito.cz\/fr\/wp-json\/wp\/v2\/product_brand?post=343714"},{"taxonomy":"product_cat","embeddable":true,"href":"https:\/\/www.moskito.cz\/fr\/wp-json\/wp\/v2\/product_cat?post=343714"},{"taxonomy":"product_tag","embeddable":true,"href":"https:\/\/www.moskito.cz\/fr\/wp-json\/wp\/v2\/product_tag?post=343714"}],"curies":[{"name":"wp","href":"https:\/\/api.w.org\/{rel}","templated":true}]}}