{"id":343719,"date":"2021-07-21T18:46:39","date_gmt":"2024-06-12T11:07:37","guid":{"rendered":"https:\/\/www.moskito.cz\/produkt\/dague-poussante-cold-steel-chaos-push-knife\/"},"modified":"2025-05-07T11:16:47","modified_gmt":"2025-05-07T10:16:47","slug":"dague-poussante-cold-steel-chaos-push-knife","status":"publish","type":"product","link":"https:\/\/www.moskito.cz\/fr\/produkt\/dague-poussante-cold-steel-chaos-push-knife\/","title":{"rendered":"Dague Poussante Cold Steel CHAOS PUSH KNIFE"},"content":{"rendered":"<p>Pousser le poignard <strong>Cold Steel<\/strong> CHAOS PUSH KNIFE.<\/p>\n<p>Enfin, le couteau D-guard con\u00e7u d\u00e8s le d\u00e9part pour prosp\u00e9rer dans les environnements militaires et d&rsquo;op\u00e9rations sp\u00e9ciales les plus exigeants. Fabriqu\u00e9 avec une large lame \u00e0 double tranchant am\u00e9lior\u00e9e pour \u00eatre tranchante comme un rasoir, il coupe, coupe et pousse comme une tron\u00e7onneuse sous st\u00e9ro\u00efdes. Mais c&rsquo;est la poign\u00e9e D-guard qui le rend vraiment unique, car elle offre une protection sans pr\u00e9c\u00e9dent pour votre main et vos doigts. La poign\u00e9e est moul\u00e9e par injection en Griv-Ex\u2122 avec des moules de pr\u00e9cision Kray-Ex\u2122 pour plus de confort et de r\u00e9sistance aux chocs. Permet des frappes percussives multidirectionnelles avec deux concasseurs de cr\u00e2ne amovibles. L&rsquo;\u00e9tui Secure-Ex\u00ae est hautement fonctionnel et est livr\u00e9 avec une boucle de ceinture en Cordura afin que vous puissiez toujours porter le couteau Chaos Push \u00e0 vos c\u00f4t\u00e9s.<\/p>\n<p>Acier&nbsp;: SK-5 \u00e0 haute teneur en carbone<br \/>\nLongueur de la lame : 127 mm<br \/>\nLongueur de la lame : 203 mm<br \/>\nLongueur du manche : 76 mm<br \/>\n\u00c9paisseur de la lame : 5 mm<br \/>\nCadre de protection de poign\u00e9e en aluminium 6061 \u00e0 haute r\u00e9sistance<br \/>\nPointes amovibles en acier inoxydable aux deux extr\u00e9mit\u00e9s du manche<br \/>\nL&#8217;emballage comprend une gaine Secure-Ex dans une combinaison de nylon et de polym\u00e8re<\/p>\n<p><strong>Cold Steel<\/strong> est une entreprise engag\u00e9e dans la production des couteaux les plus solides et les plus tranchants au monde. Au cours des trois derni\u00e8res d\u00e9cennies, Cold Steel a \u00e9t\u00e9 \u00e0 l&rsquo;avant-garde de nombreuses innovations qui ont contribu\u00e9 \u00e0 d\u00e9finir l&rsquo;industrie du couteau. Les succ\u00e8s successifs, notamment l&rsquo;introduction des manches \u00e0 carreaux Kraton\u00ae et des styles de lames \u00e0 pointe tanto, sont pass\u00e9s de caract\u00e9ristiques curieuses \u00e0 des marques industrielles de qualit\u00e9 et de sophistication. La nouvelle direction a \u00e9galement \u00e9t\u00e9 rompue avec l&rsquo;introduction de nouvelles lames en acier uniques telles que le San Mai III\u00ae et le m\u00e9canisme de verrouillage et de verrouillage Tri-Ad \u2122 pour les couteaux pliants. Par exemple, le verrou Tri-Ad \u2122 n&rsquo;a jamais \u00e9t\u00e9 \u00e9gal\u00e9 par aucun des concurrents de Cold Steel et il n&rsquo;a pas \u00e9t\u00e9 prouv\u00e9 qu&rsquo;il surpassait tout ce qu&rsquo;ils ont produit jusqu&rsquo;\u00e0 pr\u00e9sent. Bien entendu, Cold Steel sera toujours tourn\u00e9 vers l\u2019avenir et s\u2019efforcera constamment de produire les couteaux les plus solides et les plus tranchants au monde. Cet objectif, tout aussi insaisissable et difficile \u00e0 atteindre, est rest\u00e9 le m\u00eame au cours des quarante derni\u00e8res ann\u00e9es. Acier froid inc. est une entreprise ax\u00e9e sur la production des couteaux, \u00e9p\u00e9es, tomahawks, machettes, couverts et outils les plus solides et les plus tranchants pour le transport quotidien : EDC. Rapidement adopt\u00e9 par l&rsquo;arm\u00e9e, les forces sp\u00e9ciales charg\u00e9es de l&rsquo;application de la loi, les intervenants d&rsquo;urgence, les professionnels de l&rsquo;autod\u00e9fense et les membres de la communaut\u00e9 des arts martiaux, Cold Steel s&rsquo;est rapidement fait un nom pour sa qualit\u00e9, sa solidit\u00e9, sa fiabilit\u00e9 et sa fiabilit\u00e9 dans le transport quotidien (EDC). . Notre gamme diversifi\u00e9e et vari\u00e9e s&rsquo;est rapidement \u00e9largie pour inclure non seulement une vaste s\u00e9lection de couteaux pliants (des petites lames \u00ab EDC \u00bb \u00e0 nos embl\u00e9matiques \u00ab m\u00e9ga-dossiers \u00bb) g\u00e9ants, mais \u00e9galement des lames fixes, des \u00e9p\u00e9es, des sabres, des b\u00e2tons et des hallebardes, ainsi que ainsi que du mat\u00e9riel de chasse, des lances, des fusils, des haches, des machettes, des tomahawks et des outils ! Au fil des d\u00e9cennies, Cold Steel a introduit de nouveaux mat\u00e9riaux et conceptions r\u00e9volutionnaires qui ont contribu\u00e9 \u00e0 fa\u00e7onner le monde des couteaux, armes blanches et outils modernes. De l&rsquo;introduction de poign\u00e9es \u00e0 damier Kraton\u00ae et d&rsquo;une lame Tanto \u00ab am\u00e9ricanis\u00e9e \u00bb, \u00e0 l&rsquo;inclusion de nouveaux aciers de lame innovants comme le San Mai III\u00ae et de m\u00e9canismes de verrouillage r\u00e9volutionnaires (comme notre Tri-Ad \u2122 Lock). Alors que nous regardons vers l&rsquo;avenir, Cold Steel continue d&rsquo;apporter sur le march\u00e9 de nouveaux niveaux de r\u00e9sistance, de s\u00e9curit\u00e9 et de performance, en fournissant des produits \u00e9prouv\u00e9s sur lesquels vous pouvez compter, \u00e0 tout moment et en tout lieu !<\/p>\n<p>Enfin, un couteau poussoir D-guard con\u00e7u d\u00e8s le d\u00e9part pour prosp\u00e9rer dans les environnements militaires et d&rsquo;op\u00e9rations sp\u00e9ciales les plus difficiles. Fabriqu\u00e9 avec une lame large \u00e0 double tranchant aff\u00fbt\u00e9e pour devenir un rasoir, il coupe, tranche et pousse comme une tron\u00e7onneuse sous st\u00e9ro\u00efdes. Mais c&rsquo;est la poign\u00e9e D-guard qui le rend vraiment unique car elle offre une protection sans pr\u00e9c\u00e9dent pour votre main et vos doigts. La poign\u00e9e est moul\u00e9e par injection sous forme de Griv-Ex\u2122 avec des surmoulages Kray-Ex\u2122 pour plus de confort et de r\u00e9sistance aux chocs. Il permet des coups de percussion multidirectionnels gr\u00e2ce \u00e0 ses deux pommeaux broyeurs de cr\u00e2ne, amovibles. L&rsquo;\u00e9tui Secure-Ex\u00ae est hautement fonctionnel et est livr\u00e9 avec une boucle de ceinture en Cordura, de sorte que le Chaos Push Knife peut \u00eatre port\u00e9 \u00e0 vos c\u00f4t\u00e9s \u00e0 tout moment.<br \/>\nPoids : 5 oz Type de couteau : Fixe Famille de produits : Chaos Steel Famille : Aciers \u00e0 haute teneur en carbone<\/p>\n<p>&nbsp;<\/p>\n","protected":false},"excerpt":{"rendered":"<p>Le Chaos Push Knife est un couteau solide avec une lame lisse. Le couteau est domin\u00e9 par un prot\u00e8ge-main \u00ab&nbsp;D&nbsp;\u00bb en aluminium 6061 \u00e0 haute r\u00e9sistance.<\/p>\n","protected":false},"featured_media":343720,"comment_status":"open","ping_status":"closed","template":"","meta":[],"pwb-brand":[3789],"product_brand":[],"product_cat":[3697,3696],"product_tag":[],"class_list":{"0":"post-343719","1":"product","2":"type-product","3":"status-publish","4":"has-post-thumbnail","6":"pwb-brand-acier-froid","7":"product_cat-couteaux-solides","8":"product_cat-des-couteaux","10":"first","11":"instock","12":"taxable","13":"shipping-taxable","14":"purchasable","15":"product-type-simple"},"brands":[{"id":3789,"name":"Acier froid","slug":"acier-froid"}],"_links":{"self":[{"href":"https:\/\/www.moskito.cz\/fr\/wp-json\/wp\/v2\/product\/343719","targetHints":{"allow":["GET"]}}],"collection":[{"href":"https:\/\/www.moskito.cz\/fr\/wp-json\/wp\/v2\/product"}],"about":[{"href":"https:\/\/www.moskito.cz\/fr\/wp-json\/wp\/v2\/types\/product"}],"replies":[{"embeddable":true,"href":"https:\/\/www.moskito.cz\/fr\/wp-json\/wp\/v2\/comments?post=343719"}],"wp:featuredmedia":[{"embeddable":true,"href":"https:\/\/www.moskito.cz\/fr\/wp-json\/wp\/v2\/media\/343720"}],"wp:attachment":[{"href":"https:\/\/www.moskito.cz\/fr\/wp-json\/wp\/v2\/media?parent=343719"}],"wp:term":[{"taxonomy":"pwb-brand","embeddable":true,"href":"https:\/\/www.moskito.cz\/fr\/wp-json\/wp\/v2\/pwb-brand?post=343719"},{"taxonomy":"product_brand","embeddable":true,"href":"https:\/\/www.moskito.cz\/fr\/wp-json\/wp\/v2\/product_brand?post=343719"},{"taxonomy":"product_cat","embeddable":true,"href":"https:\/\/www.moskito.cz\/fr\/wp-json\/wp\/v2\/product_cat?post=343719"},{"taxonomy":"product_tag","embeddable":true,"href":"https:\/\/www.moskito.cz\/fr\/wp-json\/wp\/v2\/product_tag?post=343719"}],"curies":[{"name":"wp","href":"https:\/\/api.w.org\/{rel}","templated":true}]}}