{"id":343728,"date":"2022-11-06T22:17:11","date_gmt":"2022-11-06T21:17:11","guid":{"rendered":"https:\/\/www.moskito.cz\/produkt\/couteau-fixe-cold-steel-double-agent-ii\/"},"modified":"2024-06-12T12:10:25","modified_gmt":"2024-06-12T11:10:25","slug":"couteau-fixe-cold-steel-double-agent-ii","status":"publish","type":"product","link":"https:\/\/www.moskito.cz\/fr\/produkt\/couteau-fixe-cold-steel-double-agent-ii\/","title":{"rendered":"Couteau Fixe Cold Steel DOUBLE AGENT II"},"content":{"rendered":"<p>Couteau fixe Cold Steel DOUBLE AGENT II.<\/p>\n<p>Con\u00e7us par le coutelier personnalis\u00e9 Zach Whitson, les couteaux Cold&rsquo;s Double Agent sont disponibles avec une lame Karambit ou Clip Point. Fin, plat et super l\u00e9ger (un peu plus de 3 onces, \u00e9tui s\u00e9curis\u00e9 compris !), facile \u00e0 dissimuler et tr\u00e8s confortable \u00e0 transporter. Cependant, leur caract\u00e9ristique la plus remarquable et la plus accrocheuse est la conception de la poign\u00e9e \u00e0 double anneau. Enfilez votre index et votre petit doigt dans les anneaux en acier int\u00e9gr\u00e9s et formez un poing pour une prise confortable et s\u00fbre.<\/p>\n<p>PARAM\u00c8TRES DU PRODUIT<br \/>\nCouleur: noir\/argent<br \/>\nMat\u00e9riau de la gaine&nbsp;: Gaine Secure-Ex\u00ae<br \/>\nAcier&nbsp;:&nbsp;acier inoxydable japonais AUS 8A<br \/>\nTaille hors tout : 193 mm<br \/>\nMat\u00e9riau du manche&nbsp;: Long avec poign\u00e9e Griv-Ex<br \/>\n\u00c9paisseur de la lame : 2,3 mm<br \/>\nPoids : 68,03 g<br \/>\nLongueur du manche : 117 mm<\/p>\n","protected":false},"excerpt":{"rendered":"<p>Le Double Agent II de COLD STEEL est un couteau dot\u00e9 d&rsquo;une lame fixe Clip Point et d&rsquo;un bord lisse.<\/p>\n","protected":false},"featured_media":343729,"comment_status":"open","ping_status":"closed","template":"","meta":[],"pwb-brand":[3789],"product_brand":[],"product_cat":[3697,3696],"product_tag":[],"class_list":{"0":"post-343728","1":"product","2":"type-product","3":"status-publish","4":"has-post-thumbnail","6":"pwb-brand-acier-froid","7":"product_cat-couteaux-solides","8":"product_cat-des-couteaux","10":"first","11":"outofstock","12":"taxable","13":"shipping-taxable","14":"purchasable","15":"product-type-simple"},"brands":[{"id":3789,"name":"Acier froid","slug":"acier-froid"}],"_links":{"self":[{"href":"https:\/\/www.moskito.cz\/fr\/wp-json\/wp\/v2\/product\/343728","targetHints":{"allow":["GET"]}}],"collection":[{"href":"https:\/\/www.moskito.cz\/fr\/wp-json\/wp\/v2\/product"}],"about":[{"href":"https:\/\/www.moskito.cz\/fr\/wp-json\/wp\/v2\/types\/product"}],"replies":[{"embeddable":true,"href":"https:\/\/www.moskito.cz\/fr\/wp-json\/wp\/v2\/comments?post=343728"}],"wp:featuredmedia":[{"embeddable":true,"href":"https:\/\/www.moskito.cz\/fr\/wp-json\/wp\/v2\/media\/343729"}],"wp:attachment":[{"href":"https:\/\/www.moskito.cz\/fr\/wp-json\/wp\/v2\/media?parent=343728"}],"wp:term":[{"taxonomy":"pwb-brand","embeddable":true,"href":"https:\/\/www.moskito.cz\/fr\/wp-json\/wp\/v2\/pwb-brand?post=343728"},{"taxonomy":"product_brand","embeddable":true,"href":"https:\/\/www.moskito.cz\/fr\/wp-json\/wp\/v2\/product_brand?post=343728"},{"taxonomy":"product_cat","embeddable":true,"href":"https:\/\/www.moskito.cz\/fr\/wp-json\/wp\/v2\/product_cat?post=343728"},{"taxonomy":"product_tag","embeddable":true,"href":"https:\/\/www.moskito.cz\/fr\/wp-json\/wp\/v2\/product_tag?post=343728"}],"curies":[{"name":"wp","href":"https:\/\/api.w.org\/{rel}","templated":true}]}}