{"id":343761,"date":"2022-10-31T21:44:05","date_gmt":"2024-06-12T11:24:42","guid":{"rendered":"https:\/\/www.moskito.cz\/produkt\/couteau-pliant-kudu-cold-steel\/"},"modified":"2025-05-07T11:16:48","modified_gmt":"2025-05-07T10:16:48","slug":"couteau-pliant-kudu-cold-steel","status":"publish","type":"product","link":"https:\/\/www.moskito.cz\/fr\/produkt\/couteau-pliant-kudu-cold-steel\/","title":{"rendered":"Couteau pliant KUDU Cold Steel"},"content":{"rendered":"<p>Couteau pliant KUDU <strong>en acier froid<\/strong> .<\/p>\n<p>Le Cold Steel Kudu s&rsquo;inspire des couteaux pliants classiques \u00e0 anneau d&rsquo;Afrique. Propri\u00e9t\u00e9s et port\u00e9es par des personnes de tous horizons, ces lames hautement fonctionnelles sont l&rsquo;outil de choix quotidien pour presque toutes les t\u00e2ches imaginables. Ils ont r\u00e9sist\u00e9 \u00e0 l\u2019\u00e9preuve du temps et sont utilis\u00e9s en continu depuis des si\u00e8cles \u2013 et pour cause \u2013 ils fonctionnent ! Notre Kudu est dot\u00e9 d&rsquo;une lame en acier inoxydable tr\u00e8s durable et magnifiquement polie miroir qui est savamment trait\u00e9e thermiquement pour offrir un excellent \u00e9quilibre entre la r\u00e9tention des bords et un r\u00e9aff\u00fbtage facile. La poign\u00e9e est fabriqu\u00e9e en Zy-Ex renforc\u00e9 de verre durable et pr\u00e9sente une texture de bois attrayante et une bordure argent\u00e9e polie. Kudu est incroyablement l\u00e9ger, polyvalent et fonctionnel, et abordable pour presque tous les budgets.<\/p>\n<p>PARAM\u00c8TRES DU PRODUIT<br \/>\nAcier&nbsp;: 5Cr15MoV<br \/>\nLongueur de la lame : 107 mm<br \/>\nMat\u00e9riau du manche : Long Zy-Ex\u2122<br \/>\n\u00c9paisseur de la lame : 2 mm<br \/>\nCouleur: noir\/argent<br \/>\nPoids : 76g<br \/>\nLongueur du manche : 146 mm<br \/>\nTaille hors tout : 254 mm<br \/>\nType de fusible : fusible \u00e0 anneau<\/p>\n","protected":false},"excerpt":{"rendered":"<p>Le Cold Steel Kudu s&rsquo;inspire des couteaux pliants classiques \u00e0 anneau d&rsquo;Afrique.<\/p>\n","protected":false},"featured_media":343763,"comment_status":"open","ping_status":"closed","template":"","meta":[],"pwb-brand":[3789],"product_brand":[],"product_cat":[3700,3696],"product_tag":[],"class_list":{"0":"post-343761","1":"product","2":"type-product","3":"status-publish","4":"has-post-thumbnail","6":"pwb-brand-acier-froid","7":"product_cat-couteaux-de-fermeture","8":"product_cat-des-couteaux","10":"first","11":"instock","12":"taxable","13":"shipping-taxable","14":"purchasable","15":"product-type-simple"},"brands":[{"id":3789,"name":"Acier froid","slug":"acier-froid"}],"_links":{"self":[{"href":"https:\/\/www.moskito.cz\/fr\/wp-json\/wp\/v2\/product\/343761","targetHints":{"allow":["GET"]}}],"collection":[{"href":"https:\/\/www.moskito.cz\/fr\/wp-json\/wp\/v2\/product"}],"about":[{"href":"https:\/\/www.moskito.cz\/fr\/wp-json\/wp\/v2\/types\/product"}],"replies":[{"embeddable":true,"href":"https:\/\/www.moskito.cz\/fr\/wp-json\/wp\/v2\/comments?post=343761"}],"wp:featuredmedia":[{"embeddable":true,"href":"https:\/\/www.moskito.cz\/fr\/wp-json\/wp\/v2\/media\/343763"}],"wp:attachment":[{"href":"https:\/\/www.moskito.cz\/fr\/wp-json\/wp\/v2\/media?parent=343761"}],"wp:term":[{"taxonomy":"pwb-brand","embeddable":true,"href":"https:\/\/www.moskito.cz\/fr\/wp-json\/wp\/v2\/pwb-brand?post=343761"},{"taxonomy":"product_brand","embeddable":true,"href":"https:\/\/www.moskito.cz\/fr\/wp-json\/wp\/v2\/product_brand?post=343761"},{"taxonomy":"product_cat","embeddable":true,"href":"https:\/\/www.moskito.cz\/fr\/wp-json\/wp\/v2\/product_cat?post=343761"},{"taxonomy":"product_tag","embeddable":true,"href":"https:\/\/www.moskito.cz\/fr\/wp-json\/wp\/v2\/product_tag?post=343761"}],"curies":[{"name":"wp","href":"https:\/\/api.w.org\/{rel}","templated":true}]}}