{"id":343791,"date":"2022-09-27T21:07:10","date_gmt":"2024-06-12T11:25:17","guid":{"rendered":"https:\/\/www.moskito.cz\/produkt\/couteau-fixe-crkt-halfachance-k920kkp\/"},"modified":"2025-05-07T11:16:49","modified_gmt":"2025-05-07T10:16:49","slug":"couteau-fixe-crkt-halfachance-k920kkp","status":"publish","type":"product","link":"https:\/\/www.moskito.cz\/fr\/produkt\/couteau-fixe-crkt-halfachance-k920kkp\/","title":{"rendered":"Couteau Fixe CRKT HALFACHANCE K920KKP"},"content":{"rendered":"<p>Couteau Fixe <strong>CRKT<\/strong> HALFACHANCE K920KKP.<\/p>\n<p>Avec une lame de taille g\u00e9n\u00e9reuse, une poign\u00e9e confortable et une gaine en nylon renforc\u00e9e, c&rsquo;est un paraang de survie \u00e0 utiliser lorsque vous \u00eates votre propre \u00e9quipe de secours.<\/p>\n<p>Le Halfachance\u2122 est une lame de parang de survie massive et solide con\u00e7ue par le coutelier personnalis\u00e9 prim\u00e9 Ken Onion de Kaneohe, HI pour \u00eatre durable, solide et fonctionner comme un b\u0153uf. La solide lame en acier au carbone est recouverte d&rsquo;un rev\u00eatement en poudre noire qui est durable dans les environnements extr\u00eames. Con\u00e7u pour un usage intensif, il gagne facilement un avantage sur le terrain une fois que vous vous \u00eates fray\u00e9 un chemin hors des profondeurs de la jungle.<\/p>\n<p>La moiti\u00e9 de la bataille dans n\u2019importe quelle situation de survie est li\u00e9e \u00e0 votre propre \u00e9puisement physique. Pour \u00e9viter cela, la poign\u00e9e moul\u00e9e par double injection est con\u00e7ue de mani\u00e8re ergonomique pour r\u00e9duire la fatigue de la main et comporte plusieurs trous de corde pour diff\u00e9rentes options de pr\u00e9hension. Le r\u00e9sultat est un d\u00e9coupage plus efficace lorsque vous devez tracer votre propre chemin. Litt\u00e9ralement.<\/p>\n<p>Ce parang est dot\u00e9 d&rsquo;une gaine en nylon renforc\u00e9 avec un syst\u00e8me unique de boucles velcro qui peut \u00eatre chang\u00e9 entre deux positions : suspendu ou attach\u00e9 \u00e0 la ceinture. Un pendentif paracorde suppl\u00e9mentaire se fixe au fourreau en cas d&rsquo;urgence ou attache cette paire \u00e0 un sac, un camion ou une mule.<\/p>\n<p>Atteignez la lame qui vous ram\u00e8nera chez vous en toute s\u00e9curit\u00e9, m\u00eame si vous ne disposez que d&rsquo;Halfachance\u2122 pour survivre.<\/p>\n<p>CARACT\u00c9RISTIQUES<br \/>\nLongueur de la lame 14,00 po (355,60 mm)<br \/>\nLame lame Plaine<br \/>\nAcier de lame en acier au carbone 65Mn<br \/>\nTraitement de surface de la lame avec rev\u00eatement en poudre<br \/>\n\u00c9paisseur de la lame 0,10&nbsp;po (2,54&nbsp;mm)<br \/>\nLongueur totale 19,50&Prime; (495,30 mm)<br \/>\nPoids 1,28 livre (0,58 kg)<br \/>\nManche en nylon renforc\u00e9 de verre avec rev\u00eatement en caoutchouc<br \/>\nStyle Couteau \u00e0 lame fixe avec \u00e9tui<br \/>\nMat\u00e9riau de la coque Nylon tiss\u00e9<br \/>\nPoids de la coquille 6,10 oz (172,93 g)<\/p>\n<p><iframe title=\"CRKT Halfachance Parang | by Ken Onion\" width=\"800\" height=\"450\" src=\"https:\/\/www.youtube.com\/embed\/chsRGpztVDQ?feature=oembed\" frameborder=\"0\" allow=\"accelerometer; autoplay; clipboard-write; encrypted-media; gyroscope; picture-in-picture; web-share\" referrerpolicy=\"strict-origin-when-cross-origin\" allowfullscreen><\/iframe><\/p>\n<p>&nbsp;<\/p>\n<p>&nbsp;<\/p>\n","protected":false},"excerpt":{"rendered":"<p>Con\u00e7u par Ken Onion \u00e0 Kaneohe, Hawa\u00ef.<\/p>\n","protected":false},"featured_media":343792,"comment_status":"open","ping_status":"closed","template":"","meta":[],"pwb-brand":[3762],"product_brand":[],"product_cat":[3697,3696],"product_tag":[3754],"class_list":{"0":"post-343791","1":"product","2":"type-product","3":"status-publish","4":"has-post-thumbnail","6":"pwb-brand-crkt-fr","7":"product_cat-couteaux-solides","8":"product_cat-des-couteaux","9":"product_tag-b2b-fr","11":"first","12":"outofstock","13":"taxable","14":"shipping-taxable","15":"purchasable","16":"product-type-simple"},"brands":[{"id":3762,"name":"CRKT","slug":"crkt-fr"}],"_links":{"self":[{"href":"https:\/\/www.moskito.cz\/fr\/wp-json\/wp\/v2\/product\/343791","targetHints":{"allow":["GET"]}}],"collection":[{"href":"https:\/\/www.moskito.cz\/fr\/wp-json\/wp\/v2\/product"}],"about":[{"href":"https:\/\/www.moskito.cz\/fr\/wp-json\/wp\/v2\/types\/product"}],"replies":[{"embeddable":true,"href":"https:\/\/www.moskito.cz\/fr\/wp-json\/wp\/v2\/comments?post=343791"}],"wp:featuredmedia":[{"embeddable":true,"href":"https:\/\/www.moskito.cz\/fr\/wp-json\/wp\/v2\/media\/343792"}],"wp:attachment":[{"href":"https:\/\/www.moskito.cz\/fr\/wp-json\/wp\/v2\/media?parent=343791"}],"wp:term":[{"taxonomy":"pwb-brand","embeddable":true,"href":"https:\/\/www.moskito.cz\/fr\/wp-json\/wp\/v2\/pwb-brand?post=343791"},{"taxonomy":"product_brand","embeddable":true,"href":"https:\/\/www.moskito.cz\/fr\/wp-json\/wp\/v2\/product_brand?post=343791"},{"taxonomy":"product_cat","embeddable":true,"href":"https:\/\/www.moskito.cz\/fr\/wp-json\/wp\/v2\/product_cat?post=343791"},{"taxonomy":"product_tag","embeddable":true,"href":"https:\/\/www.moskito.cz\/fr\/wp-json\/wp\/v2\/product_tag?post=343791"}],"curies":[{"name":"wp","href":"https:\/\/api.w.org\/{rel}","templated":true}]}}