{"id":343806,"date":"2022-04-17T21:36:27","date_gmt":"2022-04-17T20:36:27","guid":{"rendered":"https:\/\/www.moskito.cz\/produkt\/couteau-pliant-cold-steel-sr1\/"},"modified":"2025-05-07T11:16:50","modified_gmt":"2025-05-07T10:16:50","slug":"couteau-pliant-cold-steel-sr1","status":"publish","type":"product","link":"https:\/\/www.moskito.cz\/fr\/produkt\/couteau-pliant-cold-steel-sr1\/","title":{"rendered":"Couteau pliant Cold Steel SR1"},"content":{"rendered":"<p>Couteau pliant <strong>Cold Steel<\/strong> SR1.<\/p>\n<p><strong>Le Cold Steel SRK<\/strong> (Survival Rescue Knife) est le fier fleuron de notre gamme depuis plus de 25 ans. Le couteau de choix de beaucoup de nos fr\u00e8res et s\u0153urs militaires reste la lame fixe standard des Navy SEAL lors de l\u2019entra\u00eenement BUDS. Il n&rsquo;est donc pas \u00e9tonnant que lorsque nous avons charg\u00e9 le coutelier sur mesure Andrew Demko de d\u00e9velopper un nouveau couteau pliant tactique haut de gamme \u00e0 usage militaire, il s&rsquo;est inspir\u00e9 du l\u00e9gendaire SRK ! Le SR1 pr\u00e9sente le style minimaliste caract\u00e9ristique d&rsquo;Andrews, sans fioritures ni fioritures, juste un design purement fonctionnel et pratique. La lame SR1 robuste est con\u00e7ue pour le travail. Fabriqu\u00e9 \u00e0 partir d&rsquo;acier CPM-S35VN \u00e0 rev\u00eatement en poudre am\u00e9ricain de qualit\u00e9 sup\u00e9rieure de 5 mm d&rsquo;\u00e9paisseur, il s&rsquo;agit d&rsquo;un outil robuste, con\u00e7u pour les environnements les plus difficiles et les plus impitoyables. Une bonne lame n\u00e9cessite un bon manche, c&rsquo;est pourquoi le manche SR1 est fabriqu\u00e9 \u00e0 partir de G-10 de qualit\u00e9 sup\u00e9rieure avec des inserts en acier trait\u00e9 thermiquement. Avec un trou pour lani\u00e8re int\u00e9gr\u00e9 et une surface textur\u00e9e rugueuse pour une prise s\u00fbre m\u00eame dans des conditions froides et humides et sa forme experte pour une prise confortable et s\u00fbre m\u00eame avec des gants lourds. Pour plus de fiabilit\u00e9 et de tranquillit\u00e9 d&rsquo;esprit, nous avons \u00e9quip\u00e9 le SR1 de notre m\u00e9canisme de verrouillage Tri-Ad de renomm\u00e9e mondiale &#8211; \u00e9prouv\u00e9 \u00e0 maintes reprises pour r\u00e9sister aux pires abus, avec une r\u00e9sistance aux chocs et aux impacts in\u00e9gal\u00e9e &#8211; faisant de ce couteau le choix id\u00e9al pour une lame de survie destin\u00e9e \u00e0 l&rsquo;\u00e9lite de guerre de nos nations ! conditions humides et sa forme experte pour permettre une prise confortable et s\u00fbre m\u00eame avec des gants lourds. Pour plus de fiabilit\u00e9 et de tranquillit\u00e9 d&rsquo;esprit, nous avons \u00e9quip\u00e9 le SR1 de notre m\u00e9canisme de verrouillage Tri-Ad de renomm\u00e9e mondiale &#8211; \u00e9prouv\u00e9 \u00e0 maintes reprises pour r\u00e9sister aux pires abus, avec une r\u00e9sistance aux chocs et aux impacts in\u00e9gal\u00e9e &#8211; faisant de ce couteau le choix id\u00e9al pour une lame de survie destin\u00e9e \u00e0 l&rsquo;\u00e9lite de guerre de nos nations ! conditions humides et sa forme experte pour permettre une prise confortable et s\u00fbre m\u00eame avec des gants lourds. Pour plus de fiabilit\u00e9 et de tranquillit\u00e9 d&rsquo;esprit, nous avons \u00e9quip\u00e9 le SR1 de notre m\u00e9canisme de verrouillage Tri-Ad de renomm\u00e9e mondiale &#8211; \u00e9prouv\u00e9 \u00e0 maintes reprises pour r\u00e9sister aux pires abus, avec une r\u00e9sistance aux chocs et aux impacts in\u00e9gal\u00e9e &#8211; faisant de ce couteau le choix id\u00e9al pour une lame de survie destin\u00e9e \u00e0 l&rsquo;\u00e9lite de guerre de nos nations !<\/p>\n<p>PARAM\u00c8TRES DU PRODUIT<br \/>\nLongueur de la lame : 101 mm<br \/>\nTaille hors tout : 238 mm<br \/>\nAcier&nbsp;: CPM-S35VN<br \/>\nPoids : 198,44 g<br \/>\n\u00c9paisseur de la lame : 4,8 mm<br \/>\nType de fusible : Tri-Ad Lock<br \/>\nMat\u00e9riau du manche : Long OD vert G10<br \/>\nCouleur : Vert\/Argent<br \/>\nMat\u00e9riau du bo\u00eetier&nbsp;: Poche ambidextre \/ Clip ceinture<br \/>\nLongueur du manche : 137 mm<\/p>\n<p>Le Cold Steel SRK (Survival Rescue Knife) est une lame phare de notre gamme depuis plus de 25 ans. Couteau de choix pour beaucoup de nos fr\u00e8res et s\u0153urs militaires, il reste \u00e0 ce jour la lame fixe standard des Navy SEAL lors de l&rsquo;entra\u00eenement BUDS. Il n\u2019est donc pas \u00e9tonnant que lorsque nous avons charg\u00e9 le coutelier sur mesure Andrew Demko de d\u00e9velopper un nouveau couteau pliant tactique haut de gamme destin\u00e9 \u00e0 une application militaire, il se soit inspir\u00e9 du l\u00e9gendaire SRK&nbsp;! Le SR1 pr\u00e9sente le style minimaliste caract\u00e9ristique d&rsquo;Andrews, sans fioritures ni embellissements inutiles, juste un design purement fonctionnel, sans fioritures et pratique. La lame robuste du SR1 est con\u00e7ue pour \u00eatre utilis\u00e9e. Fabriqu\u00e9 \u00e0 partir d&rsquo;acier poudr\u00e9 am\u00e9ricain CPM-S35VN de qualit\u00e9 sup\u00e9rieure de 5 mm d&rsquo;\u00e9paisseur, c&rsquo;est un cheval de bataille robuste, con\u00e7u pour les environnements les plus difficiles et les plus impitoyables. Une bonne lame n\u00e9cessite un bon manche, c&rsquo;est pourquoi le manche du SR1 est fabriqu\u00e9 \u00e0 partir de G-10 de qualit\u00e9 sup\u00e9rieure avec des doublures en acier imbriqu\u00e9es trait\u00e9es thermiquement. Avec un trou pour lani\u00e8re int\u00e9gr\u00e9 et une surface \u00e0 texture grossi\u00e8re pour une prise s\u00fbre m\u00eame dans des conditions froides et humides, et savamment profil\u00e9 pour permettre une prise confortable et s\u00fbre m\u00eame lorsque vous portez des gants \u00e9pais. Pour plus de fiabilit\u00e9 et de tranquillit\u00e9 d&rsquo;esprit, nous avons \u00e9quip\u00e9 le SR1 de notre m\u00e9canisme de verrouillage Tri-Ad de renomm\u00e9e mondiale &#8211; \u00e9prouv\u00e9 \u00e0 maintes reprises pour r\u00e9sister aux pires abus, avec une r\u00e9sistance in\u00e9gal\u00e9e aux chocs et aux impacts &#8211; faisant de ce couteau le choix id\u00e9al pour un Lame de sauvetage de survie destin\u00e9e \u00e0 l&rsquo;\u00e9lite guerri\u00e8re de nos nations !<\/p>\n<p>Poids : 7 oz \u00c9paisseur de la lame : 4,8 mm Longueur de la lame : 4 pouces Acier de la lame : S35VN Longueur\/mat\u00e9riau du manche : 5-3\/8 pouces G-10 (OD vert) Longueur totale : 9-3\/8 pouces Caract\u00e9ristiques suppl\u00e9mentaires : Couteau de poche\/clip de ceinture ambidextre Type : Dossier Plage de longueur de la lame : 3-5 po Famille d&rsquo;acier : CPM Forme de la lame : Clip Point Famille de produits : SR1 M\u00e9canisme de verrouillage : Tri-Ad Lock<\/p>\n","protected":false},"excerpt":{"rendered":"<p>SR1 de <strong>COLD STEEL<\/strong> est un couteau pliant dot\u00e9 d&rsquo;une lame lisse. Le SR1 est un couteau utilitaire robuste con\u00e7u pour \u00eatre utilis\u00e9 dans les conditions les plus exigeantes.<\/p>\n","protected":false},"featured_media":343807,"comment_status":"open","ping_status":"closed","template":"","meta":[],"pwb-brand":[3789],"product_brand":[],"product_cat":[3700,3696],"product_tag":[],"class_list":{"0":"post-343806","1":"product","2":"type-product","3":"status-publish","4":"has-post-thumbnail","6":"pwb-brand-acier-froid","7":"product_cat-couteaux-de-fermeture","8":"product_cat-des-couteaux","10":"first","11":"instock","12":"taxable","13":"shipping-taxable","14":"purchasable","15":"product-type-simple"},"brands":[{"id":3789,"name":"Acier froid","slug":"acier-froid"}],"_links":{"self":[{"href":"https:\/\/www.moskito.cz\/fr\/wp-json\/wp\/v2\/product\/343806","targetHints":{"allow":["GET"]}}],"collection":[{"href":"https:\/\/www.moskito.cz\/fr\/wp-json\/wp\/v2\/product"}],"about":[{"href":"https:\/\/www.moskito.cz\/fr\/wp-json\/wp\/v2\/types\/product"}],"replies":[{"embeddable":true,"href":"https:\/\/www.moskito.cz\/fr\/wp-json\/wp\/v2\/comments?post=343806"}],"wp:featuredmedia":[{"embeddable":true,"href":"https:\/\/www.moskito.cz\/fr\/wp-json\/wp\/v2\/media\/343807"}],"wp:attachment":[{"href":"https:\/\/www.moskito.cz\/fr\/wp-json\/wp\/v2\/media?parent=343806"}],"wp:term":[{"taxonomy":"pwb-brand","embeddable":true,"href":"https:\/\/www.moskito.cz\/fr\/wp-json\/wp\/v2\/pwb-brand?post=343806"},{"taxonomy":"product_brand","embeddable":true,"href":"https:\/\/www.moskito.cz\/fr\/wp-json\/wp\/v2\/product_brand?post=343806"},{"taxonomy":"product_cat","embeddable":true,"href":"https:\/\/www.moskito.cz\/fr\/wp-json\/wp\/v2\/product_cat?post=343806"},{"taxonomy":"product_tag","embeddable":true,"href":"https:\/\/www.moskito.cz\/fr\/wp-json\/wp\/v2\/product_tag?post=343806"}],"curies":[{"name":"wp","href":"https:\/\/api.w.org\/{rel}","templated":true}]}}