{"id":343821,"date":"2022-11-03T22:05:11","date_gmt":"2022-11-03T21:05:11","guid":{"rendered":"https:\/\/www.moskito.cz\/produkt\/couteau-pliant-cold-steel-sr1-tanto-point\/"},"modified":"2025-05-07T11:16:51","modified_gmt":"2025-05-07T10:16:51","slug":"couteau-pliant-cold-steel-sr1-tanto-point","status":"publish","type":"product","link":"https:\/\/www.moskito.cz\/fr\/produkt\/couteau-pliant-cold-steel-sr1-tanto-point\/","title":{"rendered":"Couteau pliant Cold Steel SR1 TANTO POINT"},"content":{"rendered":"<p>Couteau pliant <strong>Cold Steel<\/strong> SR1 TANTO POINT.<\/p>\n<p>Le Cold Steel SRK (Survival Rescue Knife) est le fleuron de notre gamme depuis plus de 25 ans. Couteau de choix pour de nombreux militaires, il reste \u00e0 ce jour la lame fixe standard des Navy SEAL en formation BUDS. Lorsque nous avons demand\u00e9 au coutelier sur mesure Andrew Demek de d\u00e9velopper un couteau pliant tactique haut de gamme \u00e0 usage militaire, il s&rsquo;est inspir\u00e9 de notre SRK ! Le SR1 pr\u00e9sente le style minimaliste caract\u00e9ristique d&rsquo;Andrew, sans fioritures ni fioritures, juste un design purement fonctionnel et pratique. Le SR1 et le nouveau SR1 Tanto sont con\u00e7us pour le travail. Les deux sont fabriqu\u00e9s \u00e0 partir d\u2019acier en poudre am\u00e9ricain CPM-S35VN de premi\u00e8re qualit\u00e9 et sont des b\u00eates de somme hautes performances, con\u00e7ues pour les environnements les plus difficiles et les plus impitoyables. Une bonne lame n\u00e9cessite un bon manche, c&rsquo;est pourquoi le manche SR1 est fabriqu\u00e9 \u00e0 partir de G-10 de qualit\u00e9 sup\u00e9rieure avec des inserts en acier trait\u00e9 thermiquement. Avec une surface textur\u00e9e rugueuse pour une prise s\u00fbre m\u00eame dans des conditions froides et humides et sa forme experte pour une prise confortable et s\u00fbre m\u00eame avec des gants lourds. Pour plus de fiabilit\u00e9 et de tranquillit\u00e9 d&rsquo;esprit, nous avons \u00e9quip\u00e9 le SR1 de notre m\u00e9canisme de verrouillage Tri-Ad \u2013 \u00e9prouv\u00e9 pour r\u00e9sister aux pires abus, avec une r\u00e9sistance in\u00e9gal\u00e9e aux chocs et aux impacts \u2013 faisant de ce couteau le choix id\u00e9al pour une lame de survie.<\/p>\n<p>PARAM\u00c8TRES DU PRODUIT<br \/>\n\u00c9paisseur de la lame : 4,8 mm<br \/>\nMat\u00e9riau du manche : Long OD Vert G11<br \/>\nTaille hors tout : 238 mm<br \/>\nType de serrure&nbsp;: Serrure Tri-Ad<br \/>\nPoids : 204 g<br \/>\nCouleur: vert\/argent<br \/>\nAcier&nbsp;: CPM-S35VN<br \/>\nLongueur de la lame : 101 mm<br \/>\nMat\u00e9riau de l&rsquo;\u00e9tui&nbsp;: poche ambidextre \/ clip de ceinture<br \/>\nLongueur du manche : 137 mm<\/p>\n","protected":false},"excerpt":{"rendered":"<p><strong>Le SR1 Tanto de COLD STEEL est un couteau pliant dot\u00e9 d&rsquo;une lame lisse.<\/strong><\/p>\n","protected":false},"featured_media":343823,"comment_status":"open","ping_status":"closed","template":"","meta":[],"pwb-brand":[3789],"product_brand":[],"product_cat":[3700,3696],"product_tag":[3754],"class_list":{"0":"post-343821","1":"product","2":"type-product","3":"status-publish","4":"has-post-thumbnail","6":"pwb-brand-acier-froid","7":"product_cat-couteaux-de-fermeture","8":"product_cat-des-couteaux","9":"product_tag-b2b-fr","11":"first","12":"instock","13":"taxable","14":"shipping-taxable","15":"purchasable","16":"product-type-simple"},"brands":[{"id":3789,"name":"Acier froid","slug":"acier-froid"}],"_links":{"self":[{"href":"https:\/\/www.moskito.cz\/fr\/wp-json\/wp\/v2\/product\/343821","targetHints":{"allow":["GET"]}}],"collection":[{"href":"https:\/\/www.moskito.cz\/fr\/wp-json\/wp\/v2\/product"}],"about":[{"href":"https:\/\/www.moskito.cz\/fr\/wp-json\/wp\/v2\/types\/product"}],"replies":[{"embeddable":true,"href":"https:\/\/www.moskito.cz\/fr\/wp-json\/wp\/v2\/comments?post=343821"}],"wp:featuredmedia":[{"embeddable":true,"href":"https:\/\/www.moskito.cz\/fr\/wp-json\/wp\/v2\/media\/343823"}],"wp:attachment":[{"href":"https:\/\/www.moskito.cz\/fr\/wp-json\/wp\/v2\/media?parent=343821"}],"wp:term":[{"taxonomy":"pwb-brand","embeddable":true,"href":"https:\/\/www.moskito.cz\/fr\/wp-json\/wp\/v2\/pwb-brand?post=343821"},{"taxonomy":"product_brand","embeddable":true,"href":"https:\/\/www.moskito.cz\/fr\/wp-json\/wp\/v2\/product_brand?post=343821"},{"taxonomy":"product_cat","embeddable":true,"href":"https:\/\/www.moskito.cz\/fr\/wp-json\/wp\/v2\/product_cat?post=343821"},{"taxonomy":"product_tag","embeddable":true,"href":"https:\/\/www.moskito.cz\/fr\/wp-json\/wp\/v2\/product_tag?post=343821"}],"curies":[{"name":"wp","href":"https:\/\/api.w.org\/{rel}","templated":true}]}}