{"id":343822,"date":"2023-03-25T12:55:11","date_gmt":"2023-03-25T11:55:11","guid":{"rendered":"https:\/\/www.moskito.cz\/produkt\/couteau-pliant-cold-steel-sr1-lite\/"},"modified":"2025-05-07T11:16:51","modified_gmt":"2025-05-07T10:16:51","slug":"couteau-pliant-cold-steel-sr1-lite","status":"publish","type":"product","link":"https:\/\/www.moskito.cz\/fr\/produkt\/couteau-pliant-cold-steel-sr1-lite\/","title":{"rendered":"Couteau pliant Cold Steel SR1 LITE"},"content":{"rendered":"<p>Couteau pliant <strong>Cold Steel<\/strong> SR1 LITE<\/p>\n<p>Bien qu&rsquo;il ne soit pas significativement plus l\u00e9ger, notre SR1 Lite est ind\u00e9niablement plus l\u00e9ger sur le portefeuille ! Con\u00e7u pour imiter son grand fr\u00e8re en tous points, \u00e0 l&rsquo;exception du remplacement du grip G-10 par un grip Griv-Ex\u2122 et de l&rsquo;utilisation de l&rsquo;acier de lame 8Cr14MoV, plus abordable. Il est toujours aussi tranchant et pr\u00eat pour votre t\u00e2che la plus difficile ou votre plus grande aventure.<\/p>\n<p>Description:<br \/>\nMat\u00e9riau de la lame&nbsp;:&nbsp;8cr13mov<br \/>\nMat\u00e9riau du manche :: Griv-Ex<br \/>\nS\u00e9curit\u00e9&nbsp;:&nbsp;Verrouillage Tri-Ad<br \/>\nLongueur de la lame : 10,2 cm<br \/>\nLongueur totale :: 23,8 cm<br \/>\nLongueur du couteau pli\u00e9 : : 13,7 cm<br \/>\n\u00c9paisseur de la lame&nbsp;:&nbsp;4,8&nbsp;mm<br \/>\nPoids :: 179 g<br \/>\nType de lame&nbsp;:&nbsp;Pointe d&rsquo;attache<\/p>\n","protected":false},"excerpt":{"rendered":"<p><strong>Le SR1 Lite est une variante moins ch\u00e8re du populaire SR1.<\/strong><\/p>\n","protected":false},"featured_media":343824,"comment_status":"open","ping_status":"closed","template":"","meta":[],"pwb-brand":[3789],"product_brand":[],"product_cat":[3700,3696],"product_tag":[3754],"class_list":{"0":"post-343822","1":"product","2":"type-product","3":"status-publish","4":"has-post-thumbnail","6":"pwb-brand-acier-froid","7":"product_cat-couteaux-de-fermeture","8":"product_cat-des-couteaux","9":"product_tag-b2b-fr","11":"first","12":"instock","13":"taxable","14":"shipping-taxable","15":"purchasable","16":"product-type-simple"},"brands":[{"id":3789,"name":"Acier froid","slug":"acier-froid"}],"_links":{"self":[{"href":"https:\/\/www.moskito.cz\/fr\/wp-json\/wp\/v2\/product\/343822","targetHints":{"allow":["GET"]}}],"collection":[{"href":"https:\/\/www.moskito.cz\/fr\/wp-json\/wp\/v2\/product"}],"about":[{"href":"https:\/\/www.moskito.cz\/fr\/wp-json\/wp\/v2\/types\/product"}],"replies":[{"embeddable":true,"href":"https:\/\/www.moskito.cz\/fr\/wp-json\/wp\/v2\/comments?post=343822"}],"wp:featuredmedia":[{"embeddable":true,"href":"https:\/\/www.moskito.cz\/fr\/wp-json\/wp\/v2\/media\/343824"}],"wp:attachment":[{"href":"https:\/\/www.moskito.cz\/fr\/wp-json\/wp\/v2\/media?parent=343822"}],"wp:term":[{"taxonomy":"pwb-brand","embeddable":true,"href":"https:\/\/www.moskito.cz\/fr\/wp-json\/wp\/v2\/pwb-brand?post=343822"},{"taxonomy":"product_brand","embeddable":true,"href":"https:\/\/www.moskito.cz\/fr\/wp-json\/wp\/v2\/product_brand?post=343822"},{"taxonomy":"product_cat","embeddable":true,"href":"https:\/\/www.moskito.cz\/fr\/wp-json\/wp\/v2\/product_cat?post=343822"},{"taxonomy":"product_tag","embeddable":true,"href":"https:\/\/www.moskito.cz\/fr\/wp-json\/wp\/v2\/product_tag?post=343822"}],"curies":[{"name":"wp","href":"https:\/\/api.w.org\/{rel}","templated":true}]}}