{"id":343847,"date":"2023-03-27T19:59:32","date_gmt":"2024-06-12T11:33:33","guid":{"rendered":"https:\/\/www.moskito.cz\/produkt\/couteau-pliant-cold-steel-mini-tuff-lite-plain-edge-rouge\/"},"modified":"2025-05-07T11:16:52","modified_gmt":"2025-05-07T10:16:52","slug":"couteau-pliant-cold-steel-mini-tuff-lite-plain-edge-rouge","status":"publish","type":"product","link":"https:\/\/www.moskito.cz\/fr\/produkt\/couteau-pliant-cold-steel-mini-tuff-lite-plain-edge-rouge\/","title":{"rendered":"Couteau pliant Cold Steel MINI TUFF LITE PLAIN EDGE ROUGE"},"content":{"rendered":"<p>Couteau pliant <strong>Cold Steel<\/strong> MINI TUFF LITE PLAIN EDGE ROUGE<\/p>\n<p>Les Tuff Lites de Cold Steel sont suffisamment robustes pour \u00eatre manipul\u00e9s et suffisamment l\u00e9gers pour \u00eatre \u00e0 port\u00e9e de main lorsque vous en avez besoin. La taille parfaite pour tenir dans n&rsquo;importe quelle poche, l&rsquo;attacher \u00e0 votre taille ou le porter autour de votre cou avec un cordon. Gr\u00e2ce \u00e0 leurs lames larges, creuses et aff\u00fbt\u00e9es, ils sont impitoyablement tranchants et peuvent couper m\u00eame les mat\u00e9riaux les plus durables avec une facilit\u00e9 inattendue. Et avec leurs pointes inclin\u00e9es, ils offrent une p\u00e9n\u00e9tration profonde et un potentiel de coupe pr\u00e9cis sans \u00eatre suffisamment agressifs pour attirer une attention ind\u00e9sirable. Les versions de taille standard et mini sont con\u00e7ues pour le travail et offrent une prise en main \u00e9tonnamment bonne gr\u00e2ce \u00e0 leurs poign\u00e9es Griv Ex\u2122 superbement con\u00e7ues qui offrent un formidable rapport r\u00e9sistance\/poids et sont dot\u00e9es de notre technologie Tri-Ad de pointe. serrure qui offre un muscle impressionnant pour sa taille.<br \/>\nDescription:<br \/>\nPOIDS 1,6 onces.<br \/>\n\u00c9PAISSEUR 2,5 mm<br \/>\nLONGUEUR DE LA LAME 2&Prime;<br \/>\nGRIP 3&Prime; Long Bleu Griv-Ex\u2122<br \/>\nACIER \/ MAT\u00c9RIAU 4034SS<br \/>\nLONGUEUR TOTALE 5&Prime;.<br \/>\nFONCTIONS SUPPL\u00c9MENTAIRES Poche r\u00e9versible \/ clip ceinture<\/p>\n","protected":false},"excerpt":{"rendered":"<p><strong>Le Cold Steel Mini Tuff Lite est un petit couteau pliant dot\u00e9 d&rsquo;un bord droit et lisse. Gr\u00e2ce \u00e0 sa forme, c&rsquo;est un couteau de travail tr\u00e8s efficace.<\/strong><\/p>\n","protected":false},"featured_media":343848,"comment_status":"open","ping_status":"closed","template":"","meta":[],"pwb-brand":[3789],"product_brand":[],"product_cat":[3700,3696],"product_tag":[3754],"class_list":{"0":"post-343847","1":"product","2":"type-product","3":"status-publish","4":"has-post-thumbnail","6":"pwb-brand-acier-froid","7":"product_cat-couteaux-de-fermeture","8":"product_cat-des-couteaux","9":"product_tag-b2b-fr","11":"first","12":"outofstock","13":"taxable","14":"shipping-taxable","15":"purchasable","16":"product-type-simple"},"brands":[{"id":3789,"name":"Acier froid","slug":"acier-froid"}],"_links":{"self":[{"href":"https:\/\/www.moskito.cz\/fr\/wp-json\/wp\/v2\/product\/343847","targetHints":{"allow":["GET"]}}],"collection":[{"href":"https:\/\/www.moskito.cz\/fr\/wp-json\/wp\/v2\/product"}],"about":[{"href":"https:\/\/www.moskito.cz\/fr\/wp-json\/wp\/v2\/types\/product"}],"replies":[{"embeddable":true,"href":"https:\/\/www.moskito.cz\/fr\/wp-json\/wp\/v2\/comments?post=343847"}],"wp:featuredmedia":[{"embeddable":true,"href":"https:\/\/www.moskito.cz\/fr\/wp-json\/wp\/v2\/media\/343848"}],"wp:attachment":[{"href":"https:\/\/www.moskito.cz\/fr\/wp-json\/wp\/v2\/media?parent=343847"}],"wp:term":[{"taxonomy":"pwb-brand","embeddable":true,"href":"https:\/\/www.moskito.cz\/fr\/wp-json\/wp\/v2\/pwb-brand?post=343847"},{"taxonomy":"product_brand","embeddable":true,"href":"https:\/\/www.moskito.cz\/fr\/wp-json\/wp\/v2\/product_brand?post=343847"},{"taxonomy":"product_cat","embeddable":true,"href":"https:\/\/www.moskito.cz\/fr\/wp-json\/wp\/v2\/product_cat?post=343847"},{"taxonomy":"product_tag","embeddable":true,"href":"https:\/\/www.moskito.cz\/fr\/wp-json\/wp\/v2\/product_tag?post=343847"}],"curies":[{"name":"wp","href":"https:\/\/api.w.org\/{rel}","templated":true}]}}