{"id":343871,"date":"2022-04-20T21:35:46","date_gmt":"2022-04-20T20:35:46","guid":{"rendered":"https:\/\/www.moskito.cz\/produkt\/dague-poussante-cold-steel-urban-edge\/"},"modified":"2025-05-07T11:16:53","modified_gmt":"2025-05-07T10:16:53","slug":"dague-poussante-cold-steel-urban-edge","status":"publish","type":"product","link":"https:\/\/www.moskito.cz\/fr\/produkt\/dague-poussante-cold-steel-urban-edge\/","title":{"rendered":"Dague Poussante Cold Steel URBAN EDGE"},"content":{"rendered":"<p>Poignard poussant <strong>Cold Steel<\/strong> URBAN EDGE.<\/p>\n<p>Notre Urban Edge est un outil \u00e9tonnamment polyvalent et utile au quotidien. Sa prise s\u00e9curis\u00e9e permet \u00e0 l&rsquo;utilisateur d&rsquo;ouvrir la main tout en gardant le contr\u00f4le total du couteau. De nombreux employ\u00e9s de Cold Steel les utilisent r\u00e9guli\u00e8rement &#8211; ouvrant des cartons, s&rsquo;arr\u00eatant pour signer des livraisons ou tapant sur des ordinateurs ou des tablettes &#8211; le tout sans que le couteau ne quitte leur main ! Assez l\u00e9ger pour \u00eatre port\u00e9 comme un cordon ou accroch\u00e9 \u00e0 un porte-cl\u00e9s, mais offre n\u00e9anmoins suffisamment de puissance de coupe pour g\u00e9rer des t\u00e2ches qui mettraient au d\u00e9fi m\u00eame certains couteaux plus grands ; L\u2019Urban Edge est \u00e9galement un formidable outil d\u2019autod\u00e9fense de dernier recours.<\/p>\n<p>PARAM\u00c8TRES DU PRODUIT<br \/>\nAcier&nbsp;:&nbsp;acier inoxydable japonais AUS 8A<br \/>\nCouleur : Noir\/Argent<br \/>\nLongueur du manche : 38,1 mm<br \/>\nTaille hors tout : 101 mm<br \/>\nMat\u00e9riau du manche&nbsp;: Kray-Ex\u2122 long<br \/>\nLongueur de la lame : 63,5 mm<br \/>\nPoids : 53,86 g<br \/>\n\u00c9paisseur de la lame : 3 mm<br \/>\nMat\u00e9riau de la gaine&nbsp;: Gaine cervicale Secure-Ex\u00ae<\/p>\n<p>Notre Urban Edge est un outil utilitaire quotidien \u00e9tonnamment polyvalent et utile. Sa prise s\u00e9curis\u00e9e permet \u00e0 l&rsquo;utilisateur d&rsquo;ouvrir la main tout en gardant un contr\u00f4le total sur le couteau. De nombreux employ\u00e9s de Cold Steel les utilisent r\u00e9guli\u00e8rement &#8211; pour ouvrir des bo\u00eetes, s&rsquo;arr\u00eater pour signer des livraisons ou taper sur des ordinateurs ou des tablettes &#8211; le tout sans que le couteau ne quitte leur main. Assez l\u00e9ger pour \u00eatre port\u00e9 comme un couteau de cou ou accroch\u00e9 \u00e0 un porte-cl\u00e9s, mais ! il contient toujours suffisamment de puissance de coupe pour g\u00e9rer des t\u00e2ches qui mettraient au d\u00e9fi m\u00eame certains couteaux plus gros&nbsp;; l&rsquo;Urban Edge constitue \u00e9galement un formidable outil d&rsquo;autod\u00e9fense de dernier recours.<br \/>\nPoids : 1,9 oz \u00c9paisseur de la lame : 3 mm Longueur de la lame : 2-1\/2&Prime; Acier de la lame : Acier inoxydable japonais AUS8A Longueur\/Mat\u00e9riau du manche : 1-1\/2&Prime; Kray-Ex\u2122 Longueur totale : 4&Prime; Caract\u00e9ristiques suppl\u00e9mentaires : Secure-Ex\u00ae Type de couteau fourreau : Longueur de lame fixe Gamme : 3-5 po Famille d&rsquo;acier : AUS Forme de lame : Pointe de lance Famille de produits : Urban Edge<\/p>\n","protected":false},"excerpt":{"rendered":"<p>Urban Edge de COLD STEEL est un poignard \u00e0 pousser dot\u00e9 d&rsquo;une lame lisse double face. Urban Edge est un poignard pour l&rsquo;EDC et la survie quotidienne dans la jungle urbaine. Il est excellent \u00e0 porter dissimul\u00e9 ou \u00e0 accrocher autour du cou.<\/p>\n","protected":false},"featured_media":343872,"comment_status":"open","ping_status":"closed","template":"","meta":[],"pwb-brand":[3789],"product_brand":[],"product_cat":[3697,3696],"product_tag":[],"class_list":{"0":"post-343871","1":"product","2":"type-product","3":"status-publish","4":"has-post-thumbnail","6":"pwb-brand-acier-froid","7":"product_cat-couteaux-solides","8":"product_cat-des-couteaux","10":"first","11":"instock","12":"taxable","13":"shipping-taxable","14":"purchasable","15":"product-type-simple"},"brands":[{"id":3789,"name":"Acier froid","slug":"acier-froid"}],"_links":{"self":[{"href":"https:\/\/www.moskito.cz\/fr\/wp-json\/wp\/v2\/product\/343871","targetHints":{"allow":["GET"]}}],"collection":[{"href":"https:\/\/www.moskito.cz\/fr\/wp-json\/wp\/v2\/product"}],"about":[{"href":"https:\/\/www.moskito.cz\/fr\/wp-json\/wp\/v2\/types\/product"}],"replies":[{"embeddable":true,"href":"https:\/\/www.moskito.cz\/fr\/wp-json\/wp\/v2\/comments?post=343871"}],"wp:featuredmedia":[{"embeddable":true,"href":"https:\/\/www.moskito.cz\/fr\/wp-json\/wp\/v2\/media\/343872"}],"wp:attachment":[{"href":"https:\/\/www.moskito.cz\/fr\/wp-json\/wp\/v2\/media?parent=343871"}],"wp:term":[{"taxonomy":"pwb-brand","embeddable":true,"href":"https:\/\/www.moskito.cz\/fr\/wp-json\/wp\/v2\/pwb-brand?post=343871"},{"taxonomy":"product_brand","embeddable":true,"href":"https:\/\/www.moskito.cz\/fr\/wp-json\/wp\/v2\/product_brand?post=343871"},{"taxonomy":"product_cat","embeddable":true,"href":"https:\/\/www.moskito.cz\/fr\/wp-json\/wp\/v2\/product_cat?post=343871"},{"taxonomy":"product_tag","embeddable":true,"href":"https:\/\/www.moskito.cz\/fr\/wp-json\/wp\/v2\/product_tag?post=343871"}],"curies":[{"name":"wp","href":"https:\/\/api.w.org\/{rel}","templated":true}]}}