{"id":343875,"date":"2020-04-30T10:20:11","date_gmt":"2024-06-12T11:49:48","guid":{"rendered":"https:\/\/www.moskito.cz\/produkt\/couteau-fixe-cold-steel-true-flight-thrower-cs80tftc\/"},"modified":"2025-07-11T07:51:15","modified_gmt":"2025-07-11T06:51:15","slug":"couteau-fixe-cold-steel-true-flight-thrower-cs80tftc","status":"publish","type":"product","link":"https:\/\/www.moskito.cz\/fr\/produkt\/couteau-fixe-cold-steel-true-flight-thrower-cs80tftc\/","title":{"rendered":"Couteau fixe Cold Steel True Flight Thrower CS80TFTC"},"content":{"rendered":"<p>Couteau fixe Cold Steel True Flight Thrower CS80TFTC.<\/p>\n<p>La soci\u00e9t\u00e9 am\u00e9ricaine Cold Steel est originaire de Ventura, en Californie. La marque a \u00e9t\u00e9 fond\u00e9e en 1980 avec pour objectif de produire les couteaux les plus solides et les plus tranchants au monde. Au cours des trois derni\u00e8res d\u00e9cennies, Cold Steel a \u00e9t\u00e9 \u00e0 l&rsquo;avant-garde de nombreuses innovations qui ont contribu\u00e9 \u00e0 d\u00e9finir le couteau commercial dans son ensemble. Le fabricant maintient une haute qualit\u00e9 de fabrication et travaille constamment pour atteindre son objectif d&rsquo;offrir les couteaux les plus solides et les plus tranchants au monde. Une large gamme de couteaux tactiques ou de chasse garantit une large base d&rsquo;utilisateurs et de fans fid\u00e8les<\/p>\n<p>Longueur totale : 30,5 cm<br \/>\nLongueur de la lame : 17 cm<br \/>\nAcier : carbone 1055<br \/>\nPoign\u00e9e&nbsp;: envelopp\u00e9e d&rsquo;un cordon de paracorde<\/p>\n<p>&nbsp;<\/p>\n","protected":false},"excerpt":{"rendered":"<p>Couteau fixe avec \u00e9tui.<\/p>\n","protected":false},"featured_media":168015,"comment_status":"open","ping_status":"closed","template":"","meta":[],"pwb-brand":[3789],"product_brand":[],"product_cat":[3697,3696],"product_tag":[],"class_list":{"0":"post-343875","1":"product","2":"type-product","3":"status-publish","4":"has-post-thumbnail","6":"pwb-brand-acier-froid","7":"product_cat-couteaux-solides","8":"product_cat-des-couteaux","10":"first","11":"instock","12":"taxable","13":"shipping-taxable","14":"purchasable","15":"product-type-simple"},"brands":[{"id":3789,"name":"Acier froid","slug":"acier-froid"}],"_links":{"self":[{"href":"https:\/\/www.moskito.cz\/fr\/wp-json\/wp\/v2\/product\/343875","targetHints":{"allow":["GET"]}}],"collection":[{"href":"https:\/\/www.moskito.cz\/fr\/wp-json\/wp\/v2\/product"}],"about":[{"href":"https:\/\/www.moskito.cz\/fr\/wp-json\/wp\/v2\/types\/product"}],"replies":[{"embeddable":true,"href":"https:\/\/www.moskito.cz\/fr\/wp-json\/wp\/v2\/comments?post=343875"}],"wp:featuredmedia":[{"embeddable":true,"href":"https:\/\/www.moskito.cz\/fr\/wp-json\/wp\/v2\/media\/168015"}],"wp:attachment":[{"href":"https:\/\/www.moskito.cz\/fr\/wp-json\/wp\/v2\/media?parent=343875"}],"wp:term":[{"taxonomy":"pwb-brand","embeddable":true,"href":"https:\/\/www.moskito.cz\/fr\/wp-json\/wp\/v2\/pwb-brand?post=343875"},{"taxonomy":"product_brand","embeddable":true,"href":"https:\/\/www.moskito.cz\/fr\/wp-json\/wp\/v2\/product_brand?post=343875"},{"taxonomy":"product_cat","embeddable":true,"href":"https:\/\/www.moskito.cz\/fr\/wp-json\/wp\/v2\/product_cat?post=343875"},{"taxonomy":"product_tag","embeddable":true,"href":"https:\/\/www.moskito.cz\/fr\/wp-json\/wp\/v2\/product_tag?post=343875"}],"curies":[{"name":"wp","href":"https:\/\/api.w.org\/{rel}","templated":true}]}}