{"id":343891,"date":"2022-11-05T21:23:38","date_gmt":"2022-11-05T20:23:38","guid":{"rendered":"https:\/\/www.moskito.cz\/produkt\/couteau-solide-cold-steel-peace-maker-ii\/"},"modified":"2025-05-07T11:16:55","modified_gmt":"2025-05-07T10:16:55","slug":"couteau-solide-cold-steel-peace-maker-ii","status":"publish","type":"product","link":"https:\/\/www.moskito.cz\/fr\/produkt\/couteau-solide-cold-steel-peace-maker-ii\/","title":{"rendered":"Couteau Solide Cold Steel PEACE MAKER II"},"content":{"rendered":"<p>Couteau solide <strong>Cold Steel<\/strong> PEACE MAKER II.<\/p>\n<p>Si vous \u00eates dans l&rsquo;arm\u00e9e ou dans les forces de l&rsquo;ordre&nbsp;; si vous montez \u00e0 cheval ou \u00e0 moto&nbsp;; ou vivez dans un ranch ou une ferme &#8211; alors Cold Steel Peace Maker est fait pour vous ! Ces lames fixes polyvalentes sont clips\u00e9es sur le haut de la botte et recouvertes par la jambe, les rendant pratiquement invisibles ; De plus, votre couteau est toujours \u00e0 port\u00e9e de main lorsque vous en avez besoin. Les Peace Makers sont incroyablement l\u00e9gers et consid\u00e9rablement plus fins que de nombreux couteaux \u00ab tactiques \u00bb disponibles sur le march\u00e9 aujourd&rsquo;hui. Le m\u00e9lange Peace Makers &#8211; les biseaux aff\u00fbt\u00e9s de la lame permettent un r\u00e9aff\u00fbtage tr\u00e8s facile et leurs pointes rigides et coniques distalement sont capables de p\u00e9n\u00e9trer m\u00eame dans des mat\u00e9riaux \u00e9pais. Parce que ces lames de chaussures bon march\u00e9 offrent un large \u00e9ventail d&rsquo;utilisations : utilitaire, chasse, p\u00eache.<\/p>\n<p>PARAM\u00c8TRES DU PRODUIT<br \/>\nTaille hors tout : 260 mm<br \/>\nCouleur: noir\/argent<br \/>\nPoids : 153,08 g<br \/>\nLongueur de la lame : 139 mm<br \/>\n\u00c9paisseur de la lame : 3 mm<br \/>\nLongueur du manche : 120 mm<br \/>\nAcier&nbsp;:&nbsp;4116 inoxydable tremp\u00e9 par cryog\u00e9nisation<br \/>\nMat\u00e9riau de la gaine&nbsp;: Gaine Secure-Ex\u00ae<\/p>\n","protected":false},"excerpt":{"rendered":"<p><strong>Le Peace Maker II de Cold Steel est un couteau solide pour un transport discret.<\/strong><\/p>\n","protected":false},"featured_media":343892,"comment_status":"open","ping_status":"closed","template":"","meta":[],"pwb-brand":[3789],"product_brand":[],"product_cat":[3697,3696],"product_tag":[],"class_list":{"0":"post-343891","1":"product","2":"type-product","3":"status-publish","4":"has-post-thumbnail","6":"pwb-brand-acier-froid","7":"product_cat-couteaux-solides","8":"product_cat-des-couteaux","10":"first","11":"instock","12":"taxable","13":"shipping-taxable","14":"purchasable","15":"product-type-simple"},"brands":[{"id":3789,"name":"Acier froid","slug":"acier-froid"}],"_links":{"self":[{"href":"https:\/\/www.moskito.cz\/fr\/wp-json\/wp\/v2\/product\/343891","targetHints":{"allow":["GET"]}}],"collection":[{"href":"https:\/\/www.moskito.cz\/fr\/wp-json\/wp\/v2\/product"}],"about":[{"href":"https:\/\/www.moskito.cz\/fr\/wp-json\/wp\/v2\/types\/product"}],"replies":[{"embeddable":true,"href":"https:\/\/www.moskito.cz\/fr\/wp-json\/wp\/v2\/comments?post=343891"}],"wp:featuredmedia":[{"embeddable":true,"href":"https:\/\/www.moskito.cz\/fr\/wp-json\/wp\/v2\/media\/343892"}],"wp:attachment":[{"href":"https:\/\/www.moskito.cz\/fr\/wp-json\/wp\/v2\/media?parent=343891"}],"wp:term":[{"taxonomy":"pwb-brand","embeddable":true,"href":"https:\/\/www.moskito.cz\/fr\/wp-json\/wp\/v2\/pwb-brand?post=343891"},{"taxonomy":"product_brand","embeddable":true,"href":"https:\/\/www.moskito.cz\/fr\/wp-json\/wp\/v2\/product_brand?post=343891"},{"taxonomy":"product_cat","embeddable":true,"href":"https:\/\/www.moskito.cz\/fr\/wp-json\/wp\/v2\/product_cat?post=343891"},{"taxonomy":"product_tag","embeddable":true,"href":"https:\/\/www.moskito.cz\/fr\/wp-json\/wp\/v2\/product_tag?post=343891"}],"curies":[{"name":"wp","href":"https:\/\/api.w.org\/{rel}","templated":true}]}}