{"id":343909,"date":"2022-04-17T22:02:03","date_gmt":"2024-06-12T12:05:51","guid":{"rendered":"https:\/\/www.moskito.cz\/produkt\/couteau-pliant-cold-steel-silver-eye-elite-spear-point\/"},"modified":"2025-05-07T11:16:55","modified_gmt":"2025-05-07T10:16:55","slug":"couteau-pliant-cold-steel-silver-eye-elite-spear-point","status":"publish","type":"product","link":"https:\/\/www.moskito.cz\/fr\/produkt\/couteau-pliant-cold-steel-silver-eye-elite-spear-point\/","title":{"rendered":"Couteau pliant Cold Steel SILVER EYE ELITE SPEAR POINT"},"content":{"rendered":"<p>Couteau pliant <strong>Cold Steel<\/strong> SILVER EYE ELITE SPEAR POINT.<\/p>\n<p>Le Silver Eye est un excellent choix si vous recherchez un couteau de luxe \u00e0 transporter au quotidien (EDC). La lame du couteau est en acier inoxydable CPM S35VN. La lame est \u00e9galement dot\u00e9e d&rsquo;une patte d&rsquo;ouverture brevet\u00e9e HTR\u2122 innovante con\u00e7ue par Andrew Demko. Cette patte de forme permet une prise s\u00fbre sur la lame et une bonne r\u00e9partition de la pression du pouce lors de l&rsquo;ouverture, et s&rsquo;adapte aussi bien aux droitiers qu&rsquo;aux gauchers. L&rsquo;aspect luxueux du couteau est assur\u00e9 par l&rsquo;\u0153illet \u00ab\u00a0argent\u00e9\u00a0\u00bb sur le syst\u00e8me d&rsquo;ouverture et le clip \u00ab\u00a0dor\u00e9\u00a0\u00bb poli. Un excellent couteau \u00e0 utiliser \u00e0 l&rsquo;\u00e9glise, lors d&rsquo;un mariage ou partout o\u00f9 vous avez besoin d&rsquo;un couteau d&rsquo;une grande \u00e9l\u00e9gance et brillance. \ud83d\ude42 L&rsquo;acier am\u00e9ricain exceptionnel est non seulement tr\u00e8s rigide et durable, mais il permet \u00e9galement d&rsquo;obtenir un excellent tranchant des couteaux et la lame a une longue dur\u00e9e de vie. L&rsquo;acier en poudre \u00e0 grains tr\u00e8s fins et \u00e0 microstructure uniforme offre des propri\u00e9t\u00e9s tr\u00e8s stables. Il est durable m\u00eame avec une facette de lame tr\u00e8s fine, fiable et hautement r\u00e9sistant \u00e0 la corrosion. C&rsquo;est un bon choix pour les couteaux et outils personnalis\u00e9s de haute qualit\u00e9. Le proc\u00e9d\u00e9 CPM (pseudo-m\u00e9tallurgie des poudres) garantit une structure en acier tr\u00e8s homog\u00e8ne et de haute qualit\u00e9, une stabilit\u00e9 dimensionnelle, une bonne meulabilit\u00e9 et une bonne r\u00e9sistance par rapport aux aciers produits par les m\u00e9thodes conventionnelles classiques. Malgr\u00e9 la faible teneur en chrome, cet acier montre de tr\u00e8s bons r\u00e9sultats dans le domaine de la r\u00e9sistance \u00e0 la corrosion. Le manche est en fibre de carbone polie, tr\u00e8s l\u00e9g\u00e8re, mais en m\u00eame temps suffisamment solide et durable. Golden Eye est \u00e9quip\u00e9 du brevet unique Cold Steel\u00ae Tri-Ad Lock\u2122. Le verrou emp\u00eache le couteau de se fermer automatiquement ou involontairement, m\u00eame apr\u00e8s une usure naturelle au fil du temps.<\/p>\n<p>Longueur du manche : 124 mm<br \/>\nPoids : 113g<br \/>\nAcier&nbsp;: acier S35VN<br \/>\nLongueur de la lame : 89 mm<br \/>\nTaille hors tout : 213 mm<br \/>\nMat\u00e9riau du manche : manche long en fibre de carbone<br \/>\n\u00c9paisseur de la lame : 3,5 mm<br \/>\nCouleur noire<br \/>\nType de fusible : Tri-Ad Lock<br \/>\nClip d&rsquo;\u00e9gouttement en acier<\/p>\n<p>&nbsp;<\/p>\n<p>&nbsp;<\/p>\n","protected":false},"excerpt":{"rendered":"<p>Le Golden Silver Elite est une version luxueuse d&rsquo;un couteau pliant qui convient comme accessoire \u00e0 un costume formel ou \u00e0 un code vestimentaire de travail.<\/p>\n","protected":false},"featured_media":343911,"comment_status":"open","ping_status":"closed","template":"","meta":[],"pwb-brand":[3789],"product_brand":[],"product_cat":[3700,3696],"product_tag":[],"class_list":{"0":"post-343909","1":"product","2":"type-product","3":"status-publish","4":"has-post-thumbnail","6":"pwb-brand-acier-froid","7":"product_cat-couteaux-de-fermeture","8":"product_cat-des-couteaux","10":"first","11":"instock","12":"taxable","13":"shipping-taxable","14":"purchasable","15":"product-type-simple"},"brands":[{"id":3789,"name":"Acier froid","slug":"acier-froid"}],"_links":{"self":[{"href":"https:\/\/www.moskito.cz\/fr\/wp-json\/wp\/v2\/product\/343909","targetHints":{"allow":["GET"]}}],"collection":[{"href":"https:\/\/www.moskito.cz\/fr\/wp-json\/wp\/v2\/product"}],"about":[{"href":"https:\/\/www.moskito.cz\/fr\/wp-json\/wp\/v2\/types\/product"}],"replies":[{"embeddable":true,"href":"https:\/\/www.moskito.cz\/fr\/wp-json\/wp\/v2\/comments?post=343909"}],"wp:featuredmedia":[{"embeddable":true,"href":"https:\/\/www.moskito.cz\/fr\/wp-json\/wp\/v2\/media\/343911"}],"wp:attachment":[{"href":"https:\/\/www.moskito.cz\/fr\/wp-json\/wp\/v2\/media?parent=343909"}],"wp:term":[{"taxonomy":"pwb-brand","embeddable":true,"href":"https:\/\/www.moskito.cz\/fr\/wp-json\/wp\/v2\/pwb-brand?post=343909"},{"taxonomy":"product_brand","embeddable":true,"href":"https:\/\/www.moskito.cz\/fr\/wp-json\/wp\/v2\/product_brand?post=343909"},{"taxonomy":"product_cat","embeddable":true,"href":"https:\/\/www.moskito.cz\/fr\/wp-json\/wp\/v2\/product_cat?post=343909"},{"taxonomy":"product_tag","embeddable":true,"href":"https:\/\/www.moskito.cz\/fr\/wp-json\/wp\/v2\/product_tag?post=343909"}],"curies":[{"name":"wp","href":"https:\/\/api.w.org\/{rel}","templated":true}]}}