{"id":343948,"date":"2022-11-05T14:35:33","date_gmt":"2024-06-12T12:39:46","guid":{"rendered":"https:\/\/www.moskito.cz\/produkt\/couteau-solide-cold-steel-razor-tek\/"},"modified":"2025-05-07T11:16:59","modified_gmt":"2025-05-07T10:16:59","slug":"couteau-solide-cold-steel-razor-tek","status":"publish","type":"product","link":"https:\/\/www.moskito.cz\/fr\/produkt\/couteau-solide-cold-steel-razor-tek\/","title":{"rendered":"Couteau Solide Cold Steel RAZOR TEK"},"content":{"rendered":"<p>Couteau solide <strong>Cold Steel<\/strong> RAZOR TEK.<\/p>\n<p>La prochaine \u00e9tape de la gamme Razor Tek est la lame incurv\u00e9e d\u00e9vastatrice. La lame incurv\u00e9e offre les avantages d&rsquo;une lame et d&rsquo;un ventre plus longs \u00e0 l&rsquo;avant. Cette forme de lame offre les avantages de couper tout en prolongeant ou en prolongeant la lame. Une excellente lame solide de taille moyenne pour le traitement du gibier, le bushcraft, la pr\u00e9paration des aliments, le hachage et le hachage. Combinant la forme de la lame avec un manche textur\u00e9 tr\u00e8s ergonomique, ce couteau est pr\u00eat pour votre prochaine aventure en plein air.<\/p>\n<p>PARAM\u00c8TRES DU PRODUIT<br \/>\nLongueur de la lame : 127 mm<br \/>\n\u00c9paisseur de la lame : 3,2 mm<br \/>\nAcier&nbsp;:&nbsp;4116SS<br \/>\nLongueur du manche : 117 mm<br \/>\nCouleur: noir\/argent<br \/>\nPoids : 204 g<br \/>\nTaille hors tout : 244 mm<br \/>\nMat\u00e9riau du manche : GFN<\/p>\n<p>&nbsp;<\/p>\n","protected":false},"excerpt":{"rendered":"<p><strong>Un couteau de taille moyenne avec un bord lisse et une longueur de lame de 127 mm. Le couteau est livr\u00e9 avec un \u00e9tui Secure-Ex.<\/strong><\/p>\n","protected":false},"featured_media":343949,"comment_status":"open","ping_status":"closed","template":"","meta":[],"pwb-brand":[3789],"product_brand":[],"product_cat":[3697,3696],"product_tag":[],"class_list":{"0":"post-343948","1":"product","2":"type-product","3":"status-publish","4":"has-post-thumbnail","6":"pwb-brand-acier-froid","7":"product_cat-couteaux-solides","8":"product_cat-des-couteaux","10":"first","11":"instock","12":"taxable","13":"shipping-taxable","14":"purchasable","15":"product-type-simple"},"brands":[{"id":3789,"name":"Acier froid","slug":"acier-froid"}],"_links":{"self":[{"href":"https:\/\/www.moskito.cz\/fr\/wp-json\/wp\/v2\/product\/343948","targetHints":{"allow":["GET"]}}],"collection":[{"href":"https:\/\/www.moskito.cz\/fr\/wp-json\/wp\/v2\/product"}],"about":[{"href":"https:\/\/www.moskito.cz\/fr\/wp-json\/wp\/v2\/types\/product"}],"replies":[{"embeddable":true,"href":"https:\/\/www.moskito.cz\/fr\/wp-json\/wp\/v2\/comments?post=343948"}],"wp:featuredmedia":[{"embeddable":true,"href":"https:\/\/www.moskito.cz\/fr\/wp-json\/wp\/v2\/media\/343949"}],"wp:attachment":[{"href":"https:\/\/www.moskito.cz\/fr\/wp-json\/wp\/v2\/media?parent=343948"}],"wp:term":[{"taxonomy":"pwb-brand","embeddable":true,"href":"https:\/\/www.moskito.cz\/fr\/wp-json\/wp\/v2\/pwb-brand?post=343948"},{"taxonomy":"product_brand","embeddable":true,"href":"https:\/\/www.moskito.cz\/fr\/wp-json\/wp\/v2\/product_brand?post=343948"},{"taxonomy":"product_cat","embeddable":true,"href":"https:\/\/www.moskito.cz\/fr\/wp-json\/wp\/v2\/product_cat?post=343948"},{"taxonomy":"product_tag","embeddable":true,"href":"https:\/\/www.moskito.cz\/fr\/wp-json\/wp\/v2\/product_tag?post=343948"}],"curies":[{"name":"wp","href":"https:\/\/api.w.org\/{rel}","templated":true}]}}