{"id":343990,"date":"2021-10-14T14:08:38","date_gmt":"2021-10-14T13:08:38","guid":{"rendered":"https:\/\/www.moskito.cz\/produkt\/couteau-solide-sog-seal-pup-elite-noir\/"},"modified":"2024-06-12T13:47:57","modified_gmt":"2024-06-12T12:47:57","slug":"couteau-solide-sog-seal-pup-elite-noir","status":"publish","type":"product","link":"https:\/\/www.moskito.cz\/fr\/produkt\/couteau-solide-sog-seal-pup-elite-noir\/","title":{"rendered":"Couteau Solide SOG SEAL Pup Elite Noir"},"content":{"rendered":"<p>Notre histoire commence au Vietnam, o\u00f9 des membres de la force d&rsquo;op\u00e9rations sp\u00e9ciales tr\u00e8s secr\u00e8te am\u00e9ricaine &#8211; connue sous le nom de MACV &#8211; <strong>SOG<\/strong> &#8211; transportaient un couteau secret unique dans la jungle lors de missions secr\u00e8tes. Quelques ann\u00e9es plus tard, en 1986, ce couteau a inspir\u00e9 un jeune designer nomm\u00e9 Spencer Frazer \u00e0 fonder <strong>SOG<\/strong> Specialty Knives. Sa mission : reproduire le couteau <strong>SOG<\/strong> Bowie original et rendre hommage \u00e0 l&rsquo;unit\u00e9 des op\u00e9rations sp\u00e9ciales qui l&rsquo;a cr\u00e9\u00e9. Ce qui a commenc\u00e9 comme un mod\u00e8le comm\u00e9moratif unique est rapidement devenu toute une gamme d&rsquo;outils innovants &#8211; \u00e9prouv\u00e9s par les forces sp\u00e9ciales am\u00e9ricaines, et m\u00eame r\u00e9compens\u00e9s comme le couteau de choix des Navy SEAL. Aujourd&rsquo;hui, les couteaux SOG sont port\u00e9s en toute confiance dans les situations les plus exigeantes. Forg\u00e9 dans la tradition, endurci sur le terrain, d\u00e9pos\u00e9 pour vous.<\/p>\n<p>Que vous prot\u00e9giez les autres ou meniez une exp\u00e9dition de chasse \u00e9pique, releviez l&rsquo;un des d\u00e9fis quotidiens de la vie ou affrontiez les conditions les plus extr\u00eames \u00e0 ce jour, faites votre chemin avec <strong>SOG<\/strong> .<\/p>\n<p>Couteau Solide <strong>SOG<\/strong> SEAL Pup Elite Noir.<\/p>\n<p>Lame fixe tactique compacte, \u00e9paisse et durable, avec manche en nylon renforc\u00e9 de verre. Disponible avec gaine en nylon compatible MOLLE.<\/p>\n<p>Tous les couteaux de survie n&rsquo;ont pas besoin d&rsquo;\u00eatre de grande taille, et ce couteau de taille moyenne poss\u00e8de de nombreuses fonctionnalit\u00e9s int\u00e9ressantes que nous attendons et sur lesquelles nous comptons de SOG. La meilleure caract\u00e9ristique de ce couteau est la long\u00e9vit\u00e9 de son tranchant. Je sais que m\u00eame si j&rsquo;utilise ce couteau pour certaines t\u00e2ches quotidiennes, il sera toujours tranchant si je dois l&rsquo;utiliser en cas d&rsquo;urgence.<\/p>\n<p>Longueur totale : 24 cm<br \/>\nPoids du produit : 5,40 onces<br \/>\nLongueur de la lame : 12,5 cm<br \/>\nGamme de produits&nbsp;: Seal Pup Elite<br \/>\nTiNi noir rigide<br \/>\nType de bord : Partiellement dentel\u00e9<br \/>\nType de lame en acier : AUS-8<br \/>\nMat\u00e9riau du manche : Nylon renforc\u00e9 de verre<br \/>\nCouleur du manche : Noir<br \/>\nDuret\u00e9 : RC 57-58<br \/>\n\u00c9tui inclus : Oui<br \/>\nCouleur du bo\u00eetier : Noir<\/p>\n<p>Lame fixe tactique compacte, \u00e9paisse et durable, avec r\u00e2pe vert\u00e9brale et manche en nylon renforc\u00e9 de verre. Disponible avec gaine en nylon compatible MOLLE.<\/p>\n<p>\u00ab Tous les couteaux de survie n&rsquo;ont pas besoin d&rsquo;\u00eatre de grande taille, et ce couteau de taille moyenne poss\u00e8de de nombreuses caract\u00e9ristiques fines auxquelles nous nous attendons et sur lesquelles nous comptons dans un SOG. La meilleure caract\u00e9ristique de ce couteau est la long\u00e9vit\u00e9 de son tranchant. Je sais que m\u00eame si j&rsquo;utilise ce couteau pour certaines t\u00e2ches quotidiennes, il sera toujours tranchant si je dois l&rsquo;utiliser en cas d&rsquo;urgence. \u00bb<\/p>\n<p>Longueur totale<br \/>\n9,5&Prime;<br \/>\nPoids du produit<br \/>\n5,40 onces<br \/>\nLongueur de la lame<br \/>\n4,85&Prime;<br \/>\n\u00c9paisseur de la lame<br \/>\n0,19&Prime;<br \/>\nFamille de produits<br \/>\nB\u00e9b\u00e9 phoque \u00e9lite<br \/>\ntype de produit<br \/>\nLame fixe<br \/>\nPays d&rsquo;origine<br \/>\nTa\u00efwan<br \/>\nTrou pour cordon<br \/>\nOui<br \/>\nMat\u00e9riau du cordon<br \/>\nNylon<br \/>\nGravable<br \/>\nOui<br \/>\nFinition<br \/>\nTiNi noir rigide<br \/>\nType de bord<br \/>\nPartiellement dentel\u00e9<br \/>\nType d&rsquo;acier de lame<br \/>\nAUS-8<br \/>\nForme de la lame<br \/>\nPoint de d\u00e9coupe<br \/>\nType de colonne vert\u00e9brale<br \/>\nR\u00e2pe<br \/>\nMat\u00e9riau du manche<br \/>\nNylon renforc\u00e9 de verre<br \/>\nCouleur de la poign\u00e9e<br \/>\nNoir<br \/>\nDuret\u00e9<br \/>\nRC. 57-58<br \/>\nGaine incluse<br \/>\nOui<br \/>\nCouleur de la gaine<br \/>\nNoir<\/p>\n<p>&nbsp;<\/p>\n","protected":false},"excerpt":{"rendered":"<div class=\"elementor-element elementor-element-bbb542b elementor-widget elementor-widget-woocommerce-product-short-description\" data-id=\"bbb542b\" data-element_type=\"widget\" data-widget_type=\"woocommerce-product-short-description.default\">\n<div class=\"elementor-widget-container\">\n<div class=\"woocommerce-product-details__short-description\">\n<div class=\"elementor-element elementor-element-bbb542b elementor-widget elementor-widget-woocommerce-product-short-description\" data-id=\"bbb542b\" data-element_type=\"widget\" data-widget_type=\"woocommerce-product-short-description.default\">\n<div class=\"elementor-widget-container\">\n<div class=\"woocommerce-product-details__short-description\">\n<p>Que vous prot\u00e9giez les autres ou meniez une exp\u00e9dition de chasse \u00e9pique, releviez l&rsquo;un des d\u00e9fis quotidiens de la vie ou affrontiez les conditions les plus extr\u00eames \u00e0 ce jour, faites votre chemin avec <strong>SOG<\/strong> .<\/p>\n<p><strong>Nous offrons une garantie \u00e0 vie sur tous les couteaux SOG&nbsp;!<\/strong><\/p>\n<\/div>\n<\/div>\n<\/div>\n<\/div>\n<\/div>\n<\/div>\n","protected":false},"featured_media":343992,"comment_status":"open","ping_status":"closed","template":"","meta":[],"pwb-brand":[3849],"product_brand":[],"product_cat":[3697,3696],"product_tag":[3754],"class_list":{"0":"post-343990","1":"product","2":"type-product","3":"status-publish","4":"has-post-thumbnail","6":"pwb-brand-sog-fr","7":"product_cat-couteaux-solides","8":"product_cat-des-couteaux","9":"product_tag-b2b-fr","11":"first","12":"instock","13":"taxable","14":"shipping-taxable","15":"purchasable","16":"product-type-simple"},"brands":[{"id":3849,"name":"SOG","slug":"sog-fr"}],"_links":{"self":[{"href":"https:\/\/www.moskito.cz\/fr\/wp-json\/wp\/v2\/product\/343990","targetHints":{"allow":["GET"]}}],"collection":[{"href":"https:\/\/www.moskito.cz\/fr\/wp-json\/wp\/v2\/product"}],"about":[{"href":"https:\/\/www.moskito.cz\/fr\/wp-json\/wp\/v2\/types\/product"}],"replies":[{"embeddable":true,"href":"https:\/\/www.moskito.cz\/fr\/wp-json\/wp\/v2\/comments?post=343990"}],"wp:featuredmedia":[{"embeddable":true,"href":"https:\/\/www.moskito.cz\/fr\/wp-json\/wp\/v2\/media\/343992"}],"wp:attachment":[{"href":"https:\/\/www.moskito.cz\/fr\/wp-json\/wp\/v2\/media?parent=343990"}],"wp:term":[{"taxonomy":"pwb-brand","embeddable":true,"href":"https:\/\/www.moskito.cz\/fr\/wp-json\/wp\/v2\/pwb-brand?post=343990"},{"taxonomy":"product_brand","embeddable":true,"href":"https:\/\/www.moskito.cz\/fr\/wp-json\/wp\/v2\/product_brand?post=343990"},{"taxonomy":"product_cat","embeddable":true,"href":"https:\/\/www.moskito.cz\/fr\/wp-json\/wp\/v2\/product_cat?post=343990"},{"taxonomy":"product_tag","embeddable":true,"href":"https:\/\/www.moskito.cz\/fr\/wp-json\/wp\/v2\/product_tag?post=343990"}],"curies":[{"name":"wp","href":"https:\/\/api.w.org\/{rel}","templated":true}]}}