{"id":344014,"date":"2022-11-21T22:11:24","date_gmt":"2024-06-12T12:52:13","guid":{"rendered":"https:\/\/www.moskito.cz\/produkt\/couteau-solide-sog-recondo-fx-fde-straight-edge\/"},"modified":"2025-05-07T11:17:00","modified_gmt":"2025-05-07T10:17:00","slug":"couteau-solide-sog-recondo-fx-fde-straight-edge","status":"publish","type":"product","link":"https:\/\/www.moskito.cz\/fr\/produkt\/couteau-solide-sog-recondo-fx-fde-straight-edge\/","title":{"rendered":"Couteau Solide SOG RECONDO FX FDE STRAIGHT EDGE"},"content":{"rendered":"<p>Couteau solide <strong>SOG<\/strong> RECONDO FX FDE BORD DROIT.<\/p>\n<p>La poign\u00e9e caoutchout\u00e9e profil\u00e9e permet une prise optimale dans toutes les positions. La lame en acier inoxydable CRYO 440C pr\u00e9sente une excellente r\u00e9sistance \u00e0 la corrosion et \u00e0 l&rsquo;usure. Le bo\u00eetier SOG compatible UMS est r\u00e9versible et offre plusieurs options de montage.<\/p>\n<p>AUSSI CAPABLE QUE DIFFICILE<\/p>\n<p>Recondo est con\u00e7u principalement pour les professionnels en uniforme du monde entier. Il est l\u00e9ger, plat et ne g\u00eanera pas lorsqu&rsquo;il sera fermement attach\u00e9 \u00e0 votre \u00e9quipement.<\/p>\n<p>CRYO440C<\/p>\n<p>La lame en acier inoxydable CRYO 440C pr\u00e9sente une excellente r\u00e9sistance \u00e0 la corrosion et \u00e0 l&rsquo;usure. Il traverse presque tout le manche.<\/p>\n<p>LOGEMENT COMPATIBLE AVEC UMS<\/p>\n<p>Le bo\u00eetier offre plusieurs options de montage et offre un syst\u00e8me de r\u00e9glage de la poign\u00e9e sans outil. L&rsquo;ajustement serr\u00e9 permet une traction parfaite. Le bo\u00eetier convient aux deux c\u00f4t\u00e9s.<\/p>\n<p>POIGN\u00c9E CAOUTCHOUT\u00c9E<\/p>\n<p>La poign\u00e9e caoutchout\u00e9e moul\u00e9e permet une prise en main optimale dans toutes les prises, m\u00eame si vos paumes sont sales.<\/p>\n<p>POIDS : 149 g<br \/>\nMAT\u00c9RIAU DE LA POIGN\u00c9E&nbsp;: 30&nbsp;% GRN \/ TPU<br \/>\n\u00c9PAISSEUR DE LA LAME&nbsp;: 4&nbsp;mm<br \/>\nTYPE D&rsquo;ASSURANCE : UMS<br \/>\nLONGUEUR DE LA LAME : 117 mm<br \/>\nTAILLE GLOBALE&nbsp;: 244&nbsp;mm<br \/>\nLa couleur noire<br \/>\nMAT\u00c9RIAU DU BO\u00ceTIER&nbsp;: Polypropyl\u00e8ne<br \/>\nACIER : CRYO 440C<\/p>\n","protected":false},"excerpt":{"rendered":"<p>Recondo FX est un couteau militaire moderne \u00e0 lame fixe. L\u00e9ger, plat et pr\u00e9par\u00e9 pour votre fixation Molle.<\/p>\n","protected":false},"featured_media":344015,"comment_status":"open","ping_status":"closed","template":"","meta":[],"pwb-brand":[3849],"product_brand":[],"product_cat":[3697,3696],"product_tag":[3754],"class_list":{"0":"post-344014","1":"product","2":"type-product","3":"status-publish","4":"has-post-thumbnail","6":"pwb-brand-sog-fr","7":"product_cat-couteaux-solides","8":"product_cat-des-couteaux","9":"product_tag-b2b-fr","11":"first","12":"instock","13":"taxable","14":"shipping-taxable","15":"purchasable","16":"product-type-simple"},"brands":[{"id":3849,"name":"SOG","slug":"sog-fr"}],"_links":{"self":[{"href":"https:\/\/www.moskito.cz\/fr\/wp-json\/wp\/v2\/product\/344014","targetHints":{"allow":["GET"]}}],"collection":[{"href":"https:\/\/www.moskito.cz\/fr\/wp-json\/wp\/v2\/product"}],"about":[{"href":"https:\/\/www.moskito.cz\/fr\/wp-json\/wp\/v2\/types\/product"}],"replies":[{"embeddable":true,"href":"https:\/\/www.moskito.cz\/fr\/wp-json\/wp\/v2\/comments?post=344014"}],"wp:featuredmedia":[{"embeddable":true,"href":"https:\/\/www.moskito.cz\/fr\/wp-json\/wp\/v2\/media\/344015"}],"wp:attachment":[{"href":"https:\/\/www.moskito.cz\/fr\/wp-json\/wp\/v2\/media?parent=344014"}],"wp:term":[{"taxonomy":"pwb-brand","embeddable":true,"href":"https:\/\/www.moskito.cz\/fr\/wp-json\/wp\/v2\/pwb-brand?post=344014"},{"taxonomy":"product_brand","embeddable":true,"href":"https:\/\/www.moskito.cz\/fr\/wp-json\/wp\/v2\/product_brand?post=344014"},{"taxonomy":"product_cat","embeddable":true,"href":"https:\/\/www.moskito.cz\/fr\/wp-json\/wp\/v2\/product_cat?post=344014"},{"taxonomy":"product_tag","embeddable":true,"href":"https:\/\/www.moskito.cz\/fr\/wp-json\/wp\/v2\/product_tag?post=344014"}],"curies":[{"name":"wp","href":"https:\/\/api.w.org\/{rel}","templated":true}]}}