{"id":344059,"date":"2021-09-24T17:25:45","date_gmt":"2024-06-12T12:55:45","guid":{"rendered":"https:\/\/www.moskito.cz\/produkt\/couteau-de-fermeture-sog-flash-at-blackout-dentele\/"},"modified":"2025-05-07T11:17:00","modified_gmt":"2025-05-07T10:17:00","slug":"couteau-de-fermeture-sog-flash-at-blackout-dentele","status":"publish","type":"product","link":"https:\/\/www.moskito.cz\/fr\/produkt\/couteau-de-fermeture-sog-flash-at-blackout-dentele\/","title":{"rendered":"Couteau de fermeture SOG FLASH AT BLACKOUT DENTEL\u00c9"},"content":{"rendered":"<p>Couteau de fermeture <strong>SOG<\/strong> FLASH AT BLACKOUT DENTEL\u00c9.<\/p>\n<p>Notre histoire commence au Vietnam, o\u00f9 des membres de la force d&rsquo;op\u00e9rations sp\u00e9ciales tr\u00e8s secr\u00e8te am\u00e9ricaine &#8211; connue sous le nom de MACV &#8211; <strong>SOG<\/strong> &#8211; transportaient un couteau secret unique dans la jungle lors de missions secr\u00e8tes. Quelques ann\u00e9es plus tard, en 1986, ce couteau a inspir\u00e9 un jeune designer nomm\u00e9 Spencer Frazer \u00e0 fonder SOG Specialty Knives. Sa mission : reproduire le couteau SOG Bowie original et rendre hommage \u00e0 l&rsquo;unit\u00e9 des op\u00e9rations sp\u00e9ciales qui l&rsquo;a cr\u00e9\u00e9. Ce qui a commenc\u00e9 comme un mod\u00e8le comm\u00e9moratif unique est rapidement devenu toute une gamme d&rsquo;outils innovants &#8211; \u00e9prouv\u00e9s par les forces sp\u00e9ciales am\u00e9ricaines, et m\u00eame r\u00e9compens\u00e9s comme le couteau de choix des Navy SEAL. Aujourd&rsquo;hui, les couteaux SOG sont port\u00e9s en toute confiance dans les situations les plus exigeantes. Forg\u00e9 dans la tradition, endurci sur le terrain, d\u00e9pos\u00e9 pour vous.<\/p>\n<p>Que vous prot\u00e9giez les autres ou meniez une exp\u00e9dition de chasse \u00e9pique, releviez l&rsquo;un des d\u00e9fis quotidiens de la vie ou affrontiez les conditions les plus extr\u00eames \u00e0 ce jour, faites votre chemin avec SOG.<\/p>\n<p>Con\u00e7u pour l&rsquo;utilisateur quotidien, le Flash AT offre une ouverture assist\u00e9e rapide avec le verrou double face innovant AT-XR SOG et une poign\u00e9e ergonomique plus \u00e9pur\u00e9e pour une meilleure prise en main et un meilleur confort. Le Flash AT est compact et facile \u00e0 transporter, avec une lame en acier inoxydable D2 haute performance trait\u00e9e thermiquement cryog\u00e9niquement. Son puissant m\u00e9canisme de verrouillage XR offre \u00e9galement une s\u00e9curit\u00e9 de verrouillage de lame int\u00e9gr\u00e9e fiable et un syst\u00e8me de s\u00e9curit\u00e9 mont\u00e9 sur la colonne vert\u00e9brale. Une autre \u00e9volution du populaire Flash.<\/p>\n<p>CONCEPTION FOLLE<br \/>\nIl \u00e9quilibre un design moderne avec des performances et une fiabilit\u00e9 \u00e9lev\u00e9es. Le Flash AT poss\u00e8de un clip profond \u00e9l\u00e9gant et une poign\u00e9e ergonomique efficace.<\/p>\n<p>SERRURE AT-XR<br \/>\nLe verrou XR brevet\u00e9 de SOG avec technologie assist\u00e9e (AT) permet une ouverture rapide d&rsquo;une seule main et un verrouillage ferme une fois ouvert. Fiable et puissant, capable de r\u00e9sister \u00e0 une force de 1 500 livres, le verrou AT-XR offre une s\u00e9curit\u00e9 int\u00e9gr\u00e9e maximale pour verrouiller la lame lors de l&rsquo;ouverture, garantissant qu&rsquo;elle ne s&rsquo;ouvre que lorsque pr\u00e9vu.<\/p>\n<p>S\u00c9CURIT\u00c9 2.0<br \/>\nSOG a travaill\u00e9 avec les utilisateurs pour d\u00e9velopper une s\u00e9curit\u00e9 bidirectionnelle aussi simple que rapide. Il est con\u00e7u pour \u00eatre intuitif et utiliser des mouvements naturels de la main, ce qui signifie que vous n&rsquo;avez pas besoin de rompre votre prise pour l&rsquo;utiliser. Une fois ouvert, il se verrouille comme un arr\u00eat de pouce. Tout ce que devrait \u00eatre la s\u00e9curit\u00e9.<\/p>\n<p>ACIER ACIER CRYO D2<br \/>\nUn acier \u00e0 outils polyvalent \u00e0 haute teneur en carbone trait\u00e9 thermiquement par cryog\u00e9nie selon les sp\u00e9cifications de performance uniques de SOG. D2 offre la combinaison id\u00e9ale de r\u00e9tention des bords et de durabilit\u00e9 pour une utilisation \u00e0 long terme avec un entretien facile.<\/p>\n<p>LONGUEUR TOTALE : 21 cm<br \/>\nLONGUEUR DE LA LAME : 8,6 cm<br \/>\nPOIDS&nbsp;: 4,49 onces<br \/>\nTYPE DE LAME EN ACIER : Cryo D2<br \/>\nMAT\u00c9RIAU DE LA POIGN\u00c9E&nbsp;: VERT<br \/>\nFINITIONS : Nitrure de titane<br \/>\nM\u00c9CANISME DE VERROUILLAGE : AT-XR<br \/>\nM\u00c9CANISME D&rsquo;OUVERTURE : Pouce Assist\u00e9<br \/>\nTYPE DE BORD : Partiellement dentel\u00e9<\/p>\n<p>Con\u00e7u pour les utilisateurs quotidiens, Flash AT offre une ouverture assist\u00e9e rapide avec le verrou ambidextre innovant AT-XR de SOG et une poign\u00e9e ergonomique simplifi\u00e9e pour une prise en main et un confort am\u00e9lior\u00e9s. Flash AT est compact et facile \u00e0 transporter, avec une lame en acier inoxydable D2 hautement fonctionnelle de 3,5&Prime; trait\u00e9e thermiquement cryog\u00e9niquement. Son puissant m\u00e9canisme de verrouillage XR comprend \u00e9galement une s\u00e9curit\u00e9 de verrouillage de lame int\u00e9gr\u00e9e fiable et un syst\u00e8me de s\u00e9curit\u00e9 mont\u00e9 sur la colonne vert\u00e9brale. La prochaine \u00e9volution du populaire Flash.<\/p>\n<p>LONGUEUR TOTALE<br \/>\n8,29&Prime;<br \/>\nLONGUEUR FERM\u00c9E<br \/>\n4,67&Prime;<br \/>\nLONGUEUR DE LA LAME<br \/>\n3,45&Prime;<br \/>\nPOIDS<br \/>\n4,49 onces<br \/>\nTYPE DE LAME EN ACIER<br \/>\nCryo D2<br \/>\n\u00c9PAISSEUR DE LA LAME<br \/>\n0,12&Prime;<br \/>\nMAT\u00c9RIEL DE LA POIGN\u00c9E<br \/>\nVERT<br \/>\nCOULEUR DE LA POIGN\u00c9E<br \/>\ncoupure \u00e9lectrique<br \/>\nFINITION<br \/>\nNitrure de titane<br \/>\nM\u00c9CANISME DE VERROUILLAGE<br \/>\nAT-XR<br \/>\nS\u00dbR<br \/>\nS\u00e9curit\u00e9 ambidextre mont\u00e9e sur la colonne vert\u00e9brale<br \/>\nM\u00c9CANISME D&rsquo;OUVERTURE<br \/>\nGoujon de pouce assist\u00e9<br \/>\nPAYS D&rsquo;ORIGINE<br \/>\nTa\u00efwan<br \/>\nTYPE DE BORD<br \/>\nPartiellement dentel\u00e9<br \/>\nFORME DE LA LAME<br \/>\nDirectement en arri\u00e8re<\/p>\n","protected":false},"excerpt":{"rendered":"<p>Que vous prot\u00e9giez les autres ou meniez une exp\u00e9dition de chasse \u00e9pique, releviez l&rsquo;un des d\u00e9fis quotidiens de la vie ou affrontiez les conditions les plus extr\u00eames \u00e0 ce jour, faites votre chemin avec <strong>SOG<\/strong> .<\/p>\n<p><strong>Nous offrons une garantie \u00e0 vie sur tous les couteaux SOG&nbsp;!<\/strong><\/p>\n","protected":false},"featured_media":344061,"comment_status":"open","ping_status":"closed","template":"","meta":[],"pwb-brand":[3849],"product_brand":[],"product_cat":[3700,3696],"product_tag":[3754],"class_list":{"0":"post-344059","1":"product","2":"type-product","3":"status-publish","4":"has-post-thumbnail","6":"pwb-brand-sog-fr","7":"product_cat-couteaux-de-fermeture","8":"product_cat-des-couteaux","9":"product_tag-b2b-fr","11":"first","12":"instock","13":"taxable","14":"shipping-taxable","15":"purchasable","16":"product-type-simple"},"brands":[{"id":3849,"name":"SOG","slug":"sog-fr"}],"_links":{"self":[{"href":"https:\/\/www.moskito.cz\/fr\/wp-json\/wp\/v2\/product\/344059","targetHints":{"allow":["GET"]}}],"collection":[{"href":"https:\/\/www.moskito.cz\/fr\/wp-json\/wp\/v2\/product"}],"about":[{"href":"https:\/\/www.moskito.cz\/fr\/wp-json\/wp\/v2\/types\/product"}],"replies":[{"embeddable":true,"href":"https:\/\/www.moskito.cz\/fr\/wp-json\/wp\/v2\/comments?post=344059"}],"wp:featuredmedia":[{"embeddable":true,"href":"https:\/\/www.moskito.cz\/fr\/wp-json\/wp\/v2\/media\/344061"}],"wp:attachment":[{"href":"https:\/\/www.moskito.cz\/fr\/wp-json\/wp\/v2\/media?parent=344059"}],"wp:term":[{"taxonomy":"pwb-brand","embeddable":true,"href":"https:\/\/www.moskito.cz\/fr\/wp-json\/wp\/v2\/pwb-brand?post=344059"},{"taxonomy":"product_brand","embeddable":true,"href":"https:\/\/www.moskito.cz\/fr\/wp-json\/wp\/v2\/product_brand?post=344059"},{"taxonomy":"product_cat","embeddable":true,"href":"https:\/\/www.moskito.cz\/fr\/wp-json\/wp\/v2\/product_cat?post=344059"},{"taxonomy":"product_tag","embeddable":true,"href":"https:\/\/www.moskito.cz\/fr\/wp-json\/wp\/v2\/product_tag?post=344059"}],"curies":[{"name":"wp","href":"https:\/\/api.w.org\/{rel}","templated":true}]}}