{"id":344100,"date":"2022-05-02T20:59:51","date_gmt":"2024-06-13T12:58:32","guid":{"rendered":"https:\/\/www.moskito.cz\/produkt\/couteau-de-fermeture-sog-centi-ii\/"},"modified":"2025-05-07T11:17:02","modified_gmt":"2025-05-07T10:17:02","slug":"couteau-de-fermeture-sog-centi-ii","status":"publish","type":"product","link":"https:\/\/www.moskito.cz\/fr\/produkt\/couteau-de-fermeture-sog-centi-ii\/","title":{"rendered":"Couteau de fermeture SOG CENTI II"},"content":{"rendered":"<p>Couteau de fermeture <strong>SOG<\/strong> CENTI II<\/p>\n<p>Con\u00e7us pour aller partout, les couteaux pliants Centi peuvent \u00eatre facilement transport\u00e9s sur n&rsquo;importe quel porte-cl\u00e9s ou cordon. Le Centi II est un petit couteau de poche polyvalent fabriqu\u00e9 en acier inoxydable de qualit\u00e9 et con\u00e7u pour \u00eatre port\u00e9 sur un porte-cl\u00e9s ou rang\u00e9 dans une poche. Il pr\u00e9sente une conception verrouillable et une lame en acier inoxydable de 2,1 pouces dans une conception simple. Ce petit outil est plus fin que la plupart des cl\u00e9s, mais suffisamment solide pour des coupes l\u00e9g\u00e8res. Sa construction enti\u00e8rement en acier inoxydable en fait un outil durable. Gardez-le toujours avec vous et vous le trouverez pratique pour les t\u00e2ches rapides du quotidien. Il est l\u00e0 quand vous en avez besoin et ne vous g\u00eane pas lorsque vous n&rsquo;en avez pas besoin.<\/p>\n<p>PARAM\u00c8TRES DU PRODUIT&nbsp;:<\/p>\n<p>ACIER&nbsp;: 3Cr13<br \/>\nLONGUEUR DE LA LAME : 5,3 cm<br \/>\nPOIDS : 37g<br \/>\n\u00c9PAISSEUR DE LA LAME&nbsp;: 1,8&nbsp;mm<br \/>\nLa couleur noire<br \/>\nTYPE DE FUSIBLE&nbsp;: LockBack<br \/>\nTAILLE TOTALE : 12,7 cm<br \/>\nMAT\u00c9RIAU DE LA POIGN\u00c9E&nbsp;: Acier inoxydable<\/p>\n<p><iframe title=\"SOG Centi I &amp; II\" width=\"800\" height=\"450\" src=\"https:\/\/www.youtube.com\/embed\/o2u5vudOSWM?feature=oembed\" frameborder=\"0\" allow=\"accelerometer; autoplay; clipboard-write; encrypted-media; gyroscope; picture-in-picture; web-share\" referrerpolicy=\"strict-origin-when-cross-origin\" allowfullscreen><\/iframe><\/p>\n<p>&nbsp;<\/p>\n","protected":false},"excerpt":{"rendered":"<p>Que vous prot\u00e9giez les autres ou meniez une exp\u00e9dition de chasse \u00e9pique, releviez l&rsquo;un des d\u00e9fis quotidiens de la vie ou affrontiez les conditions les plus extr\u00eames \u00e0 ce jour, faites votre chemin avec <strong>SOG<\/strong> .<\/p>\n<p><strong>Nous offrons une garantie \u00e0 vie sur tous les couteaux SOG&nbsp;!<\/strong><\/p>\n","protected":false},"featured_media":344101,"comment_status":"open","ping_status":"closed","template":"","meta":[],"pwb-brand":[3849],"product_brand":[],"product_cat":[3700,3696],"product_tag":[3754],"class_list":{"0":"post-344100","1":"product","2":"type-product","3":"status-publish","4":"has-post-thumbnail","6":"pwb-brand-sog-fr","7":"product_cat-couteaux-de-fermeture","8":"product_cat-des-couteaux","9":"product_tag-b2b-fr","11":"first","12":"outofstock","13":"taxable","14":"shipping-taxable","15":"purchasable","16":"product-type-simple"},"brands":[{"id":3849,"name":"SOG","slug":"sog-fr"}],"_links":{"self":[{"href":"https:\/\/www.moskito.cz\/fr\/wp-json\/wp\/v2\/product\/344100","targetHints":{"allow":["GET"]}}],"collection":[{"href":"https:\/\/www.moskito.cz\/fr\/wp-json\/wp\/v2\/product"}],"about":[{"href":"https:\/\/www.moskito.cz\/fr\/wp-json\/wp\/v2\/types\/product"}],"replies":[{"embeddable":true,"href":"https:\/\/www.moskito.cz\/fr\/wp-json\/wp\/v2\/comments?post=344100"}],"wp:featuredmedia":[{"embeddable":true,"href":"https:\/\/www.moskito.cz\/fr\/wp-json\/wp\/v2\/media\/344101"}],"wp:attachment":[{"href":"https:\/\/www.moskito.cz\/fr\/wp-json\/wp\/v2\/media?parent=344100"}],"wp:term":[{"taxonomy":"pwb-brand","embeddable":true,"href":"https:\/\/www.moskito.cz\/fr\/wp-json\/wp\/v2\/pwb-brand?post=344100"},{"taxonomy":"product_brand","embeddable":true,"href":"https:\/\/www.moskito.cz\/fr\/wp-json\/wp\/v2\/product_brand?post=344100"},{"taxonomy":"product_cat","embeddable":true,"href":"https:\/\/www.moskito.cz\/fr\/wp-json\/wp\/v2\/product_cat?post=344100"},{"taxonomy":"product_tag","embeddable":true,"href":"https:\/\/www.moskito.cz\/fr\/wp-json\/wp\/v2\/product_tag?post=344100"}],"curies":[{"name":"wp","href":"https:\/\/api.w.org\/{rel}","templated":true}]}}