{"id":344160,"date":"2023-03-13T22:05:01","date_gmt":"2024-06-13T13:03:07","guid":{"rendered":"https:\/\/www.moskito.cz\/produkt\/couteau-solide-sog-aegis-fx-rescue-rouge-indigo\/"},"modified":"2025-05-07T11:17:03","modified_gmt":"2025-05-07T10:17:03","slug":"couteau-solide-sog-aegis-fx-rescue-rouge-indigo","status":"publish","type":"product","link":"https:\/\/www.moskito.cz\/fr\/produkt\/couteau-solide-sog-aegis-fx-rescue-rouge-indigo\/","title":{"rendered":"Couteau Solide SOG AEGIS FX RESCUE ROUGE &amp; INDIGO"},"content":{"rendered":"<p>Couteau Solide <strong>SOG<\/strong> AEGIS FX RESCUE ROUGE &amp; INDIGO<\/p>\n<p><strong>L&rsquo;Aegis FX<\/strong> est un couteau intr\u00e9pide et fiable destin\u00e9 \u00e0 jouer un r\u00f4le essentiel dans toute aventure en plein air. Sa lame enti\u00e8rement en acier inoxydable CRYO 4116 Krupp est r\u00e9sistante \u00e0 la corrosion et tranchante en permanence. Son \u00e9tui adaptable compatible avec le syst\u00e8me de montage universel permet de multiples options de transport. Dispose d&rsquo;une poign\u00e9e GRN avec une zone de pr\u00e9hension caoutchout\u00e9e surmoul\u00e9e pour plus de confort m\u00eame lorsque vous utilisez plusieurs poign\u00e9es diff\u00e9rentes.<\/p>\n<p><strong>POIGN\u00c9E VERT ET CAOUTCHOUC<\/strong><br \/>\nLa poign\u00e9e Aegis FX GRN avec un insert en caoutchouc et une texture sp\u00e9cifique garantit une prise s\u00fbre lorsqu&rsquo;il fait froid et humide dehors.<\/p>\n<p><strong>CRYO 4116 KRUPPS ACIER<\/strong><br \/>\nLe 4116 est un acier inoxydable \u00e0 grain fin produit par les fabricants allemands ThyssenKrupp. L&rsquo;acier a \u00e9t\u00e9 initialement d\u00e9velopp\u00e9 pour des applications hygi\u00e9niques telles que l&rsquo;industrie m\u00e9dicale en raison de son incroyable r\u00e9sistance \u00e0 la corrosion, de sa r\u00e9sistance in\u00e9gal\u00e9e et de son excellente r\u00e9tention des bords.<\/p>\n<p><strong>LOGEMENT UMS<\/strong><br \/>\nLe syst\u00e8me de montage universel configurable de SOG offre une vari\u00e9t\u00e9 d&rsquo;options de transport compatibles avec les sangles, les ceintures et MOLLE.<\/p>\n<p>TAILLE HORS TOUT : 22 cm<br \/>\nCOULEUR: Argent<br \/>\nACIER : CRYO KRUPP 4116<br \/>\nPOIDS : 139g<br \/>\nLONGUEUR DE LA LAME : 9,3 cm<br \/>\nMAT\u00c9RIAU DE LA POIGN\u00c9E&nbsp;: 30&nbsp;% GRN \/ TPU<br \/>\nMAT\u00c9RIEL DU BO\u00ceTIER&nbsp;: VERT<\/p>\n","protected":false},"excerpt":{"rendered":"<p><strong>Aegis FX est un couteau outdoor dot\u00e9 d&rsquo;une lame solide et d&rsquo;un bord lisse. Un couteau tr\u00e8s fiable gr\u00e2ce au design fulltang pour tous les aventuriers.<\/strong><\/p>\n","protected":false},"featured_media":344161,"comment_status":"open","ping_status":"closed","template":"","meta":[],"pwb-brand":[3849],"product_brand":[],"product_cat":[3697,3696],"product_tag":[3754],"class_list":{"0":"post-344160","1":"product","2":"type-product","3":"status-publish","4":"has-post-thumbnail","6":"pwb-brand-sog-fr","7":"product_cat-couteaux-solides","8":"product_cat-des-couteaux","9":"product_tag-b2b-fr","11":"first","12":"instock","13":"taxable","14":"shipping-taxable","15":"purchasable","16":"product-type-simple"},"brands":[{"id":3849,"name":"SOG","slug":"sog-fr"}],"_links":{"self":[{"href":"https:\/\/www.moskito.cz\/fr\/wp-json\/wp\/v2\/product\/344160","targetHints":{"allow":["GET"]}}],"collection":[{"href":"https:\/\/www.moskito.cz\/fr\/wp-json\/wp\/v2\/product"}],"about":[{"href":"https:\/\/www.moskito.cz\/fr\/wp-json\/wp\/v2\/types\/product"}],"replies":[{"embeddable":true,"href":"https:\/\/www.moskito.cz\/fr\/wp-json\/wp\/v2\/comments?post=344160"}],"wp:featuredmedia":[{"embeddable":true,"href":"https:\/\/www.moskito.cz\/fr\/wp-json\/wp\/v2\/media\/344161"}],"wp:attachment":[{"href":"https:\/\/www.moskito.cz\/fr\/wp-json\/wp\/v2\/media?parent=344160"}],"wp:term":[{"taxonomy":"pwb-brand","embeddable":true,"href":"https:\/\/www.moskito.cz\/fr\/wp-json\/wp\/v2\/pwb-brand?post=344160"},{"taxonomy":"product_brand","embeddable":true,"href":"https:\/\/www.moskito.cz\/fr\/wp-json\/wp\/v2\/product_brand?post=344160"},{"taxonomy":"product_cat","embeddable":true,"href":"https:\/\/www.moskito.cz\/fr\/wp-json\/wp\/v2\/product_cat?post=344160"},{"taxonomy":"product_tag","embeddable":true,"href":"https:\/\/www.moskito.cz\/fr\/wp-json\/wp\/v2\/product_tag?post=344160"}],"curies":[{"name":"wp","href":"https:\/\/api.w.org\/{rel}","templated":true}]}}