{"id":344297,"date":"2021-05-09T21:37:43","date_gmt":"2021-05-09T20:37:43","guid":{"rendered":"https:\/\/www.moskito.cz\/produkt\/couteau-fixe-extrema-ratio-kreios\/"},"modified":"2025-05-07T11:17:06","modified_gmt":"2025-05-07T10:17:06","slug":"couteau-fixe-extrema-ratio-kreios","status":"publish","type":"product","link":"https:\/\/www.moskito.cz\/fr\/produkt\/couteau-fixe-extrema-ratio-kreios\/","title":{"rendered":"Couteau Fixe Extrema Ratio KREIOS"},"content":{"rendered":"<p>Couteau Fixe Extrema Ratio KREIOS<\/p>\n<p>Nous avons con\u00e7u et d\u00e9velopp\u00e9 le KREIOS avec l&rsquo;instructeur en chef Daniele Dal Cante de la FISSS (F\u00e9d\u00e9ration italienne de survie), qui l&rsquo;a qualifi\u00e9 de \u00ab\u00a0tout-terrain\u00a0\u00bb avec des outils tranchants. Il ne s&rsquo;agit donc pas d&rsquo;un design destin\u00e9 \u00e0 un seul usage sp\u00e9cifique, mais d&rsquo;un outil polyvalent extr\u00eamement polyvalent pour un large \u00e9ventail d&rsquo;activit\u00e9s de plein air. Gr\u00e2ce \u00e0 son ergonomie, son poids et sa taille, le KREIOS est tr\u00e8s efficace pour se frayer un chemin \u00e0 travers une v\u00e9g\u00e9tation dense, notamment lorsqu&rsquo;une distance de s\u00e9curit\u00e9 avec une v\u00e9g\u00e9tation \u00e9pineuse ou autrement dangereuse est requise. Gr\u00e2ce \u00e0 sa robustesse, elle excelle \u00e9galement comme machette pour les travaux de terrain lourds, par exemple pour abattre des arbres ou couper du bois de chauffage. La longueur de sa lame de 12&Prime;\u00be\u00a0\u00bb enti\u00e8rement plate\u00a0\u00bb combin\u00e9e \u00e0 un angle de lame vers le bas de 11\u00b0 &#8211; pour une bonne prise en main et un lourd 22 \u00bd oz. le rendement massique a une capacit\u00e9 de coupe exceptionnelle et une tr\u00e8s haute tol\u00e9rance aux contraintes de traction. Les g\u00e9om\u00e9tries et les mat\u00e9riaux contemporains fusionnent avec les traditions malaisiennes et africaines pour cr\u00e9er un outil de travail tout-terrain robuste qui sert \u00e9galement d&rsquo;arme de d\u00e9fense et d&rsquo;attaque en cas d&rsquo;urgence. Comprend une veste du syst\u00e8me MOLLE et une bandouli\u00e8re de s\u00e9curit\u00e9.<br \/>\nFICHE TECHNIQUE<br \/>\nPoids g.: 642<br \/>\nPoids environ : 22,6<br \/>\nLongueur de la lame (mm) : 324<br \/>\nLongueur de la lame (en pouces) : 12,8<br \/>\nLongueur totale (mm) : 476<br \/>\nLongueur totale (en pouces) : 18,7<br \/>\n\u00c9paisseur de la lame (mm): 6,3<br \/>\n\u00c9paisseur de la lame (en pouces) : 0,25<br \/>\nMat\u00e9riau de la lame : ACIER B\u00f6HLER N690 (58HRC)<br \/>\nFinition de la lame&nbsp;:&nbsp;MIL-C-13924 CHAUFFAGE<br \/>\nGrille principale&nbsp;: PLAT<br \/>\nMat\u00e9riau du manche&nbsp;: FORPR\u00c8NE<\/p>\n","protected":false},"excerpt":{"rendered":"<p>Bas\u00e9e \u00e0 Prato, en Italie <strong>, Extrema Ratio<\/strong> con\u00e7oit et fabrique des couteaux de combat, militaires, de cuisine, de chasse et tactiques de haute performance depuis 1997 et jouit d&rsquo;une r\u00e9putation de qualit\u00e9 sup\u00e9rieure sans \u00e9gal dans l&rsquo;industrie des couteaux militaires et tactiques. <strong>Transports gratuits.<\/strong><\/p>\n","protected":false},"featured_media":431286,"comment_status":"open","ping_status":"closed","template":"","meta":[],"pwb-brand":[3767],"product_brand":[],"product_cat":[3697,3696],"product_tag":[3754],"class_list":{"0":"post-344297","1":"product","2":"type-product","3":"status-publish","4":"has-post-thumbnail","6":"pwb-brand-rapport-extreme","7":"product_cat-couteaux-solides","8":"product_cat-des-couteaux","9":"product_tag-b2b-fr","11":"first","12":"instock","13":"taxable","14":"shipping-taxable","15":"purchasable","16":"product-type-simple"},"brands":[{"id":3767,"name":"Rapport extr\u00eame","slug":"rapport-extreme"}],"_links":{"self":[{"href":"https:\/\/www.moskito.cz\/fr\/wp-json\/wp\/v2\/product\/344297","targetHints":{"allow":["GET"]}}],"collection":[{"href":"https:\/\/www.moskito.cz\/fr\/wp-json\/wp\/v2\/product"}],"about":[{"href":"https:\/\/www.moskito.cz\/fr\/wp-json\/wp\/v2\/types\/product"}],"replies":[{"embeddable":true,"href":"https:\/\/www.moskito.cz\/fr\/wp-json\/wp\/v2\/comments?post=344297"}],"wp:featuredmedia":[{"embeddable":true,"href":"https:\/\/www.moskito.cz\/fr\/wp-json\/wp\/v2\/media\/431286"}],"wp:attachment":[{"href":"https:\/\/www.moskito.cz\/fr\/wp-json\/wp\/v2\/media?parent=344297"}],"wp:term":[{"taxonomy":"pwb-brand","embeddable":true,"href":"https:\/\/www.moskito.cz\/fr\/wp-json\/wp\/v2\/pwb-brand?post=344297"},{"taxonomy":"product_brand","embeddable":true,"href":"https:\/\/www.moskito.cz\/fr\/wp-json\/wp\/v2\/product_brand?post=344297"},{"taxonomy":"product_cat","embeddable":true,"href":"https:\/\/www.moskito.cz\/fr\/wp-json\/wp\/v2\/product_cat?post=344297"},{"taxonomy":"product_tag","embeddable":true,"href":"https:\/\/www.moskito.cz\/fr\/wp-json\/wp\/v2\/product_tag?post=344297"}],"curies":[{"name":"wp","href":"https:\/\/api.w.org\/{rel}","templated":true}]}}