{"id":344445,"date":"2024-06-14T09:34:44","date_gmt":"2024-06-14T08:34:44","guid":{"rendered":"https:\/\/www.moskito.cz\/produkt\/throwing-stars-cold-steel-heavy-sure-strike-paquet-de-3\/"},"modified":"2025-05-07T11:17:11","modified_gmt":"2025-05-07T10:17:11","slug":"throwing-stars-cold-steel-heavy-sure-strike-paquet-de-3","status":"publish","type":"product","link":"https:\/\/www.moskito.cz\/fr\/produkt\/throwing-stars-cold-steel-heavy-sure-strike-paquet-de-3\/","title":{"rendered":"Throwing Stars Cold Steel HEAVY SURE STRIKE (PAQUET DE 3)"},"content":{"rendered":"<p>\u00c9toiles \u00e0 lancer <strong>Cold Steel<\/strong> HEAVY SURE STRIKE (paquet de 3).<\/p>\n<p>Le Sure Strike est notre interpr\u00e9tation du classique Shuriken, ou \u00e9toile lanceuse. Utilis\u00e9e depuis des si\u00e8cles en Chine et au Japon, une \u00e9toile de lancer est constitu\u00e9e d&rsquo;une pi\u00e8ce d&rsquo;acier aplatie bien \u00e9quilibr\u00e9e avec 3 pointes ac\u00e9r\u00e9es ou plus. Lorsqu&rsquo;elle est lanc\u00e9e au-dessus d&rsquo;une balle de baseball, d&rsquo;une arme de poing, d&rsquo;un bras ou d&rsquo;un revers comme une soucoupe volante, elle touche au moins un point \u00e0 chaque fois. Nos Sure Strikes ne ressemblent pas aux \u00e9toiles bon march\u00e9 et fragiles que vous voyez dans les march\u00e9s aux puces, les expositions d&rsquo;armes et les magazines d&rsquo;arts martiaux. Ils sont d\u00e9coup\u00e9s avec pr\u00e9cision au laser dans de l&rsquo;acier \u00e0 haute teneur en carbone et trait\u00e9s thermiquement pour devenir un ressort durable avant d&rsquo;\u00eatre aff\u00fbt\u00e9s. Ils sont ensuite trait\u00e9s avec un vernis \u00e9poxy cuit noir pour les prot\u00e9ger des intemp\u00e9ries et des lancers r\u00e9p\u00e9t\u00e9s. Disponible en trois variantes de poids : l\u00e9ger, moyen et lourd.<\/p>\n<p>Poids : 181 g<\/p>\n<p>\u00c9paisseur de la lame : 0,6 cm<\/p>\n<p>Lames en acier : carbone 1055<\/p>\n<p>Longueur totale : 14,6 cm<\/p>\n<p>Famille d&rsquo;aciers : Aciers \u00e0 haute teneur en carbone<\/p>\n<p>&nbsp;<\/p>\n<p>&nbsp;<\/p>\n","protected":false},"excerpt":{"rendered":"<p><strong>Sure Strike est notre interpr\u00e9tation du classique Shuriken ou \u00e9toile lanceuse.<\/strong><\/p>\n","protected":false},"featured_media":344437,"comment_status":"open","ping_status":"closed","template":"","meta":[],"pwb-brand":[3789],"product_brand":[],"product_cat":[3698,3696],"product_tag":[3754],"class_list":{"0":"post-344445","1":"product","2":"type-product","3":"status-publish","4":"has-post-thumbnail","6":"pwb-brand-acier-froid","7":"product_cat-lancer-des-couteaux","8":"product_cat-des-couteaux","9":"product_tag-b2b-fr","11":"first","12":"instock","13":"taxable","14":"shipping-taxable","15":"purchasable","16":"product-type-simple"},"brands":[{"id":3789,"name":"Acier froid","slug":"acier-froid"}],"_links":{"self":[{"href":"https:\/\/www.moskito.cz\/fr\/wp-json\/wp\/v2\/product\/344445","targetHints":{"allow":["GET"]}}],"collection":[{"href":"https:\/\/www.moskito.cz\/fr\/wp-json\/wp\/v2\/product"}],"about":[{"href":"https:\/\/www.moskito.cz\/fr\/wp-json\/wp\/v2\/types\/product"}],"replies":[{"embeddable":true,"href":"https:\/\/www.moskito.cz\/fr\/wp-json\/wp\/v2\/comments?post=344445"}],"wp:featuredmedia":[{"embeddable":true,"href":"https:\/\/www.moskito.cz\/fr\/wp-json\/wp\/v2\/media\/344437"}],"wp:attachment":[{"href":"https:\/\/www.moskito.cz\/fr\/wp-json\/wp\/v2\/media?parent=344445"}],"wp:term":[{"taxonomy":"pwb-brand","embeddable":true,"href":"https:\/\/www.moskito.cz\/fr\/wp-json\/wp\/v2\/pwb-brand?post=344445"},{"taxonomy":"product_brand","embeddable":true,"href":"https:\/\/www.moskito.cz\/fr\/wp-json\/wp\/v2\/product_brand?post=344445"},{"taxonomy":"product_cat","embeddable":true,"href":"https:\/\/www.moskito.cz\/fr\/wp-json\/wp\/v2\/product_cat?post=344445"},{"taxonomy":"product_tag","embeddable":true,"href":"https:\/\/www.moskito.cz\/fr\/wp-json\/wp\/v2\/product_tag?post=344445"}],"curies":[{"name":"wp","href":"https:\/\/api.w.org\/{rel}","templated":true}]}}