{"id":344465,"date":"2024-06-14T09:51:53","date_gmt":"2024-06-14T08:55:16","guid":{"rendered":"https:\/\/www.moskito.cz\/produkt\/lancer-cold-steel-templar-x\/"},"modified":"2025-05-07T11:17:13","modified_gmt":"2025-05-07T10:17:13","slug":"lancer-cold-steel-templar-x","status":"publish","type":"product","link":"https:\/\/www.moskito.cz\/fr\/produkt\/lancer-cold-steel-templar-x\/","title":{"rendered":"Lancer Cold Steel TEMPLAR X"},"content":{"rendered":"<p>Lancer <strong>Cold Steel<\/strong> TEMPLAR X.<\/p>\n<p><strong>Le Cold Steel Templar<\/strong> est un outil de lancer sp\u00e9cialis\u00e9 con\u00e7u pour le lancer de sport ou de comp\u00e9tition moderne. Con\u00e7u par Dave Baker, le Templier s&rsquo;inspire de l&rsquo;ancienne hache de lancer historique connue sous le nom de Hurlbat. Fabriqu\u00e9 \u00e0 partir d&rsquo;une seule pi\u00e8ce solide d&rsquo;acier au carbone tremp\u00e9 \u00e0 ressort, le Templar est amusant \u00e0 lancer et facile \u00e0 utiliser. En termes de potentiel de \u00ab capture \u00bb, c&rsquo;est la meilleure chose \u00e0 faire apr\u00e8s un shuriken ou une \u00e9toile lanceuse, atterrissant avec un \u00ab bruit sourd \u00bb satisfaisant encore et encore ! Avec une t\u00eate de style hache, une pointe sup\u00e9rieure et arri\u00e8re et une poign\u00e9e \u00e0 pointe biseaut\u00e9e, il frappe fort \u00e0 presque toutes les distances et rotations, et l&rsquo;\u00e9quilibre lourd en t\u00eate permet des lancers plus longs.<\/p>\n<p>Poids : 16,9 onces<\/p>\n<p>\u00c9paisseur de la lame : 0,5 cm<\/p>\n<p>Lames en acier : 1065 \u00e0 haute teneur en carbone<\/p>\n<p>Style: Hache<\/p>\n<p>Famille d&rsquo;aciers : Aciers \u00e0 haute teneur en carbone<\/p>\n<div class=\"detaillist-row\">\n<div class=\"detaillist-row-name\">Taille globale. 37 cm<\/div>\n<\/div>\n<p>&nbsp;<\/p>\n<p>&nbsp;<\/p>\n","protected":false},"excerpt":{"rendered":"<p><strong>Le Cold Steel Templar est un outil de lancer sp\u00e9cialis\u00e9 con\u00e7u pour le lancer de sport ou de comp\u00e9tition moderne.<\/strong><\/p>\n","protected":false},"featured_media":344453,"comment_status":"open","ping_status":"closed","template":"","meta":[],"pwb-brand":[3789],"product_brand":[],"product_cat":[3696,3698],"product_tag":[3754],"class_list":{"0":"post-344465","1":"product","2":"type-product","3":"status-publish","4":"has-post-thumbnail","6":"pwb-brand-acier-froid","7":"product_cat-des-couteaux","8":"product_cat-lancer-des-couteaux","9":"product_tag-b2b-fr","11":"first","12":"outofstock","13":"taxable","14":"shipping-taxable","15":"purchasable","16":"product-type-simple"},"brands":[{"id":3789,"name":"Acier froid","slug":"acier-froid"}],"_links":{"self":[{"href":"https:\/\/www.moskito.cz\/fr\/wp-json\/wp\/v2\/product\/344465","targetHints":{"allow":["GET"]}}],"collection":[{"href":"https:\/\/www.moskito.cz\/fr\/wp-json\/wp\/v2\/product"}],"about":[{"href":"https:\/\/www.moskito.cz\/fr\/wp-json\/wp\/v2\/types\/product"}],"replies":[{"embeddable":true,"href":"https:\/\/www.moskito.cz\/fr\/wp-json\/wp\/v2\/comments?post=344465"}],"wp:featuredmedia":[{"embeddable":true,"href":"https:\/\/www.moskito.cz\/fr\/wp-json\/wp\/v2\/media\/344453"}],"wp:attachment":[{"href":"https:\/\/www.moskito.cz\/fr\/wp-json\/wp\/v2\/media?parent=344465"}],"wp:term":[{"taxonomy":"pwb-brand","embeddable":true,"href":"https:\/\/www.moskito.cz\/fr\/wp-json\/wp\/v2\/pwb-brand?post=344465"},{"taxonomy":"product_brand","embeddable":true,"href":"https:\/\/www.moskito.cz\/fr\/wp-json\/wp\/v2\/product_brand?post=344465"},{"taxonomy":"product_cat","embeddable":true,"href":"https:\/\/www.moskito.cz\/fr\/wp-json\/wp\/v2\/product_cat?post=344465"},{"taxonomy":"product_tag","embeddable":true,"href":"https:\/\/www.moskito.cz\/fr\/wp-json\/wp\/v2\/product_tag?post=344465"}],"curies":[{"name":"wp","href":"https:\/\/api.w.org\/{rel}","templated":true}]}}