{"id":344502,"date":"2024-06-14T10:13:49","date_gmt":"2024-06-14T09:16:21","guid":{"rendered":"https:\/\/www.moskito.cz\/produkt\/ensemble-de-lancer-de-hache-cold-steel-argent-3-pack-avec-gaine\/"},"modified":"2025-05-07T11:17:14","modified_gmt":"2025-05-07T10:17:14","slug":"ensemble-de-lancer-de-hache-cold-steel-argent-3-pack-avec-gaine","status":"publish","type":"product","link":"https:\/\/www.moskito.cz\/fr\/produkt\/ensemble-de-lancer-de-hache-cold-steel-argent-3-pack-avec-gaine\/","title":{"rendered":"Ensemble de lancer de hache Cold Steel ARGENT 3 PACK AVEC GAINE"},"content":{"rendered":"<p>Ensemble de lancer de hache <strong>Cold Steel<\/strong> ARGENT 3 PACK AVEC GAINE.<\/p>\n<p>Faites passer le lancer de cible au niveau sup\u00e9rieur avec cet ensemble de trois haches de lancer. Ces haches en acier monobloc sont con\u00e7ues sp\u00e9cifiquement pour le lancer sur cible. Fabriqu\u00e9 en acier 420SS solide et log\u00e9 dans un \u00e9tui en nylon confortable. D\u00e9fiez vos amis pour la supr\u00e9matie dans votre jardin&nbsp;!<\/p>\n<p>Longueur de la lame : 11,2 cm<\/p>\n<p>Longueur totale : 24 cm<\/p>\n<p>Lames en acier : 420SS<\/p>\n<p>Gaine : Nylon<\/p>\n<div class=\"detaillist-row\">\n<div class=\"detaillist-row-name\">Poids : 253g<\/div>\n<\/div>\n<pre id=\"tw-target-text\" class=\"tw-data-text tw-text-large tw-ta\" dir=\"ltr\" data-placeholder=\"P\u0159eklad\" aria-label=\"P\u0159elo\u017een\u00fd text\" data-ved=\"2ahUKEwjYueubx9qGAxV__gIHHVN4C40Q3ewLegQICBAT\"><span class=\"Y2IQFc\" lang=\"cs\"> <\/span><\/pre>\n","protected":false},"excerpt":{"rendered":"<p><strong>Faites passer le lancer de cible au niveau sup\u00e9rieur avec cet ensemble de trois haches de lancer.<\/strong><\/p>\n","protected":false},"featured_media":344469,"comment_status":"open","ping_status":"closed","template":"","meta":[],"pwb-brand":[3789],"product_brand":[],"product_cat":[3696,3698],"product_tag":[3754],"class_list":{"0":"post-344502","1":"product","2":"type-product","3":"status-publish","4":"has-post-thumbnail","6":"pwb-brand-acier-froid","7":"product_cat-des-couteaux","8":"product_cat-lancer-des-couteaux","9":"product_tag-b2b-fr","11":"first","12":"instock","13":"taxable","14":"shipping-taxable","15":"purchasable","16":"product-type-simple"},"brands":[{"id":3789,"name":"Acier froid","slug":"acier-froid"}],"_links":{"self":[{"href":"https:\/\/www.moskito.cz\/fr\/wp-json\/wp\/v2\/product\/344502","targetHints":{"allow":["GET"]}}],"collection":[{"href":"https:\/\/www.moskito.cz\/fr\/wp-json\/wp\/v2\/product"}],"about":[{"href":"https:\/\/www.moskito.cz\/fr\/wp-json\/wp\/v2\/types\/product"}],"replies":[{"embeddable":true,"href":"https:\/\/www.moskito.cz\/fr\/wp-json\/wp\/v2\/comments?post=344502"}],"wp:featuredmedia":[{"embeddable":true,"href":"https:\/\/www.moskito.cz\/fr\/wp-json\/wp\/v2\/media\/344469"}],"wp:attachment":[{"href":"https:\/\/www.moskito.cz\/fr\/wp-json\/wp\/v2\/media?parent=344502"}],"wp:term":[{"taxonomy":"pwb-brand","embeddable":true,"href":"https:\/\/www.moskito.cz\/fr\/wp-json\/wp\/v2\/pwb-brand?post=344502"},{"taxonomy":"product_brand","embeddable":true,"href":"https:\/\/www.moskito.cz\/fr\/wp-json\/wp\/v2\/product_brand?post=344502"},{"taxonomy":"product_cat","embeddable":true,"href":"https:\/\/www.moskito.cz\/fr\/wp-json\/wp\/v2\/product_cat?post=344502"},{"taxonomy":"product_tag","embeddable":true,"href":"https:\/\/www.moskito.cz\/fr\/wp-json\/wp\/v2\/product_tag?post=344502"}],"curies":[{"name":"wp","href":"https:\/\/api.w.org\/{rel}","templated":true}]}}