{"id":344509,"date":"2022-11-04T21:37:12","date_gmt":"2022-11-04T20:37:12","guid":{"rendered":"https:\/\/www.moskito.cz\/produkt\/couteau-solide-cold-steel-bowie-blade-bushman\/"},"modified":"2025-05-07T11:17:16","modified_gmt":"2025-05-07T10:17:16","slug":"couteau-solide-cold-steel-bowie-blade-bushman","status":"publish","type":"product","link":"https:\/\/www.moskito.cz\/fr\/produkt\/couteau-solide-cold-steel-bowie-blade-bushman\/","title":{"rendered":"Couteau Solide Cold Steel BOWIE BLADE BUSHMAN"},"content":{"rendered":"<p>Couteau solide <strong>Cold Steel<\/strong> BOWIE BLADE BUSHMAN.<\/p>\n<p>Pour le prix, il est difficile de battre la s\u00e9rie de couteaux de survie Bushman ! Contrairement \u00e0 la plupart des couteaux \u00e0 manche creux, il n&rsquo;y a pas de joint ou de couture entre la lame et le manche, mais la lame et les manches du Bushman sont forg\u00e9s \u00e0 froid \u00e0 partir d&rsquo;une seule pi\u00e8ce d&rsquo;acier SK-5 \u00e0 haute teneur en carbone ! Les couteaux r\u00e9sultants sont savamment trait\u00e9s thermiquement et tremp\u00e9s jusqu&rsquo;au RC54 et ont r\u00e9sist\u00e9 \u00e0 plus de deux tonnes de pression au niveau de la transition lame\/poign\u00e9e lors de nos tests ! Chaque Bushman a \u00e9t\u00e9 minutieusement aff\u00fbt\u00e9 pour obtenir un bord extra fin, puis ponc\u00e9 et poli \u00e0 la main pour obtenir un bord tranchant comme un rasoir. Leurs poign\u00e9es creuses peuvent accueillir des fournitures de survie ou divers accessoires de poign\u00e9e qui peuvent maximiser la port\u00e9e, l&rsquo;effet de levier ou la facilit\u00e9 de lancer. Disponibles en deux styles de lames (Standard et Bowie Point), les deux ont des lames incurv\u00e9es id\u00e9ales pour le d\u00e9pouillement et de nombreux travaux de bushcraft. Les deux sont livr\u00e9s avec une gaine Secure-Ex qui contient de l&rsquo;acier ferroc\u00e9rium Fire de haute qualit\u00e9.<\/p>\n<p>PARAM\u00c8TRES DU PRODUIT<br \/>\nAcier&nbsp;: SK-5 \u00e0 haute teneur en carbone<br \/>\nCouleur noire<br \/>\n\u00c9paisseur de la lame : 2,5 mm<br \/>\nMat\u00e9riau de la gaine&nbsp;: Gaine Secure-Ex\u2122 avec acier \u00e0 feu au ferroc\u00e9rium<br \/>\nTaille hors tout : 311 mm<br \/>\nMat\u00e9riau de la poign\u00e9e: poign\u00e9e creuse<br \/>\nLongueur de la lame : 177 mm<br \/>\nLongueur du manche : 133 mm<br \/>\nPoids : 286,33g<\/p>\n","protected":false},"excerpt":{"rendered":"<p>Bushman et Bowie Bushman sont des couteaux destin\u00e9s \u00e0 survivre dans des conditions extr\u00eames. Ils seront particuli\u00e8rement appr\u00e9ci\u00e9s des adeptes des activit\u00e9s Oudoor et Bushcraft.<\/p>\n","protected":false},"featured_media":344511,"comment_status":"open","ping_status":"closed","template":"","meta":[],"pwb-brand":[3789],"product_brand":[],"product_cat":[3697,3696],"product_tag":[],"class_list":{"0":"post-344509","1":"product","2":"type-product","3":"status-publish","4":"has-post-thumbnail","6":"pwb-brand-acier-froid","7":"product_cat-couteaux-solides","8":"product_cat-des-couteaux","10":"first","11":"instock","12":"taxable","13":"shipping-taxable","14":"purchasable","15":"product-type-simple"},"brands":[{"id":3789,"name":"Acier froid","slug":"acier-froid"}],"_links":{"self":[{"href":"https:\/\/www.moskito.cz\/fr\/wp-json\/wp\/v2\/product\/344509","targetHints":{"allow":["GET"]}}],"collection":[{"href":"https:\/\/www.moskito.cz\/fr\/wp-json\/wp\/v2\/product"}],"about":[{"href":"https:\/\/www.moskito.cz\/fr\/wp-json\/wp\/v2\/types\/product"}],"replies":[{"embeddable":true,"href":"https:\/\/www.moskito.cz\/fr\/wp-json\/wp\/v2\/comments?post=344509"}],"wp:featuredmedia":[{"embeddable":true,"href":"https:\/\/www.moskito.cz\/fr\/wp-json\/wp\/v2\/media\/344511"}],"wp:attachment":[{"href":"https:\/\/www.moskito.cz\/fr\/wp-json\/wp\/v2\/media?parent=344509"}],"wp:term":[{"taxonomy":"pwb-brand","embeddable":true,"href":"https:\/\/www.moskito.cz\/fr\/wp-json\/wp\/v2\/pwb-brand?post=344509"},{"taxonomy":"product_brand","embeddable":true,"href":"https:\/\/www.moskito.cz\/fr\/wp-json\/wp\/v2\/product_brand?post=344509"},{"taxonomy":"product_cat","embeddable":true,"href":"https:\/\/www.moskito.cz\/fr\/wp-json\/wp\/v2\/product_cat?post=344509"},{"taxonomy":"product_tag","embeddable":true,"href":"https:\/\/www.moskito.cz\/fr\/wp-json\/wp\/v2\/product_tag?post=344509"}],"curies":[{"name":"wp","href":"https:\/\/api.w.org\/{rel}","templated":true}]}}