{"id":344589,"date":"2024-06-14T10:34:52","date_gmt":"2024-06-14T09:34:52","guid":{"rendered":"https:\/\/www.moskito.cz\/produkt\/cold-steel-lot-de-3-etoiles-a-lancer-avec-pochette\/"},"modified":"2025-05-07T11:17:18","modified_gmt":"2025-05-07T10:17:18","slug":"cold-steel-lot-de-3-etoiles-a-lancer-avec-pochette","status":"publish","type":"product","link":"https:\/\/www.moskito.cz\/fr\/produkt\/cold-steel-lot-de-3-etoiles-a-lancer-avec-pochette\/","title":{"rendered":"Cold Steel LOT DE 3 \u00c9TOILES \u00c0 LANCER AVEC POCHETTE"},"content":{"rendered":"<p>Lot de 3 \u00e9toiles \u00e0 lancer <strong>Cold Steel<\/strong> avec pochette.<\/p>\n<p>Ces \u00e9toiles \u00e0 lancer sont une interpr\u00e9tation moderne du Shuriken classique. Utilis\u00e9e depuis des si\u00e8cles en Chine et au Japon, une \u00e9toile de lancer est constitu\u00e9e d&rsquo;une pi\u00e8ce d&rsquo;acier aplatie bien \u00e9quilibr\u00e9e avec 3 pointes ac\u00e9r\u00e9es ou plus. Lorsqu&rsquo;elle est lanc\u00e9e au-dessus d&rsquo;une balle de baseball, d&rsquo;une arme de poing, d&rsquo;un bras ou d&rsquo;un revers comme une soucoupe volante, elle touche au moins un point \u00e0 chaque fois. Cet ensemble de trois \u00e9toiles \u00e0 lancer est fabriqu\u00e9 en acier 420SS de haute qualit\u00e9 avec un rev\u00eatement d&rsquo;oxyde noir durable et est log\u00e9 dans un \u00e9tui en nylon pratique.<\/p>\n<p>Couleur noire<br \/>\nPoids : 43g<br \/>\nTaille totale : 9,9 cm<br \/>\nLongueur de la lame : 3,8 cm<br \/>\n\u00c9paisseur de la lame : 0,3 mm<br \/>\nAcier&nbsp;:&nbsp;420SS<br \/>\nMat\u00e9riau du bo\u00eetier : Nylon<\/p>\n","protected":false},"excerpt":{"rendered":"<p><strong>Ces \u00e9toiles \u00e0 lancer sont une interpr\u00e9tation moderne du Shuriken classique.<\/strong><\/p>\n","protected":false},"featured_media":344522,"comment_status":"open","ping_status":"closed","template":"","meta":[],"pwb-brand":[3789],"product_brand":[],"product_cat":[3698,3696],"product_tag":[3754],"class_list":{"0":"post-344589","1":"product","2":"type-product","3":"status-publish","4":"has-post-thumbnail","6":"pwb-brand-acier-froid","7":"product_cat-lancer-des-couteaux","8":"product_cat-des-couteaux","9":"product_tag-b2b-fr","11":"first","12":"instock","13":"taxable","14":"shipping-taxable","15":"purchasable","16":"product-type-simple"},"brands":[{"id":3789,"name":"Acier froid","slug":"acier-froid"}],"_links":{"self":[{"href":"https:\/\/www.moskito.cz\/fr\/wp-json\/wp\/v2\/product\/344589","targetHints":{"allow":["GET"]}}],"collection":[{"href":"https:\/\/www.moskito.cz\/fr\/wp-json\/wp\/v2\/product"}],"about":[{"href":"https:\/\/www.moskito.cz\/fr\/wp-json\/wp\/v2\/types\/product"}],"replies":[{"embeddable":true,"href":"https:\/\/www.moskito.cz\/fr\/wp-json\/wp\/v2\/comments?post=344589"}],"wp:featuredmedia":[{"embeddable":true,"href":"https:\/\/www.moskito.cz\/fr\/wp-json\/wp\/v2\/media\/344522"}],"wp:attachment":[{"href":"https:\/\/www.moskito.cz\/fr\/wp-json\/wp\/v2\/media?parent=344589"}],"wp:term":[{"taxonomy":"pwb-brand","embeddable":true,"href":"https:\/\/www.moskito.cz\/fr\/wp-json\/wp\/v2\/pwb-brand?post=344589"},{"taxonomy":"product_brand","embeddable":true,"href":"https:\/\/www.moskito.cz\/fr\/wp-json\/wp\/v2\/product_brand?post=344589"},{"taxonomy":"product_cat","embeddable":true,"href":"https:\/\/www.moskito.cz\/fr\/wp-json\/wp\/v2\/product_cat?post=344589"},{"taxonomy":"product_tag","embeddable":true,"href":"https:\/\/www.moskito.cz\/fr\/wp-json\/wp\/v2\/product_tag?post=344589"}],"curies":[{"name":"wp","href":"https:\/\/api.w.org\/{rel}","templated":true}]}}