{"id":344632,"date":"2024-06-14T10:48:35","date_gmt":"2024-06-14T09:48:35","guid":{"rendered":"https:\/\/www.moskito.cz\/produkt\/couteau-pliant-cold-steel-micro-recon-1-tanto-stonewashed\/"},"modified":"2025-05-07T11:17:19","modified_gmt":"2025-05-07T10:17:19","slug":"couteau-pliant-cold-steel-micro-recon-1-tanto-stonewashed","status":"publish","type":"product","link":"https:\/\/www.moskito.cz\/fr\/produkt\/couteau-pliant-cold-steel-micro-recon-1-tanto-stonewashed\/","title":{"rendered":"Couteau pliant Cold Steel MICRO RECON 1 TANTO STONEWASHED"},"content":{"rendered":"<p>Couteau pliant <strong>Cold Steel<\/strong> MICRO RECON 1 TANTO STONEWASHED.<\/p>\n<p>Notre s\u00e9rie <strong>Recon 1<\/strong> est un couteau populaire parmi les militaires et les forces de l&rsquo;ordre, les \u00e9quipes de pompiers et de secours ainsi que les civils, et continue d&rsquo;\u00e9tablir la norme en mati\u00e8re de couteaux pliants tactiques. Ces couteaux fiables ont une r\u00e9putation durement gagn\u00e9e en mati\u00e8re de fiabilit\u00e9 et de solidit\u00e9. La s\u00e9rie Recon 1 est disponible en lames de 2, 3, 4 et 5 \u00bd pouces et chaque aspect de leur conception a \u00e9t\u00e9 repens\u00e9 pour \u00eatre aussi durable et efficace que possible. Chaque mod\u00e8le de cette gamme diversifi\u00e9e est \u00e9quip\u00e9 de notre verrou Tri-Ad de renomm\u00e9e mondiale, qui prot\u00e8ge vos pr\u00e9cieux doigts des dommages lors de l&rsquo;utilisation du couteau, m\u00eame dans les conditions les plus exigeantes. Du petit bourreau de travail robuste qu&rsquo;est notre s\u00e9rie Micro aux performances de coupe brutales de notre s\u00e9rie XL Recon 1 et tous les couteaux interm\u00e9diaires, quelle que soit votre mission, le Recon 1 est l\u00e0 pour vous !<\/p>\n<p>Couleur noire<br \/>\nPoids : 31,18 g<br \/>\nTaille totale : 11,1 cm<br \/>\nLongueur de la lame : 5 cm<br \/>\n\u00c9paisseur de la lame : 0,25 cm<br \/>\nAcier&nbsp;:&nbsp;4034SS<br \/>\nLongueur du manche : 6 cm<br \/>\nMat\u00e9riau du manche&nbsp;: Griv-Ex\u2122 long de style G-10<\/p>\n","protected":false},"excerpt":{"rendered":"<p><strong>Le couteau pliant Micro Recon 1 Tanto Point est id\u00e9al pour un usage quotidien de par sa taille et son poids.<\/strong><\/p>\n","protected":false},"featured_media":344625,"comment_status":"open","ping_status":"closed","template":"","meta":[],"pwb-brand":[3789],"product_brand":[],"product_cat":[3700,3696],"product_tag":[3754],"class_list":{"0":"post-344632","1":"product","2":"type-product","3":"status-publish","4":"has-post-thumbnail","6":"pwb-brand-acier-froid","7":"product_cat-couteaux-de-fermeture","8":"product_cat-des-couteaux","9":"product_tag-b2b-fr","11":"first","12":"instock","13":"taxable","14":"shipping-taxable","15":"purchasable","16":"product-type-simple"},"brands":[{"id":3789,"name":"Acier froid","slug":"acier-froid"}],"_links":{"self":[{"href":"https:\/\/www.moskito.cz\/fr\/wp-json\/wp\/v2\/product\/344632","targetHints":{"allow":["GET"]}}],"collection":[{"href":"https:\/\/www.moskito.cz\/fr\/wp-json\/wp\/v2\/product"}],"about":[{"href":"https:\/\/www.moskito.cz\/fr\/wp-json\/wp\/v2\/types\/product"}],"replies":[{"embeddable":true,"href":"https:\/\/www.moskito.cz\/fr\/wp-json\/wp\/v2\/comments?post=344632"}],"wp:featuredmedia":[{"embeddable":true,"href":"https:\/\/www.moskito.cz\/fr\/wp-json\/wp\/v2\/media\/344625"}],"wp:attachment":[{"href":"https:\/\/www.moskito.cz\/fr\/wp-json\/wp\/v2\/media?parent=344632"}],"wp:term":[{"taxonomy":"pwb-brand","embeddable":true,"href":"https:\/\/www.moskito.cz\/fr\/wp-json\/wp\/v2\/pwb-brand?post=344632"},{"taxonomy":"product_brand","embeddable":true,"href":"https:\/\/www.moskito.cz\/fr\/wp-json\/wp\/v2\/product_brand?post=344632"},{"taxonomy":"product_cat","embeddable":true,"href":"https:\/\/www.moskito.cz\/fr\/wp-json\/wp\/v2\/product_cat?post=344632"},{"taxonomy":"product_tag","embeddable":true,"href":"https:\/\/www.moskito.cz\/fr\/wp-json\/wp\/v2\/product_tag?post=344632"}],"curies":[{"name":"wp","href":"https:\/\/api.w.org\/{rel}","templated":true}]}}