{"id":344692,"date":"2024-06-14T11:08:26","date_gmt":"2024-06-14T10:09:33","guid":{"rendered":"https:\/\/www.moskito.cz\/produkt\/couteau-pliant-cold-steel-engage-gris\/"},"modified":"2025-05-07T11:17:21","modified_gmt":"2025-05-07T10:17:21","slug":"couteau-pliant-cold-steel-engage-gris","status":"publish","type":"product","link":"https:\/\/www.moskito.cz\/fr\/produkt\/couteau-pliant-cold-steel-engage-gris\/","title":{"rendered":"Couteau pliant Cold Steel ENGAGE GRIS"},"content":{"rendered":"<p>Couteau pliant <strong>Cold Steel<\/strong> ENGAGE GRIS.<\/p>\n<p>L&rsquo;Engage est un couteau pliant haut de gamme fabriqu\u00e9 \u00e0 partir d&rsquo;acier inoxydable japonais AUS-10 de 3 pouces, une option de transport quotidien robuste, solide, facile \u00e0 aff\u00fbter et qui maintient exceptionnellement bien le tranchant. Dot\u00e9 du verrou coulissant Atlas\u2122 brevet\u00e9 de Cold Steel pour un verrouillage durable et coh\u00e9rent, il est enti\u00e8rement ambidextre et pr\u00eat \u00e0 affronter n&rsquo;importe quelle t\u00e2che quotidienne. Deux options de poign\u00e9e sont disponibles : la version robuste GFN ou la variante G10. La lame polyvalente \u00e0 pointe clip est une fine pierre \u00e0 eau en PVD noir.<\/p>\n<p>Disponibles dans une large gamme de lames et de formes \u2013 et \u00e0 diff\u00e9rents niveaux de prix \u2013 les nouveaux couteaux Engage de Cold Steel sont destin\u00e9s \u00e0 devenir des stars du transport quotidien. Enti\u00e8rement ambidextres, ces couteaux EDC haut de gamme sont con\u00e7us pour g\u00e9rer toutes les occasions en toute confiance, dot\u00e9s d&rsquo;une glissi\u00e8re Atlas\u2122 Lock brevet\u00e9e qui offre un verrouillage durable, solide et fiable.<\/p>\n<p>Couleur: gris\/acier<br \/>\nPoids : 97g<br \/>\nTaille totale : 18,5 cm<br \/>\nLongueur de la lame : 8 cm<br \/>\n\u00c9paisseur de la lame : 0,25 cm<br \/>\nAcier&nbsp;: AUS 10A<br \/>\nLongueur du manche : 10,6 cm<br \/>\nMat\u00e9riau du manche : G-10<\/p>\n<p><iframe title=\"Cold Steel&#039;s Atlas Lock Test featuring the  new Engage 3.5&quot;\" width=\"800\" height=\"450\" src=\"https:\/\/www.youtube.com\/embed\/nh_7tHY8Ypw?feature=oembed\" frameborder=\"0\" allow=\"accelerometer; autoplay; clipboard-write; encrypted-media; gyroscope; picture-in-picture; web-share\" referrerpolicy=\"strict-origin-when-cross-origin\" allowfullscreen><\/iframe><\/p>\n<p>&nbsp;<\/p>\n","protected":false},"excerpt":{"rendered":"<p><strong>Disponibles dans une large gamme de lames et de formes \u2013 et \u00e0 diff\u00e9rents niveaux de prix \u2013 les nouveaux couteaux Engage de Cold Steel sont destin\u00e9s \u00e0 devenir des stars du transport quotidien.<\/strong><\/p>\n","protected":false},"featured_media":344641,"comment_status":"open","ping_status":"closed","template":"","meta":[],"pwb-brand":[3789],"product_brand":[],"product_cat":[3700,3696],"product_tag":[3754],"class_list":{"0":"post-344692","1":"product","2":"type-product","3":"status-publish","4":"has-post-thumbnail","6":"pwb-brand-acier-froid","7":"product_cat-couteaux-de-fermeture","8":"product_cat-des-couteaux","9":"product_tag-b2b-fr","11":"first","12":"instock","13":"taxable","14":"shipping-taxable","15":"purchasable","16":"product-type-simple"},"brands":[{"id":3789,"name":"Acier froid","slug":"acier-froid"}],"_links":{"self":[{"href":"https:\/\/www.moskito.cz\/fr\/wp-json\/wp\/v2\/product\/344692","targetHints":{"allow":["GET"]}}],"collection":[{"href":"https:\/\/www.moskito.cz\/fr\/wp-json\/wp\/v2\/product"}],"about":[{"href":"https:\/\/www.moskito.cz\/fr\/wp-json\/wp\/v2\/types\/product"}],"replies":[{"embeddable":true,"href":"https:\/\/www.moskito.cz\/fr\/wp-json\/wp\/v2\/comments?post=344692"}],"wp:featuredmedia":[{"embeddable":true,"href":"https:\/\/www.moskito.cz\/fr\/wp-json\/wp\/v2\/media\/344641"}],"wp:attachment":[{"href":"https:\/\/www.moskito.cz\/fr\/wp-json\/wp\/v2\/media?parent=344692"}],"wp:term":[{"taxonomy":"pwb-brand","embeddable":true,"href":"https:\/\/www.moskito.cz\/fr\/wp-json\/wp\/v2\/pwb-brand?post=344692"},{"taxonomy":"product_brand","embeddable":true,"href":"https:\/\/www.moskito.cz\/fr\/wp-json\/wp\/v2\/product_brand?post=344692"},{"taxonomy":"product_cat","embeddable":true,"href":"https:\/\/www.moskito.cz\/fr\/wp-json\/wp\/v2\/product_cat?post=344692"},{"taxonomy":"product_tag","embeddable":true,"href":"https:\/\/www.moskito.cz\/fr\/wp-json\/wp\/v2\/product_tag?post=344692"}],"curies":[{"name":"wp","href":"https:\/\/api.w.org\/{rel}","templated":true}]}}