{"id":344711,"date":"2023-03-25T12:16:07","date_gmt":"2024-06-14T12:54:45","guid":{"rendered":"https:\/\/www.moskito.cz\/produkt\/couteau-pliant-cold-steel-engage-s35vn-de-35-pouces\/"},"modified":"2025-05-07T11:17:22","modified_gmt":"2025-05-07T10:17:22","slug":"couteau-pliant-cold-steel-engage-s35vn-de-35-pouces","status":"publish","type":"product","link":"https:\/\/www.moskito.cz\/fr\/produkt\/couteau-pliant-cold-steel-engage-s35vn-de-35-pouces\/","title":{"rendered":"Couteau pliant Cold Steel Engage S35VN de 3,5 pouces"},"content":{"rendered":"<p>Couteau pliant <strong>Cold Steel<\/strong> Engage S35VN de 3,5 pouces<\/p>\n<p><strong>L&rsquo;Engage<\/strong> est un couteau facile \u00e0 transporter au quotidien, avec une grande lame en acier inoxydable S35VN pour une r\u00e9sistance et une r\u00e9tention des bords sup\u00e9rieures. Dot\u00e9 du verrou Atlas\u2122 brevet\u00e9 de Cold Steel pour un verrouillage coh\u00e9rent, durable et fiable, il est enti\u00e8rement ambidextre et enti\u00e8rement capable d&rsquo;accomplir n&rsquo;importe quelle t\u00e2che. La poign\u00e9e G-10 facile \u00e0 saisir est repens\u00e9e pour plus de flexibilit\u00e9, et la lame \u00e0 clip satin\u00e9 permet une coupe d\u00e9taill\u00e9e et pr\u00e9cise.<\/p>\n<p>Disponibles dans une large gamme d&rsquo;aciers et de formes de lame \u2013 et \u00e0 diff\u00e9rents niveaux de prix \u2013 les nouveaux couteaux <strong>Engage<\/strong> de Cold Steel sont destin\u00e9s \u00e0 devenir des stars du transport quotidien. Enti\u00e8rement ambidextres, ces couteaux EDC haut de gamme sont con\u00e7us pour g\u00e9rer toutes les occasions en toute confiance, dot\u00e9s d&rsquo;une glissi\u00e8re Atlas\u2122 Lock brevet\u00e9e qui offre un verrouillage durable, solide et fiable.<\/p>\n<p>Description:<\/p>\n<p>Mat\u00e9riau de la lame&nbsp;: CPM-S35VN<br \/>\nMat\u00e9riau du manche : G-10<br \/>\nS\u00e9curit\u00e9&nbsp;: Serrure Atlas<br \/>\nLongueur de la lame : 8,9 cm<br \/>\n\u00c9paisseur de la lame : 3,8 mm<br \/>\nType de lame&nbsp;: pointe \u00e0 pince<br \/>\nUtilisation&nbsp;:&nbsp;EDC &#8211; \u00e0 porter au quotidien<br \/>\nOuverture d&rsquo;une seule main : oui<br \/>\nType de couteau : Fermeture<\/p>\n","protected":false},"excerpt":{"rendered":"<p><strong>Les couteaux Engage sont un classique \u00e0 une main pour un usage quotidien.<\/strong><\/p>\n","protected":false},"featured_media":344712,"comment_status":"open","ping_status":"closed","template":"","meta":[],"pwb-brand":[3789],"product_brand":[],"product_cat":[3700,3696],"product_tag":[3754],"class_list":{"0":"post-344711","1":"product","2":"type-product","3":"status-publish","4":"has-post-thumbnail","6":"pwb-brand-acier-froid","7":"product_cat-couteaux-de-fermeture","8":"product_cat-des-couteaux","9":"product_tag-b2b-fr","11":"first","12":"instock","13":"taxable","14":"shipping-taxable","15":"purchasable","16":"product-type-simple"},"brands":[{"id":3789,"name":"Acier froid","slug":"acier-froid"}],"_links":{"self":[{"href":"https:\/\/www.moskito.cz\/fr\/wp-json\/wp\/v2\/product\/344711","targetHints":{"allow":["GET"]}}],"collection":[{"href":"https:\/\/www.moskito.cz\/fr\/wp-json\/wp\/v2\/product"}],"about":[{"href":"https:\/\/www.moskito.cz\/fr\/wp-json\/wp\/v2\/types\/product"}],"replies":[{"embeddable":true,"href":"https:\/\/www.moskito.cz\/fr\/wp-json\/wp\/v2\/comments?post=344711"}],"wp:featuredmedia":[{"embeddable":true,"href":"https:\/\/www.moskito.cz\/fr\/wp-json\/wp\/v2\/media\/344712"}],"wp:attachment":[{"href":"https:\/\/www.moskito.cz\/fr\/wp-json\/wp\/v2\/media?parent=344711"}],"wp:term":[{"taxonomy":"pwb-brand","embeddable":true,"href":"https:\/\/www.moskito.cz\/fr\/wp-json\/wp\/v2\/pwb-brand?post=344711"},{"taxonomy":"product_brand","embeddable":true,"href":"https:\/\/www.moskito.cz\/fr\/wp-json\/wp\/v2\/product_brand?post=344711"},{"taxonomy":"product_cat","embeddable":true,"href":"https:\/\/www.moskito.cz\/fr\/wp-json\/wp\/v2\/product_cat?post=344711"},{"taxonomy":"product_tag","embeddable":true,"href":"https:\/\/www.moskito.cz\/fr\/wp-json\/wp\/v2\/product_tag?post=344711"}],"curies":[{"name":"wp","href":"https:\/\/api.w.org\/{rel}","templated":true}]}}