{"id":344833,"date":"2024-06-14T14:50:27","date_gmt":"2024-06-14T13:50:27","guid":{"rendered":"https:\/\/www.moskito.cz\/produkt\/lancer-torpedo-cold-steel\/"},"modified":"2025-05-07T11:17:25","modified_gmt":"2025-05-07T10:17:25","slug":"lancer-torpedo-cold-steel","status":"publish","type":"product","link":"https:\/\/www.moskito.cz\/fr\/produkt\/lancer-torpedo-cold-steel\/","title":{"rendered":"Lancer TORPEDO Cold Steel"},"content":{"rendered":"<p>Lancer <strong>de TORPEDO Cold Steel.<\/strong><\/p>\n<p>Cold Steel Torpedo est tr\u00e8s amusant \u00e0 lancer sur une cible. Les pointes \u00e0 double biseau glissent sans effort hors de la main pour un d\u00e9gagement ultime et offrent deux fois le potentiel de pr\u00e9hension d&rsquo;un couteau de lancer classique. De plus, les 2 lb. le poids vous permet de vous tenir loin de la cible (15 m\u00e8tres ou plus) et de la lancer avec une puissance surprenante. Un favori parmi les lanceurs sportifs et les amateurs, le Torpedo est rest\u00e9 une \u00e9dition populaire de notre gamme depuis de nombreuses ann\u00e9es et pour cause !<\/p>\n<p>Poids : 907,18 g<br \/>\nTaille totale : 38 cm<br \/>\n\u00c9paisseur : 2,55 cm<br \/>\nAcier&nbsp;:&nbsp;1055 acier au carbone<\/p>\n<p><iframe title=\"COLD STEEL&#039;S TORPEDO\" width=\"800\" height=\"450\" src=\"https:\/\/www.youtube.com\/embed\/EXYMN448_60?feature=oembed\" frameborder=\"0\" allow=\"accelerometer; autoplay; clipboard-write; encrypted-media; gyroscope; picture-in-picture; web-share\" referrerpolicy=\"strict-origin-when-cross-origin\" allowfullscreen><\/iframe><\/p>\n<p>&nbsp;<\/p>\n<p>&nbsp;<\/p>\n<p>&nbsp;<\/p>\n","protected":false},"excerpt":{"rendered":"<p><strong>Cold Steel Torpedo est une arme de jet uniquement.<\/strong><\/p>\n","protected":false},"featured_media":344815,"comment_status":"open","ping_status":"closed","template":"","meta":[],"pwb-brand":[3789],"product_brand":[],"product_cat":[3698,3696],"product_tag":[3754],"class_list":{"0":"post-344833","1":"product","2":"type-product","3":"status-publish","4":"has-post-thumbnail","6":"pwb-brand-acier-froid","7":"product_cat-lancer-des-couteaux","8":"product_cat-des-couteaux","9":"product_tag-b2b-fr","11":"first","12":"instock","13":"taxable","14":"shipping-taxable","15":"purchasable","16":"product-type-simple"},"brands":[{"id":3789,"name":"Acier froid","slug":"acier-froid"}],"_links":{"self":[{"href":"https:\/\/www.moskito.cz\/fr\/wp-json\/wp\/v2\/product\/344833","targetHints":{"allow":["GET"]}}],"collection":[{"href":"https:\/\/www.moskito.cz\/fr\/wp-json\/wp\/v2\/product"}],"about":[{"href":"https:\/\/www.moskito.cz\/fr\/wp-json\/wp\/v2\/types\/product"}],"replies":[{"embeddable":true,"href":"https:\/\/www.moskito.cz\/fr\/wp-json\/wp\/v2\/comments?post=344833"}],"wp:featuredmedia":[{"embeddable":true,"href":"https:\/\/www.moskito.cz\/fr\/wp-json\/wp\/v2\/media\/344815"}],"wp:attachment":[{"href":"https:\/\/www.moskito.cz\/fr\/wp-json\/wp\/v2\/media?parent=344833"}],"wp:term":[{"taxonomy":"pwb-brand","embeddable":true,"href":"https:\/\/www.moskito.cz\/fr\/wp-json\/wp\/v2\/pwb-brand?post=344833"},{"taxonomy":"product_brand","embeddable":true,"href":"https:\/\/www.moskito.cz\/fr\/wp-json\/wp\/v2\/product_brand?post=344833"},{"taxonomy":"product_cat","embeddable":true,"href":"https:\/\/www.moskito.cz\/fr\/wp-json\/wp\/v2\/product_cat?post=344833"},{"taxonomy":"product_tag","embeddable":true,"href":"https:\/\/www.moskito.cz\/fr\/wp-json\/wp\/v2\/product_tag?post=344833"}],"curies":[{"name":"wp","href":"https:\/\/api.w.org\/{rel}","templated":true}]}}