{"id":344931,"date":"2024-06-14T15:23:23","date_gmt":"2024-06-14T14:23:23","guid":{"rendered":"https:\/\/www.moskito.cz\/produkt\/couteau-pliant-talwar-en-acier-froid\/"},"modified":"2024-06-14T15:24:12","modified_gmt":"2024-06-14T14:24:12","slug":"couteau-pliant-talwar-en-acier-froid","status":"publish","type":"product","link":"https:\/\/www.moskito.cz\/fr\/produkt\/couteau-pliant-talwar-en-acier-froid\/","title":{"rendered":"Couteau pliant TALWAR en acier froid"},"content":{"rendered":"<p>Couteau pliant <strong>TALWAR en acier froid<\/strong> .<\/p>\n<p>Con\u00e7u par le c\u00e9l\u00e8bre coutelier personnalis\u00e9 Andrew Demke et la pr\u00e9sidente de Cold Steel Lynn C Thompson, notre Talwar est dot\u00e9 d&rsquo;une lame S35VN de 2&Prime; de large. L&rsquo;\u00e9mouture plate, avec un bord l\u00e9g\u00e8rement incurv\u00e9 d&rsquo;une pointe \u00e0 l&rsquo;autre, offre une puissance de coupe et de per\u00e7age qui n&rsquo;\u00e9tait pas disponible auparavant dans un couteau pliant.<\/p>\n<p>Pour compl\u00e9ter le tranchant et le point mortel du Talwar, nous avons d\u00e9velopp\u00e9 un manche vraiment exceptionnel. Fabriqu\u00e9e \u00e0 partir d&rsquo;American G-10, sa poign\u00e9e pistolet textur\u00e9e et sculpt\u00e9e pr\u00e9sente des rainures pour les doigts strat\u00e9giquement plac\u00e9es pour plus de confort et de s\u00e9curit\u00e9, et pour prot\u00e9ger davantage vos pr\u00e9cieux doigts de cette formidable lame, nous avons \u00e9quip\u00e9 le Talwar de notre Tri-Ad leader de l&rsquo;industrie. \u00ae. verrouillage. Essay\u00e9 et test\u00e9, ce m\u00e9canisme de verrouillage ultra s\u00e9curis\u00e9 s&rsquo;est av\u00e9r\u00e9 in\u00e9gal\u00e9 par tous les verrous pour couteaux pliants de l&rsquo;industrie &#8211; \u00e0 tout prix !<\/p>\n<p>Plus rapide \u00e0 tirer que n&rsquo;importe quelle lame de tir, notre Talwar est dot\u00e9e du pouce ambidextre r\u00e9volutionnaire d&rsquo;Andrew Demek. En mettant le couteau dans votre poche, vous pouvez utiliser l&rsquo;incroyable pouvoir de Talwar \u00e0 une vitesse fulgurante&nbsp;!<\/p>\n<p>Poids : 142g<br \/>\nTaille totale : 23,5 cm<br \/>\nLongueur de la lame : 10 cm<br \/>\n\u00c9paisseur de la lame : 0,38 cm<br \/>\nAcier&nbsp;: CPM-S35VN<br \/>\nLongueur du manche : 13,4 cm<br \/>\nMat\u00e9riau du manche : G-10 long<\/p>\n","protected":false},"excerpt":{"rendered":"<p><strong>Pr\u00e9sentation de notre Talwar, con\u00e7u par le c\u00e9l\u00e8bre coutelier personnalis\u00e9 Andrew Demek et la pr\u00e9sidente de Cold Steel Lynn C Thompson.<\/strong><\/p>\n<p><strong>Transports gratuits.<\/strong><\/p>\n","protected":false},"featured_media":344911,"comment_status":"open","ping_status":"closed","template":"","meta":[],"pwb-brand":[3789],"product_brand":[],"product_cat":[3700,3696],"product_tag":[3754],"class_list":{"0":"post-344931","1":"product","2":"type-product","3":"status-publish","4":"has-post-thumbnail","6":"pwb-brand-acier-froid","7":"product_cat-couteaux-de-fermeture","8":"product_cat-des-couteaux","9":"product_tag-b2b-fr","11":"first","12":"instock","13":"taxable","14":"shipping-taxable","15":"purchasable","16":"product-type-simple"},"brands":[{"id":3789,"name":"Acier froid","slug":"acier-froid"}],"_links":{"self":[{"href":"https:\/\/www.moskito.cz\/fr\/wp-json\/wp\/v2\/product\/344931","targetHints":{"allow":["GET"]}}],"collection":[{"href":"https:\/\/www.moskito.cz\/fr\/wp-json\/wp\/v2\/product"}],"about":[{"href":"https:\/\/www.moskito.cz\/fr\/wp-json\/wp\/v2\/types\/product"}],"replies":[{"embeddable":true,"href":"https:\/\/www.moskito.cz\/fr\/wp-json\/wp\/v2\/comments?post=344931"}],"wp:featuredmedia":[{"embeddable":true,"href":"https:\/\/www.moskito.cz\/fr\/wp-json\/wp\/v2\/media\/344911"}],"wp:attachment":[{"href":"https:\/\/www.moskito.cz\/fr\/wp-json\/wp\/v2\/media?parent=344931"}],"wp:term":[{"taxonomy":"pwb-brand","embeddable":true,"href":"https:\/\/www.moskito.cz\/fr\/wp-json\/wp\/v2\/pwb-brand?post=344931"},{"taxonomy":"product_brand","embeddable":true,"href":"https:\/\/www.moskito.cz\/fr\/wp-json\/wp\/v2\/product_brand?post=344931"},{"taxonomy":"product_cat","embeddable":true,"href":"https:\/\/www.moskito.cz\/fr\/wp-json\/wp\/v2\/product_cat?post=344931"},{"taxonomy":"product_tag","embeddable":true,"href":"https:\/\/www.moskito.cz\/fr\/wp-json\/wp\/v2\/product_tag?post=344931"}],"curies":[{"name":"wp","href":"https:\/\/api.w.org\/{rel}","templated":true}]}}