{"id":344971,"date":"2022-06-22T21:20:10","date_gmt":"2024-06-17T08:42:23","guid":{"rendered":"https:\/\/www.moskito.cz\/produkt\/couteau-de-lancement-kershaw-launch-13\/"},"modified":"2025-05-07T11:17:30","modified_gmt":"2025-05-07T10:17:30","slug":"couteau-de-lancement-kershaw-launch-13","status":"publish","type":"product","link":"https:\/\/www.moskito.cz\/fr\/produkt\/couteau-de-lancement-kershaw-launch-13\/","title":{"rendered":"Couteau de lancement KERSHAW LAUNCH 13"},"content":{"rendered":"<p>Couteau de lancement <strong>KERSHAW<\/strong> LAUNCH 13<\/p>\n<p>Le Launch 13 combine le meilleur de la finesse et de la capacit\u00e9 de coupe pleine grandeur. Sa lame Wharncliffe est parfaite pour les travaux d\u00e9licats, mais est l\u00e9g\u00e8rement incurv\u00e9e pour une coupe plus polyvalente. Le profil \u00e9troit et le clip de poche profond rendent le Launch 13 facile \u00e0 transporter dans votre poche. Des d\u00e9tails de conception compl\u00e8tent l&rsquo;ensemble, notamment un trou pour lani\u00e8re int\u00e9gr\u00e9, une lame bicolore et un goujon triangulaire personnalis\u00e9.<\/p>\n<p>Fabriqu\u00e9 aux \u00c9tats-Unis<br \/>\nL&rsquo;acier \u00e0 lame de m\u00e9tallurgie des poudres CPM 154 poss\u00e8de et maintient un excellent tranchant, offre une r\u00e9sistance \u00e0 la corrosion, une r\u00e9sistance \u00e0 l&rsquo;usure et une t\u00e9nacit\u00e9.<br \/>\nLa poign\u00e9e l\u00e9g\u00e8re et solide en aluminium anodis\u00e9 est tr\u00e8s profil\u00e9e et accrocheuse ; trou pour cordon int\u00e9gr\u00e9<br \/>\nUn bouton discret rend difficile le d\u00e9ploiement accidentel de la lame<br \/>\nCe couteau automatique est vendu uniquement par l&rsquo;interm\u00e9diaire de revendeurs Kershaw agr\u00e9\u00e9s&nbsp;; le site est uniquement \u00e0 titre informatif<\/p>\n<p>VEUILLEZ NOTER QUE LES ANCIENS MOD\u00c8LES UTILISENT LE BLACK DLC EDIT. LES MOD\u00c8LES DE PRODUCTION ACTUELS SONT FABRIQU\u00c9S AVEC UNE LAME DE SURFACE CERAKOTE.<\/p>\n<p>Usage quotidien, travail, tactique<br \/>\nType de couteau automatique<br \/>\nCouteau de poche \u00e9l\u00e9gant<br \/>\nCr\u00e9ateur Kershaw Originals<br \/>\nStyle de lame Wharncliffe<br \/>\nBord de lame uni<br \/>\nAction d&rsquo;ouverture automatique<br \/>\nIl s&rsquo;ouvre avec un bouton<br \/>\nType de verrouillage Verrouillage des boutons<br \/>\nClip de poche Transport profond r\u00e9versible (droite\/gauche, rabat)<br \/>\nCouleur de la poign\u00e9e Noir<br \/>\nFabriqu\u00e9 aux \u00c9tats-Unis Oui<br \/>\nPays d&rsquo;origine USA<br \/>\nGarantie Garantie \u00e0 vie<\/p>\n<p>Mat\u00e9riau de la lame : acier poudr\u00e9 CPM-154CM<br \/>\nLongueur de la lame : 89 mm<br \/>\n\u00e9paisseur de la lame 3,1 mm<br \/>\nLongueur totale : 203 mm<br \/>\nPoids : 68g<br \/>\nMat\u00e9riau du manche : duralumin aviation 6061-T6<br \/>\nOuverture : bouton<br \/>\nClip pour porter dans une poche ou \u00e0 la ceinture<br \/>\nS\u00e9curit\u00e9&nbsp;: bouton de verrouillage<br \/>\nFabriqu\u00e9 aux \u00c9tats-Unis<\/p>\n<p>&nbsp;<\/p>\n<p><iframe title=\"Kershaw Launch 13 - Model 7650\" width=\"800\" height=\"450\" src=\"https:\/\/www.youtube.com\/embed\/ijA4CaFSnp4?feature=oembed\" frameborder=\"0\" allow=\"accelerometer; autoplay; clipboard-write; encrypted-media; gyroscope; picture-in-picture; web-share\" referrerpolicy=\"strict-origin-when-cross-origin\" allowfullscreen><\/iframe><\/p>\n<p>&nbsp;<\/p>\n","protected":false},"excerpt":{"rendered":"<p>Le fondateur de Kershaw, Pete Kershaw, connaissait l&rsquo;importance de la qualit\u00e9 garantie. \u00c0 la fin de 1974, il d\u00e9cide de cr\u00e9er sa propre entreprise de couteaux dans une cimenterie de Lake Oswego, dans l\u2019Oregon.<\/p>\n<p>Au Japon, le directeur g\u00e9n\u00e9ral Kai Koji Endo pensait que Kershaw avait encore plus de potentiel de croissance. En 1996, Endo a investi dans une usine de fabrication am\u00e9ricaine sur la base de Kai USA \u00e0 Wilsonville. Il pensait que cela aiderait Kershaw \u00e0 atteindre son plein potentiel. Et bient\u00f4t, Kai USA a embauch\u00e9 une nouvelle \u00e9quipe de production pour ce travail.<\/p>\n","protected":false},"featured_media":344972,"comment_status":"open","ping_status":"closed","template":"","meta":[],"pwb-brand":[3775],"product_brand":[],"product_cat":[3699,3696],"product_tag":[],"class_list":{"0":"post-344971","1":"product","2":"type-product","3":"status-publish","4":"has-post-thumbnail","6":"pwb-brand-kershaw-fr","7":"product_cat-couteaux-de-tir","8":"product_cat-des-couteaux","10":"first","11":"outofstock","12":"taxable","13":"shipping-taxable","14":"purchasable","15":"product-type-simple"},"brands":[{"id":3775,"name":"Kershaw","slug":"kershaw-fr"}],"_links":{"self":[{"href":"https:\/\/www.moskito.cz\/fr\/wp-json\/wp\/v2\/product\/344971","targetHints":{"allow":["GET"]}}],"collection":[{"href":"https:\/\/www.moskito.cz\/fr\/wp-json\/wp\/v2\/product"}],"about":[{"href":"https:\/\/www.moskito.cz\/fr\/wp-json\/wp\/v2\/types\/product"}],"replies":[{"embeddable":true,"href":"https:\/\/www.moskito.cz\/fr\/wp-json\/wp\/v2\/comments?post=344971"}],"wp:featuredmedia":[{"embeddable":true,"href":"https:\/\/www.moskito.cz\/fr\/wp-json\/wp\/v2\/media\/344972"}],"wp:attachment":[{"href":"https:\/\/www.moskito.cz\/fr\/wp-json\/wp\/v2\/media?parent=344971"}],"wp:term":[{"taxonomy":"pwb-brand","embeddable":true,"href":"https:\/\/www.moskito.cz\/fr\/wp-json\/wp\/v2\/pwb-brand?post=344971"},{"taxonomy":"product_brand","embeddable":true,"href":"https:\/\/www.moskito.cz\/fr\/wp-json\/wp\/v2\/product_brand?post=344971"},{"taxonomy":"product_cat","embeddable":true,"href":"https:\/\/www.moskito.cz\/fr\/wp-json\/wp\/v2\/product_cat?post=344971"},{"taxonomy":"product_tag","embeddable":true,"href":"https:\/\/www.moskito.cz\/fr\/wp-json\/wp\/v2\/product_tag?post=344971"}],"curies":[{"name":"wp","href":"https:\/\/api.w.org\/{rel}","templated":true}]}}