{"id":344997,"date":"2020-04-30T16:25:12","date_gmt":"2024-06-17T11:28:24","guid":{"rendered":"https:\/\/www.moskito.cz\/produkt\/couteau-solide-cold-steel-urban-pal-cs43ls\/"},"modified":"2025-07-11T07:51:18","modified_gmt":"2025-07-11T06:51:18","slug":"couteau-solide-cold-steel-urban-pal-cs43ls","status":"publish","type":"product","link":"https:\/\/www.moskito.cz\/fr\/produkt\/couteau-solide-cold-steel-urban-pal-cs43ls\/","title":{"rendered":"Couteau Solide Cold Steel Urban Pal CS43LS"},"content":{"rendered":"<p>Couteau solide Cold Steel Urban Pal CS43LS.<\/p>\n<p>La soci\u00e9t\u00e9 am\u00e9ricaine Cold Steel est originaire de Ventura, en Californie. La marque a \u00e9t\u00e9 fond\u00e9e en 1980 avec pour objectif de produire les couteaux les plus solides et les plus tranchants au monde. Au cours des trois derni\u00e8res d\u00e9cennies, Cold Steel a \u00e9t\u00e9 \u00e0 l&rsquo;avant-garde de nombreuses innovations qui ont contribu\u00e9 \u00e0 d\u00e9finir le couteau commercial dans son ensemble. Le fabricant maintient une haute qualit\u00e9 de fabrication et travaille constamment pour atteindre son objectif d&rsquo;offrir les couteaux les plus solides et les plus tranchants au monde. Une large gamme de couteaux tactiques ou de chasse garantit une large base d&rsquo;utilisateurs et de fans fid\u00e8les.<\/p>\n<p>\u00c9paisseur de la lame : 2 mm<br \/>\nLongueur de la lame : 4 cm<br \/>\nPoign\u00e9e : Kraton<br \/>\nAcier&nbsp;:&nbsp;AUS 8A<br \/>\nLongueur totale : 8 cm<br \/>\nGaine&nbsp;: Gaine Securex<br \/>\nFabriqu\u00e9 au Japon<\/p>\n<p>L&rsquo;Urban Pal devrait \u00eatre un \u00e9quipement standard pour survivre dans la jungle urbaine d&rsquo;aujourd&rsquo;hui&nbsp;! Pesant moins d&rsquo;une demi-once, il se glisse parfaitement dans une poche ou un sac \u00e0 main et peut \u00eatre facilement attach\u00e9 \u00e0 un porte-cl\u00e9s ou accroch\u00e9 autour du cou.<br \/>\nPoids : 0,7 oz \u00c9paisseur de la lame : 2 mm Longueur de la lame : 1-1\/2&Prime; Acier de la lame : Acier inoxydable japonais AUS8A Longueur\/Mat\u00e9riau du manche : 1-5\/8&Prime; Kray-Ex\u2122 Longueur totale : 3-1\/8&Prime; Caract\u00e9ristiques suppl\u00e9mentaires : Type de couteau \u00e0 gaine Secure-Ex\u00ae : Longueur de lame fixe Gamme : 3-5 po Famille d&rsquo;acier : AUS Forme de lame : Pointe de chute<\/p>\n<p>&nbsp;<\/p>\n","protected":false},"excerpt":{"rendered":"<div class=\"vc-commoditydetail_annotation\">\n<div class=\"annotation wysiwyg\">L&rsquo;Urban Pal de COLD STEEL est un petit poignard de pouss\u00e9e dot\u00e9 d&rsquo;une lame dentel\u00e9e. Un couteau adapt\u00e9 \u00e0 l&rsquo;EDC et \u00e0 la survie quotidienne dans la jungle urbaine. Peut \u00eatre attach\u00e9 \u00e0 un porte-cl\u00e9s, \u00e0 un \u00e9quipement ou \u00e0 une fermeture \u00e9clair de veste.<\/div>\n<\/div>\n<div class=\"vc-commoditydetail_info\">\n<div class=\"items loaded\" data-module=\"vm\/CommodityDetail_Info\">\n<dl class=\"Person\">\n<dt>Fabricant<\/dt>\n<\/dl>\n<\/div>\n<\/div>\n","protected":false},"featured_media":168031,"comment_status":"open","ping_status":"closed","template":"","meta":[],"pwb-brand":[3789],"product_brand":[],"product_cat":[3697,3696],"product_tag":[3754],"class_list":{"0":"post-344997","1":"product","2":"type-product","3":"status-publish","4":"has-post-thumbnail","6":"pwb-brand-acier-froid","7":"product_cat-couteaux-solides","8":"product_cat-des-couteaux","9":"product_tag-b2b-fr","11":"first","12":"outofstock","13":"taxable","14":"shipping-taxable","15":"purchasable","16":"product-type-simple"},"brands":[{"id":3789,"name":"Acier froid","slug":"acier-froid"}],"_links":{"self":[{"href":"https:\/\/www.moskito.cz\/fr\/wp-json\/wp\/v2\/product\/344997","targetHints":{"allow":["GET"]}}],"collection":[{"href":"https:\/\/www.moskito.cz\/fr\/wp-json\/wp\/v2\/product"}],"about":[{"href":"https:\/\/www.moskito.cz\/fr\/wp-json\/wp\/v2\/types\/product"}],"replies":[{"embeddable":true,"href":"https:\/\/www.moskito.cz\/fr\/wp-json\/wp\/v2\/comments?post=344997"}],"wp:featuredmedia":[{"embeddable":true,"href":"https:\/\/www.moskito.cz\/fr\/wp-json\/wp\/v2\/media\/168031"}],"wp:attachment":[{"href":"https:\/\/www.moskito.cz\/fr\/wp-json\/wp\/v2\/media?parent=344997"}],"wp:term":[{"taxonomy":"pwb-brand","embeddable":true,"href":"https:\/\/www.moskito.cz\/fr\/wp-json\/wp\/v2\/pwb-brand?post=344997"},{"taxonomy":"product_brand","embeddable":true,"href":"https:\/\/www.moskito.cz\/fr\/wp-json\/wp\/v2\/product_brand?post=344997"},{"taxonomy":"product_cat","embeddable":true,"href":"https:\/\/www.moskito.cz\/fr\/wp-json\/wp\/v2\/product_cat?post=344997"},{"taxonomy":"product_tag","embeddable":true,"href":"https:\/\/www.moskito.cz\/fr\/wp-json\/wp\/v2\/product_tag?post=344997"}],"curies":[{"name":"wp","href":"https:\/\/api.w.org\/{rel}","templated":true}]}}