{"id":345017,"date":"2024-06-17T15:37:10","date_gmt":"2024-06-17T14:39:32","guid":{"rendered":"https:\/\/www.moskito.cz\/produkt\/couteau-pliant-cold-steel-engage-tanto-2\/"},"modified":"2025-05-07T11:17:33","modified_gmt":"2025-05-07T10:17:33","slug":"couteau-pliant-cold-steel-engage-tanto-2","status":"publish","type":"product","link":"https:\/\/www.moskito.cz\/fr\/produkt\/couteau-pliant-cold-steel-engage-tanto-2\/","title":{"rendered":"Couteau pliant Cold Steel ENGAGE TANTO"},"content":{"rendered":"<p>Couteau pliant <strong>Cold Steel<\/strong> ENGAGE TANTO.<\/p>\n<p>Con\u00e7u pour un usage quotidien en toute confiance, l&rsquo;Engage est un dossier riche en fonctionnalit\u00e9s fabriqu\u00e9 en acier inoxydable 4116 de 3 pouces, durable et facile \u00e0 meuler. Gr\u00e2ce au verrou coulissant Atlas\u2122 brevet\u00e9 de Cold Steel, qui garantit une fermeture solide et fiable, il est enti\u00e8rement r\u00e9versible et enti\u00e8rement capable d&rsquo;accomplir n&rsquo;importe quelle t\u00e2che quotidienne. La poign\u00e9e GFN facile \u00e0 saisir est reconstruite pour durer des ann\u00e9es d&rsquo;utilisation et est disponible dans un choix de trois couleurs. Il existe deux options de forme de lame : tanto et. point de d\u00e9coupage.<\/p>\n<p>Disponibles dans une large gamme d&rsquo;aciers et de formes de lame \u2013 et \u00e0 diff\u00e9rents niveaux de prix \u2013 les nouveaux couteaux Engage de Cold Steel sont destin\u00e9s \u00e0 devenir des stars du transport quotidien. Enti\u00e8rement ambidextres, ces couteaux EDC haut de gamme sont con\u00e7us pour g\u00e9rer toutes les occasions en toute confiance, dot\u00e9s d&rsquo;une glissi\u00e8re Atlas\u2122 Lock brevet\u00e9e qui offre un verrouillage durable, solide et fiable.<\/p>\n<p>Poids : 97g<br \/>\nTaille totale : 18,5 cm<br \/>\nLongueur de la lame : 7,9 cm<br \/>\n\u00c9paisseur de la lame : 0,25 cm<br \/>\nTaille de la t\u00eate<br \/>\nAcier&nbsp;:&nbsp;4116SS<br \/>\nLongueur du manche : 10,6 cm<br \/>\nMat\u00e9riau du manche : FGN<\/p>\n<p><iframe title=\"Cold Steel&#039;s Atlas Lock Test featuring the  new Engage 3.5&quot;\" width=\"800\" height=\"450\" src=\"https:\/\/www.youtube.com\/embed\/nh_7tHY8Ypw?feature=oembed\" frameborder=\"0\" allow=\"accelerometer; autoplay; clipboard-write; encrypted-media; gyroscope; picture-in-picture; web-share\" referrerpolicy=\"strict-origin-when-cross-origin\" allowfullscreen><\/iframe><\/p>\n<p>&nbsp;<\/p>\n","protected":false},"excerpt":{"rendered":"<p><strong>Disponibles dans une large gamme d&rsquo;aciers et de formes de lame \u2013 et \u00e0 diff\u00e9rents niveaux de prix \u2013 les nouveaux couteaux Engage de Cold Steel sont destin\u00e9s \u00e0 devenir des stars du transport quotidien.<\/strong><\/p>\n","protected":false},"featured_media":345002,"comment_status":"open","ping_status":"closed","template":"","meta":[],"pwb-brand":[3789],"product_brand":[],"product_cat":[3700,3696],"product_tag":[3754],"class_list":{"0":"post-345017","1":"product","2":"type-product","3":"status-publish","4":"has-post-thumbnail","6":"pwb-brand-acier-froid","7":"product_cat-couteaux-de-fermeture","8":"product_cat-des-couteaux","9":"product_tag-b2b-fr","11":"first","12":"instock","13":"taxable","14":"shipping-taxable","15":"purchasable","16":"product-type-simple"},"brands":[{"id":3789,"name":"Acier froid","slug":"acier-froid"}],"_links":{"self":[{"href":"https:\/\/www.moskito.cz\/fr\/wp-json\/wp\/v2\/product\/345017","targetHints":{"allow":["GET"]}}],"collection":[{"href":"https:\/\/www.moskito.cz\/fr\/wp-json\/wp\/v2\/product"}],"about":[{"href":"https:\/\/www.moskito.cz\/fr\/wp-json\/wp\/v2\/types\/product"}],"replies":[{"embeddable":true,"href":"https:\/\/www.moskito.cz\/fr\/wp-json\/wp\/v2\/comments?post=345017"}],"wp:featuredmedia":[{"embeddable":true,"href":"https:\/\/www.moskito.cz\/fr\/wp-json\/wp\/v2\/media\/345002"}],"wp:attachment":[{"href":"https:\/\/www.moskito.cz\/fr\/wp-json\/wp\/v2\/media?parent=345017"}],"wp:term":[{"taxonomy":"pwb-brand","embeddable":true,"href":"https:\/\/www.moskito.cz\/fr\/wp-json\/wp\/v2\/pwb-brand?post=345017"},{"taxonomy":"product_brand","embeddable":true,"href":"https:\/\/www.moskito.cz\/fr\/wp-json\/wp\/v2\/product_brand?post=345017"},{"taxonomy":"product_cat","embeddable":true,"href":"https:\/\/www.moskito.cz\/fr\/wp-json\/wp\/v2\/product_cat?post=345017"},{"taxonomy":"product_tag","embeddable":true,"href":"https:\/\/www.moskito.cz\/fr\/wp-json\/wp\/v2\/product_tag?post=345017"}],"curies":[{"name":"wp","href":"https:\/\/api.w.org\/{rel}","templated":true}]}}