{"id":345097,"date":"2019-09-18T17:17:59","date_gmt":"2024-06-18T07:11:30","guid":{"rendered":"https:\/\/www.moskito.cz\/produkt\/rambo-premier-sang-partie-ii-rb9295\/"},"modified":"2025-11-18T13:21:17","modified_gmt":"2025-11-18T12:21:17","slug":"rambo-premier-sang-partie-ii-rb9295","status":"publish","type":"product","link":"https:\/\/www.moskito.cz\/fr\/produkt\/rambo-premier-sang-partie-ii-rb9295\/","title":{"rendered":"Rambo Premier Sang Partie II RB9295"},"content":{"rendered":"<p>Couteau <strong>Rambo<\/strong> First Blood Part II RB9295.<\/p>\n<p>Couteau signature.<br \/>\nCouteau Rambo sous licence officielle. Cette r\u00e9plique est fabriqu\u00e9e \u00e0 partir des meilleurs mat\u00e9riaux disponibles et est une r\u00e9plique exacte de celle utilis\u00e9e par John Rambo alias Silvester Stallone dans le dernier opus de la s\u00e9rie Rambo. La longueur du couteau est de 38 cm, la lame est en acier inoxydable 420 avec une finition mate et le manche est envelopp\u00e9 d&rsquo;un cordon en nylon. La r\u00e9plique dispose \u00e9galement de deux taille-crayons et est livr\u00e9e avec un fourreau en cuir de buffle de haute qualit\u00e9.<br \/>\nCette r\u00e9plique pr\u00e9sente une copie authentique de la signature de Sylvester Stallone et est \u00e9galement son produit officiel. Il s&rsquo;agit d&rsquo;une \u00e9dition strictement limit\u00e9e : 10 000 pi\u00e8ces. Chaque pi\u00e8ce poss\u00e8de son propre num\u00e9ro de s\u00e9rie.<\/p>\n<p>\u00c9dition. 14&Prime; au total. Lame en acier inoxydable au fini satin\u00e9 mat de 9&Prime; avec dos en scie. Poign\u00e9e creuse envelopp\u00e9e dans un lourd cordon en nylon vert OD. Embout en aluminium avec boussole de pr\u00e9cision. Kit de survie. Protection en acier inoxydable avec trous d&rsquo;arrimage et tournevis Phillips et standard int\u00e9gr\u00e9s. Gaine de ceinture en cuir pleine fleur avec attache de jambe. Reproduction sous licence officielle. \u00c9dition limit\u00e9e \u00e0 10 000 exemplaires.<\/p>\n<p><iframe title=\"The Rambo knives\" width=\"800\" height=\"450\" src=\"https:\/\/www.youtube.com\/embed\/GtN_772bV-o?feature=oembed\" frameborder=\"0\" allow=\"accelerometer; autoplay; clipboard-write; encrypted-media; gyroscope; picture-in-picture; web-share\" referrerpolicy=\"strict-origin-when-cross-origin\" allowfullscreen><\/iframe><\/p>\n<p>&nbsp;<\/p>\n","protected":false},"excerpt":{"rendered":"<p>Couteau <strong>Rambo<\/strong> sous licence officielle. Cette r\u00e9plique est fabriqu\u00e9e \u00e0 partir des meilleurs mat\u00e9riaux disponibles et est une r\u00e9plique exacte de celle utilis\u00e9e par John Rambo alias Silvester Stallone dans le dernier opus de la s\u00e9rie Rambo.<br \/>\n<strong>Transports gratuits.<\/strong><\/p>\n","protected":false},"featured_media":165497,"comment_status":"open","ping_status":"closed","template":"","meta":[],"pwb-brand":[3906],"product_brand":[],"product_cat":[3697,3696],"product_tag":[3754,3905],"class_list":{"0":"post-345097","1":"product","2":"type-product","3":"status-publish","4":"has-post-thumbnail","6":"pwb-brand-rambo-fr","7":"product_cat-couteaux-solides","8":"product_cat-des-couteaux","9":"product_tag-b2b-fr","10":"product_tag-couteau-rambo","12":"first","13":"outofstock","14":"taxable","15":"shipping-taxable","16":"purchasable","17":"product-type-simple"},"brands":[{"id":3906,"name":"Rambo","slug":"rambo-fr"}],"_links":{"self":[{"href":"https:\/\/www.moskito.cz\/fr\/wp-json\/wp\/v2\/product\/345097","targetHints":{"allow":["GET"]}}],"collection":[{"href":"https:\/\/www.moskito.cz\/fr\/wp-json\/wp\/v2\/product"}],"about":[{"href":"https:\/\/www.moskito.cz\/fr\/wp-json\/wp\/v2\/types\/product"}],"replies":[{"embeddable":true,"href":"https:\/\/www.moskito.cz\/fr\/wp-json\/wp\/v2\/comments?post=345097"}],"wp:featuredmedia":[{"embeddable":true,"href":"https:\/\/www.moskito.cz\/fr\/wp-json\/wp\/v2\/media\/165497"}],"wp:attachment":[{"href":"https:\/\/www.moskito.cz\/fr\/wp-json\/wp\/v2\/media?parent=345097"}],"wp:term":[{"taxonomy":"pwb-brand","embeddable":true,"href":"https:\/\/www.moskito.cz\/fr\/wp-json\/wp\/v2\/pwb-brand?post=345097"},{"taxonomy":"product_brand","embeddable":true,"href":"https:\/\/www.moskito.cz\/fr\/wp-json\/wp\/v2\/product_brand?post=345097"},{"taxonomy":"product_cat","embeddable":true,"href":"https:\/\/www.moskito.cz\/fr\/wp-json\/wp\/v2\/product_cat?post=345097"},{"taxonomy":"product_tag","embeddable":true,"href":"https:\/\/www.moskito.cz\/fr\/wp-json\/wp\/v2\/product_tag?post=345097"}],"curies":[{"name":"wp","href":"https:\/\/api.w.org\/{rel}","templated":true}]}}