{"id":345107,"date":"2020-01-10T14:33:00","date_gmt":"2020-01-10T13:33:00","guid":{"rendered":"https:\/\/www.moskito.cz\/produkt\/couteau-rambo-repare-last-blood-heartstopper\/"},"modified":"2025-07-11T07:50:26","modified_gmt":"2025-07-11T06:50:26","slug":"couteau-rambo-repare-last-blood-heartstopper","status":"publish","type":"product","link":"https:\/\/www.moskito.cz\/fr\/produkt\/couteau-rambo-repare-last-blood-heartstopper\/","title":{"rendered":"Couteau Rambo r\u00e9par\u00e9 Last Blood Heartstopper"},"content":{"rendered":"<p>Couteau fixe <strong>Rambo Last Blood<\/strong> Heartstopper.<\/p>\n<p><strong>\u00c9dition sous licence<\/strong> cr\u00e9\u00e9e \u00e0 l&rsquo;aide du couteau r\u00e9el utilis\u00e9 dans le film. Comprend un \u00e9tui \u00e0 couteau et un cordon en cuir de buffle marron.<br \/>\nLa longueur totale du couteau est de 37 cm. La longueur de la lame polie satin\u00e9e est de 22,5 cm.<\/p>\n<p><iframe title=\"The Rambo knives\" width=\"800\" height=\"450\" src=\"https:\/\/www.youtube.com\/embed\/GtN_772bV-o?feature=oembed\" frameborder=\"0\" allow=\"accelerometer; autoplay; clipboard-write; encrypted-media; gyroscope; picture-in-picture; web-share\" referrerpolicy=\"strict-origin-when-cross-origin\" allowfullscreen><\/iframe><\/p>\n<p>&nbsp;<\/p>\n","protected":false},"excerpt":{"rendered":"<p><strong>Une version sous licence du couteau Rambo cr\u00e9\u00e9e \u00e0 partir du couteau r\u00e9el utilis\u00e9 dans le film.<\/strong><br \/>\n<strong>Transports gratuits.<\/strong><\/p>\n","protected":false},"featured_media":176025,"comment_status":"open","ping_status":"closed","template":"","meta":[],"pwb-brand":[3906],"product_brand":[],"product_cat":[3697,3696],"product_tag":[3754],"class_list":{"0":"post-345107","1":"product","2":"type-product","3":"status-publish","4":"has-post-thumbnail","6":"pwb-brand-rambo-fr","7":"product_cat-couteaux-solides","8":"product_cat-des-couteaux","9":"product_tag-b2b-fr","11":"first","12":"instock","13":"taxable","14":"shipping-taxable","15":"purchasable","16":"product-type-simple"},"brands":[{"id":3906,"name":"Rambo","slug":"rambo-fr"}],"_links":{"self":[{"href":"https:\/\/www.moskito.cz\/fr\/wp-json\/wp\/v2\/product\/345107","targetHints":{"allow":["GET"]}}],"collection":[{"href":"https:\/\/www.moskito.cz\/fr\/wp-json\/wp\/v2\/product"}],"about":[{"href":"https:\/\/www.moskito.cz\/fr\/wp-json\/wp\/v2\/types\/product"}],"replies":[{"embeddable":true,"href":"https:\/\/www.moskito.cz\/fr\/wp-json\/wp\/v2\/comments?post=345107"}],"wp:featuredmedia":[{"embeddable":true,"href":"https:\/\/www.moskito.cz\/fr\/wp-json\/wp\/v2\/media\/176025"}],"wp:attachment":[{"href":"https:\/\/www.moskito.cz\/fr\/wp-json\/wp\/v2\/media?parent=345107"}],"wp:term":[{"taxonomy":"pwb-brand","embeddable":true,"href":"https:\/\/www.moskito.cz\/fr\/wp-json\/wp\/v2\/pwb-brand?post=345107"},{"taxonomy":"product_brand","embeddable":true,"href":"https:\/\/www.moskito.cz\/fr\/wp-json\/wp\/v2\/product_brand?post=345107"},{"taxonomy":"product_cat","embeddable":true,"href":"https:\/\/www.moskito.cz\/fr\/wp-json\/wp\/v2\/product_cat?post=345107"},{"taxonomy":"product_tag","embeddable":true,"href":"https:\/\/www.moskito.cz\/fr\/wp-json\/wp\/v2\/product_tag?post=345107"}],"curies":[{"name":"wp","href":"https:\/\/api.w.org\/{rel}","templated":true}]}}