{"id":345113,"date":"2019-09-18T18:34:51","date_gmt":"2019-09-18T17:34:51","guid":{"rendered":"https:\/\/www.moskito.cz\/produkt\/rambo-iii-stallone-signature-rb9297\/"},"modified":"2025-07-11T07:49:57","modified_gmt":"2025-07-11T06:49:57","slug":"rambo-iii-stallone-signature-rb9297","status":"publish","type":"product","link":"https:\/\/www.moskito.cz\/fr\/produkt\/rambo-iii-stallone-signature-rb9297\/","title":{"rendered":"Rambo III Stallone Signature RB9297"},"content":{"rendered":"<p><strong>Rambo<\/strong> III Stallone Signature RB9297<\/p>\n<p>R\u00e9plique enti\u00e8rement authentique sous licence officielle du couteau l\u00e9gendaire de John Rambo alias <strong>Sylvester Stallone<\/strong> du film Rambo 3. La longueur totale du couteau est de 46 cm, la lame est en acier inoxydable 420. Le manche du couteau est en bois stratifi\u00e9 de qualit\u00e9. Le forfait comprend \u00e9galement un \u00e9tui en cuir de qualit\u00e9.<\/p>\n<p>\u00c9dition. 18&Prime; au total. Grande lame bowie en acier inoxydable personnalis\u00e9e de 13&Prime; avec fente de vis\u00e9e anti-\u00e9blouissante. Poign\u00e9es en bois dur lamin\u00e9 avec protection et pommeau en acier inoxydable. Cordon cordon noir. Gaine en cuir pleine fleur avec attache de jambe. Reproduction sous licence officielle. \u00c9dition limit\u00e9e \u00e0 10 000 exemplaires.<\/p>\n<p><iframe title=\"The Rambo knives\" width=\"800\" height=\"450\" src=\"https:\/\/www.youtube.com\/embed\/GtN_772bV-o?feature=oembed\" frameborder=\"0\" allow=\"accelerometer; autoplay; clipboard-write; encrypted-media; gyroscope; picture-in-picture; web-share\" referrerpolicy=\"strict-origin-when-cross-origin\" allowfullscreen><\/iframe><\/p>\n<p>&nbsp;<\/p>\n<p>&nbsp;<\/p>\n","protected":false},"excerpt":{"rendered":"<p>Couteau <strong>Rambo<\/strong> avec \u00e9tui.<\/p>\n","protected":false},"featured_media":166435,"comment_status":"open","ping_status":"closed","template":"","meta":[],"pwb-brand":[3906],"product_brand":[],"product_cat":[3697,3696],"product_tag":[3754],"class_list":{"0":"post-345113","1":"product","2":"type-product","3":"status-publish","4":"has-post-thumbnail","6":"pwb-brand-rambo-fr","7":"product_cat-couteaux-solides","8":"product_cat-des-couteaux","9":"product_tag-b2b-fr","11":"first","12":"outofstock","13":"taxable","14":"shipping-taxable","15":"purchasable","16":"product-type-simple"},"brands":[{"id":3906,"name":"Rambo","slug":"rambo-fr"}],"_links":{"self":[{"href":"https:\/\/www.moskito.cz\/fr\/wp-json\/wp\/v2\/product\/345113","targetHints":{"allow":["GET"]}}],"collection":[{"href":"https:\/\/www.moskito.cz\/fr\/wp-json\/wp\/v2\/product"}],"about":[{"href":"https:\/\/www.moskito.cz\/fr\/wp-json\/wp\/v2\/types\/product"}],"replies":[{"embeddable":true,"href":"https:\/\/www.moskito.cz\/fr\/wp-json\/wp\/v2\/comments?post=345113"}],"wp:featuredmedia":[{"embeddable":true,"href":"https:\/\/www.moskito.cz\/fr\/wp-json\/wp\/v2\/media\/166435"}],"wp:attachment":[{"href":"https:\/\/www.moskito.cz\/fr\/wp-json\/wp\/v2\/media?parent=345113"}],"wp:term":[{"taxonomy":"pwb-brand","embeddable":true,"href":"https:\/\/www.moskito.cz\/fr\/wp-json\/wp\/v2\/pwb-brand?post=345113"},{"taxonomy":"product_brand","embeddable":true,"href":"https:\/\/www.moskito.cz\/fr\/wp-json\/wp\/v2\/product_brand?post=345113"},{"taxonomy":"product_cat","embeddable":true,"href":"https:\/\/www.moskito.cz\/fr\/wp-json\/wp\/v2\/product_cat?post=345113"},{"taxonomy":"product_tag","embeddable":true,"href":"https:\/\/www.moskito.cz\/fr\/wp-json\/wp\/v2\/product_tag?post=345113"}],"curies":[{"name":"wp","href":"https:\/\/api.w.org\/{rel}","templated":true}]}}