{"id":345134,"date":"2024-06-18T10:21:10","date_gmt":"2024-06-18T09:43:48","guid":{"rendered":"https:\/\/www.moskito.cz\/produkt\/couteau-de-fermeture-cold-steel-pro-lite-clip-point\/"},"modified":"2025-05-07T11:17:39","modified_gmt":"2025-05-07T10:17:39","slug":"couteau-de-fermeture-cold-steel-pro-lite-clip-point","status":"publish","type":"product","link":"https:\/\/www.moskito.cz\/fr\/produkt\/couteau-de-fermeture-cold-steel-pro-lite-clip-point\/","title":{"rendered":"Couteau de fermeture Cold Steel PRO LITE CLIP POINT"},"content":{"rendered":"<p>Couteau de fermeture <strong>Cold Steel<\/strong> PRO LITE CLIP POINT.<\/p>\n<p>Notre objectif en cr\u00e9ant la s\u00e9rie Pro Lite \u00e9tait de fournir un couteau pliant durable avec la r\u00e9sistance et la durabilit\u00e9 sup\u00e9rieures attendues du Cold Steel \u00e0 un prix abordable. Con\u00e7u par le c\u00e9l\u00e8bre coutelier Andrew Demke, le Pro Lite est dot\u00e9 d&rsquo;une lame allemande en acier inoxydable 4116 cryo-durci avec une finition d\u00e9lav\u00e9e durable et un profil de clip classique. Notre m\u00e9canisme de verrouillage Tri-Ad durable garantit un verrouillage s\u00e9curis\u00e9. La poign\u00e9e textur\u00e9e est faite de nylon textur\u00e9 charg\u00e9 de verre et poss\u00e8de un clip de poche en acier inoxydable qui peut \u00eatre transport\u00e9 de mani\u00e8re ambidextre avec la main gauche ou droite pli\u00e9e.<\/p>\n<p>Poids : 93g<br \/>\nTaille totale : 20,3 cm<br \/>\nLongueur de la lame : 8,9 cm<br \/>\n\u00c9paisseur de la lame : 0,3 cm<br \/>\nAcier&nbsp;:&nbsp;4116SS<br \/>\nLongueur du manche : 11,4 cm<br \/>\nMat\u00e9riau du manche : GFN long<\/p>\n","protected":false},"excerpt":{"rendered":"<p><strong>Le petit couteau pliant Pro Lite est un couteau pour un usage quotidien dot\u00e9 d&rsquo;une excellente durabilit\u00e9 et solidit\u00e9.<\/strong><\/p>\n","protected":false},"featured_media":345125,"comment_status":"open","ping_status":"closed","template":"","meta":[],"pwb-brand":[3789],"product_brand":[],"product_cat":[3700,3696],"product_tag":[3754],"class_list":{"0":"post-345134","1":"product","2":"type-product","3":"status-publish","4":"has-post-thumbnail","6":"pwb-brand-acier-froid","7":"product_cat-couteaux-de-fermeture","8":"product_cat-des-couteaux","9":"product_tag-b2b-fr","11":"first","12":"instock","13":"taxable","14":"shipping-taxable","15":"purchasable","16":"product-type-simple"},"brands":[{"id":3789,"name":"Acier froid","slug":"acier-froid"}],"_links":{"self":[{"href":"https:\/\/www.moskito.cz\/fr\/wp-json\/wp\/v2\/product\/345134","targetHints":{"allow":["GET"]}}],"collection":[{"href":"https:\/\/www.moskito.cz\/fr\/wp-json\/wp\/v2\/product"}],"about":[{"href":"https:\/\/www.moskito.cz\/fr\/wp-json\/wp\/v2\/types\/product"}],"replies":[{"embeddable":true,"href":"https:\/\/www.moskito.cz\/fr\/wp-json\/wp\/v2\/comments?post=345134"}],"wp:featuredmedia":[{"embeddable":true,"href":"https:\/\/www.moskito.cz\/fr\/wp-json\/wp\/v2\/media\/345125"}],"wp:attachment":[{"href":"https:\/\/www.moskito.cz\/fr\/wp-json\/wp\/v2\/media?parent=345134"}],"wp:term":[{"taxonomy":"pwb-brand","embeddable":true,"href":"https:\/\/www.moskito.cz\/fr\/wp-json\/wp\/v2\/pwb-brand?post=345134"},{"taxonomy":"product_brand","embeddable":true,"href":"https:\/\/www.moskito.cz\/fr\/wp-json\/wp\/v2\/product_brand?post=345134"},{"taxonomy":"product_cat","embeddable":true,"href":"https:\/\/www.moskito.cz\/fr\/wp-json\/wp\/v2\/product_cat?post=345134"},{"taxonomy":"product_tag","embeddable":true,"href":"https:\/\/www.moskito.cz\/fr\/wp-json\/wp\/v2\/product_tag?post=345134"}],"curies":[{"name":"wp","href":"https:\/\/api.w.org\/{rel}","templated":true}]}}