{"id":345155,"date":"2024-06-18T10:49:43","date_gmt":"2024-06-18T09:51:20","guid":{"rendered":"https:\/\/www.moskito.cz\/produkt\/lancer-une-mini-torpedo-cold-steel\/"},"modified":"2025-05-07T11:17:40","modified_gmt":"2025-05-07T10:17:40","slug":"lancer-une-mini-torpedo-cold-steel","status":"publish","type":"product","link":"https:\/\/www.moskito.cz\/fr\/produkt\/lancer-une-mini-torpedo-cold-steel\/","title":{"rendered":"Lancer une MINI TORPEDO Cold Steel"},"content":{"rendered":"<p>Lancer de MINI TORPEDO <strong>Cold Steel.<\/strong><\/p>\n<p>Un favori parmi les lanceurs sportifs et les amateurs, le Torpedo est rest\u00e9 un \u00e9l\u00e9ment pr\u00e9f\u00e9r\u00e9 de notre gamme depuis de nombreuses ann\u00e9es, et pour cause ! Les torpilles Cold Steel sont tr\u00e8s amusantes \u00e0 lancer sur une cible, \u00e0 chasser et m\u00eame \u00e0 se d\u00e9fendre et sont maintenant disponibles en deux tailles&nbsp;; le Torpedo original et le nouveau Mini Torpedo ! Les pointes \u00e0 double biseau glissent sans effort hors de la main pour un d\u00e9gagement ultime et offrent deux fois le potentiel de pr\u00e9hension d&rsquo;un couteau de lancer classique. Plus lourd, 2 livres. La version vous permet de vous tenir loin de la cible (15 m\u00e8tres ou plus) et de la lancer avec une puissance surprenante, et la version plus petite et plus l\u00e9g\u00e8re peut \u00eatre lanc\u00e9e encore plus loin et est beaucoup plus facile \u00e0 transporter car elle fait la moiti\u00e9 de sa taille. masse. Les deux frappent avec une force terrifiante et sont tr\u00e8s efficaces.<\/p>\n<p><iframe title=\"COLD STEEL&#039;S TORPEDO\" width=\"800\" height=\"450\" src=\"https:\/\/www.youtube.com\/embed\/EXYMN448_60?feature=oembed\" frameborder=\"0\" allow=\"accelerometer; autoplay; clipboard-write; encrypted-media; gyroscope; picture-in-picture; web-share\" referrerpolicy=\"strict-origin-when-cross-origin\" allowfullscreen><\/iframe><\/p>\n<p>&nbsp;<\/p>\n","protected":false},"excerpt":{"rendered":"<p><strong>La Mini Torpedo de Cold Steel est exclusivement une arme de lancer.<\/strong><\/p>\n","protected":false},"featured_media":345141,"comment_status":"open","ping_status":"closed","template":"","meta":[],"pwb-brand":[3789],"product_brand":[],"product_cat":[3696,3698],"product_tag":[3754],"class_list":{"0":"post-345155","1":"product","2":"type-product","3":"status-publish","4":"has-post-thumbnail","6":"pwb-brand-acier-froid","7":"product_cat-des-couteaux","8":"product_cat-lancer-des-couteaux","9":"product_tag-b2b-fr","11":"first","12":"outofstock","13":"taxable","14":"shipping-taxable","15":"purchasable","16":"product-type-simple"},"brands":[{"id":3789,"name":"Acier froid","slug":"acier-froid"}],"_links":{"self":[{"href":"https:\/\/www.moskito.cz\/fr\/wp-json\/wp\/v2\/product\/345155","targetHints":{"allow":["GET"]}}],"collection":[{"href":"https:\/\/www.moskito.cz\/fr\/wp-json\/wp\/v2\/product"}],"about":[{"href":"https:\/\/www.moskito.cz\/fr\/wp-json\/wp\/v2\/types\/product"}],"replies":[{"embeddable":true,"href":"https:\/\/www.moskito.cz\/fr\/wp-json\/wp\/v2\/comments?post=345155"}],"wp:featuredmedia":[{"embeddable":true,"href":"https:\/\/www.moskito.cz\/fr\/wp-json\/wp\/v2\/media\/345141"}],"wp:attachment":[{"href":"https:\/\/www.moskito.cz\/fr\/wp-json\/wp\/v2\/media?parent=345155"}],"wp:term":[{"taxonomy":"pwb-brand","embeddable":true,"href":"https:\/\/www.moskito.cz\/fr\/wp-json\/wp\/v2\/pwb-brand?post=345155"},{"taxonomy":"product_brand","embeddable":true,"href":"https:\/\/www.moskito.cz\/fr\/wp-json\/wp\/v2\/product_brand?post=345155"},{"taxonomy":"product_cat","embeddable":true,"href":"https:\/\/www.moskito.cz\/fr\/wp-json\/wp\/v2\/product_cat?post=345155"},{"taxonomy":"product_tag","embeddable":true,"href":"https:\/\/www.moskito.cz\/fr\/wp-json\/wp\/v2\/product_tag?post=345155"}],"curies":[{"name":"wp","href":"https:\/\/api.w.org\/{rel}","templated":true}]}}